{"id":54706,"date":"2025-05-20T19:34:03","date_gmt":"2025-05-21T00:34:03","guid":{"rendered":"https:\/\/www.basler.com\/verificacao-de-conta\/"},"modified":"2025-09-12T13:08:25","modified_gmt":"2025-09-12T18:08:25","slug":"verificacao-de-conta","status":"publish","type":"page","link":"https:\/\/www.baslerservices.com\/pt-br\/verificacao-de-conta\/","title":{"rendered":"Verifica\u00e7\u00e3o de conta"},"content":{"rendered":"<section  data-block-id=\"hammer_block_2b10aabfdd9f8f9a4bee5ec517f26ee5\" data-block=\"user-verification\" class=\"block block-user-verification user-verification spacing-top-default spacing-bottom-default\">    <div class=\"wrapper\">\n                    <div class=\"headline-wrapper\">\n                <h2 id=\"hammer_component_69d08d000be31\" data-component=\"headline\" class=\"component component-headline headline style-default\">Verifica&ccedil;&atilde;o de conta<\/h2>\n            <\/div>\n        \n        \t\t\t<div id=\"hammer_component_69d08d000bf86\" data-component=\"rich-text\" class=\"component component-rich-text rich-text\"><p>O c&oacute;digo de verifica&ccedil;&atilde;o n&atilde;o p&ocirc;de ser encontrado. V&aacute; para a p&aacute;gina Minha conta para garantir que voc&ecirc; ainda n&atilde;o tenha verificado seu endere&ccedil;o de e-mail. Se n&atilde;o houver um aviso presente, seu e-mail foi verificado. Se o aviso estiver presente, voc&ecirc; poder&aacute; solicitar um novo c&oacute;digo de verifica&ccedil;&atilde;o.   <\/p>\n<\/div>\n            <\/div>\n    <\/section>","protected":false},"excerpt":{"rendered":"","protected":false},"author":1,"featured_media":0,"parent":0,"menu_order":0,"comment_status":"closed","ping_status":"closed","template":"","meta":{"_acf_changed":false,"content-type":"","inline_featured_image":false,"ep_exclude_from_search":false,"footnotes":""},"class_list":["post-54706","page","type-page","status-publish","hentry"],"acf":[],"yoast_head":"<!-- This site is optimized with the Yoast SEO plugin v26.3 - https:\/\/yoast.com\/wordpress\/plugins\/seo\/ -->\n<title>Verifica\u00e7\u00e3o de conta | Basler Electric<\/title>\n<meta name=\"description\" content=\"Realize a verifica\u00e7\u00e3o de conta de forma r\u00e1pida e segura. Garanta a prote\u00e7\u00e3o das suas informa\u00e7\u00f5es e acesse todos os recursos dispon\u00edveis agora mesmo!\" \/>\n<meta name=\"robots\" content=\"index, follow, max-snippet:-1, max-image-preview:large, max-video-preview:-1\" \/>\n<link rel=\"canonical\" href=\"https:\/\/www.baslerservices.com\/pt-br\/verificacao-de-conta\/\" \/>\n<meta property=\"og:locale\" content=\"pt_BR\" \/>\n<meta property=\"og:type\" content=\"article\" \/>\n<meta property=\"og:title\" content=\"Verifica\u00e7\u00e3o de conta | Basler Electric\" \/>\n<meta property=\"og:description\" content=\"Realize a verifica\u00e7\u00e3o de conta de forma r\u00e1pida e segura. Garanta a prote\u00e7\u00e3o das suas informa\u00e7\u00f5es e acesse todos os recursos dispon\u00edveis agora mesmo!\" \/>\n<meta property=\"og:url\" content=\"https:\/\/www.baslerservices.com\/pt-br\/verificacao-de-conta\/\" \/>\n<meta property=\"og:site_name\" content=\"Basler Electric\" \/>\n<meta property=\"article:modified_time\" content=\"2025-09-12T18:08:25+00:00\" \/>\n<meta property=\"og:image\" content=\"https:\/\/www.baslerservices.com\/wp-content\/uploads\/2025\/07\/Basler-Default-Image.jpg\" \/>\n\t<meta property=\"og:image:width\" content=\"1920\" \/>\n\t<meta property=\"og:image:height\" content=\"1080\" \/>\n\t<meta property=\"og:image:type\" content=\"image\/jpeg\" \/>\n<meta name=\"twitter:card\" content=\"summary_large_image\" \/>\n<script type=\"application\/ld+json\" class=\"yoast-schema-graph\">{\"@context\":\"https:\/\/schema.org\",\"@graph\":[{\"@type\":\"WebPage\",\"@id\":\"https:\/\/www.baslerservices.com\/pt-br\/verificacao-de-conta\/\",\"url\":\"https:\/\/www.baslerservices.com\/pt-br\/verificacao-de-conta\/\",\"name\":\"Verifica\u00e7\u00e3o de conta | Basler Electric\",\"isPartOf\":{\"@id\":\"https:\/\/catalog.basler.com\/pt-br\/#website\"},\"datePublished\":\"2025-05-21T00:34:03+00:00\",\"dateModified\":\"2025-09-12T18:08:25+00:00\",\"description\":\"Realize a verifica\u00e7\u00e3o de conta de forma r\u00e1pida e segura. Garanta a prote\u00e7\u00e3o das suas informa\u00e7\u00f5es e acesse todos os recursos dispon\u00edveis agora mesmo!\",\"breadcrumb\":{\"@id\":\"https:\/\/www.baslerservices.com\/pt-br\/verificacao-de-conta\/#breadcrumb\"},\"inLanguage\":\"pt-BR\",\"potentialAction\":[{\"@type\":\"ReadAction\",\"target\":[\"https:\/\/www.baslerservices.com\/pt-br\/verificacao-de-conta\/\"]}]},{\"@type\":\"BreadcrumbList\",\"@id\":\"https:\/\/www.baslerservices.com\/pt-br\/verificacao-de-conta\/#breadcrumb\",\"itemListElement\":[{\"@type\":\"ListItem\",\"position\":1,\"name\":\"Home\",\"item\":\"https:\/\/www.bestsoftwaredepot.com\/pt-br\/\"},{\"@type\":\"ListItem\",\"position\":2,\"name\":\"Verifica\u00e7\u00e3o de conta\"}]},{\"@type\":\"WebSite\",\"@id\":\"https:\/\/catalog.basler.com\/pt-br\/#website\",\"url\":\"https:\/\/catalog.basler.com\/pt-br\/\",\"name\":\"Basler Electric\",\"description\":\"\",\"publisher\":{\"@id\":\"https:\/\/catalog.basler.com\/pt-br\/#organization\"},\"potentialAction\":[{\"@type\":\"SearchAction\",\"target\":{\"@type\":\"EntryPoint\",\"urlTemplate\":\"https:\/\/catalog.basler.com\/pt-br\/?s={search_term_string}\"},\"query-input\":{\"@type\":\"PropertyValueSpecification\",\"valueRequired\":true,\"valueName\":\"search_term_string\"}}],\"inLanguage\":\"pt-BR\"},{\"@type\":\"Organization\",\"@id\":\"https:\/\/catalog.basler.com\/pt-br\/#organization\",\"name\":\"Basler Electric\",\"url\":\"https:\/\/catalog.basler.com\/pt-br\/\",\"logo\":{\"@type\":\"ImageObject\",\"inLanguage\":\"pt-BR\",\"@id\":\"https:\/\/catalog.basler.com\/pt-br\/#\/schema\/logo\/image\/\",\"url\":\"https:\/\/www.basler.com\/wp-content\/uploads\/2025\/10\/Basler-Logo-Favicon.png\",\"contentUrl\":\"https:\/\/www.basler.com\/wp-content\/uploads\/2025\/10\/Basler-Logo-Favicon.png\",\"width\":512,\"height\":512,\"caption\":\"Basler Electric\"},\"image\":{\"@id\":\"https:\/\/catalog.basler.com\/pt-br\/#\/schema\/logo\/image\/\"}}]}<\/script>\n<!-- \/ Yoast SEO plugin. -->","yoast_head_json":{"title":"Verifica\u00e7\u00e3o de conta | Basler Electric","description":"Realize a verifica\u00e7\u00e3o de conta de forma r\u00e1pida e segura. Garanta a prote\u00e7\u00e3o das suas informa\u00e7\u00f5es e acesse todos os recursos dispon\u00edveis agora mesmo!","robots":{"index":"index","follow":"follow","max-snippet":"max-snippet:-1","max-image-preview":"max-image-preview:large","max-video-preview":"max-video-preview:-1"},"canonical":"https:\/\/www.baslerservices.com\/pt-br\/verificacao-de-conta\/","og_locale":"pt_BR","og_type":"article","og_title":"Verifica\u00e7\u00e3o de conta | Basler Electric","og_description":"Realize a verifica\u00e7\u00e3o de conta de forma r\u00e1pida e segura. Garanta a prote\u00e7\u00e3o das suas informa\u00e7\u00f5es e acesse todos os recursos dispon\u00edveis agora mesmo!","og_url":"https:\/\/www.baslerservices.com\/pt-br\/verificacao-de-conta\/","og_site_name":"Basler Electric","article_modified_time":"2025-09-12T18:08:25+00:00","og_image":[{"width":1920,"height":1080,"url":"https:\/\/www.baslerservices.com\/wp-content\/uploads\/2025\/07\/Basler-Default-Image.jpg","type":"image\/jpeg"}],"twitter_card":"summary_large_image","schema":{"@context":"https:\/\/schema.org","@graph":[{"@type":"WebPage","@id":"https:\/\/www.baslerservices.com\/pt-br\/verificacao-de-conta\/","url":"https:\/\/www.baslerservices.com\/pt-br\/verificacao-de-conta\/","name":"Verifica\u00e7\u00e3o de conta | Basler Electric","isPartOf":{"@id":"https:\/\/catalog.basler.com\/pt-br\/#website"},"datePublished":"2025-05-21T00:34:03+00:00","dateModified":"2025-09-12T18:08:25+00:00","description":"Realize a verifica\u00e7\u00e3o de conta de forma r\u00e1pida e segura. Garanta a prote\u00e7\u00e3o das suas informa\u00e7\u00f5es e acesse todos os recursos dispon\u00edveis agora mesmo!","breadcrumb":{"@id":"https:\/\/www.baslerservices.com\/pt-br\/verificacao-de-conta\/#breadcrumb"},"inLanguage":"pt-BR","potentialAction":[{"@type":"ReadAction","target":["https:\/\/www.baslerservices.com\/pt-br\/verificacao-de-conta\/"]}]},{"@type":"BreadcrumbList","@id":"https:\/\/www.baslerservices.com\/pt-br\/verificacao-de-conta\/#breadcrumb","itemListElement":[{"@type":"ListItem","position":1,"name":"Home","item":"https:\/\/www.bestsoftwaredepot.com\/pt-br\/"},{"@type":"ListItem","position":2,"name":"Verifica\u00e7\u00e3o de conta"}]},{"@type":"WebSite","@id":"https:\/\/catalog.basler.com\/pt-br\/#website","url":"https:\/\/catalog.basler.com\/pt-br\/","name":"Basler Electric","description":"","publisher":{"@id":"https:\/\/catalog.basler.com\/pt-br\/#organization"},"potentialAction":[{"@type":"SearchAction","target":{"@type":"EntryPoint","urlTemplate":"https:\/\/catalog.basler.com\/pt-br\/?s={search_term_string}"},"query-input":{"@type":"PropertyValueSpecification","valueRequired":true,"valueName":"search_term_string"}}],"inLanguage":"pt-BR"},{"@type":"Organization","@id":"https:\/\/catalog.basler.com\/pt-br\/#organization","name":"Basler Electric","url":"https:\/\/catalog.basler.com\/pt-br\/","logo":{"@type":"ImageObject","inLanguage":"pt-BR","@id":"https:\/\/catalog.basler.com\/pt-br\/#\/schema\/logo\/image\/","url":"https:\/\/www.basler.com\/wp-content\/uploads\/2025\/10\/Basler-Logo-Favicon.png","contentUrl":"https:\/\/www.basler.com\/wp-content\/uploads\/2025\/10\/Basler-Logo-Favicon.png","width":512,"height":512,"caption":"Basler Electric"},"image":{"@id":"https:\/\/catalog.basler.com\/pt-br\/#\/schema\/logo\/image\/"}}]}},"_links":{"self":[{"href":"https:\/\/www.baslerservices.com\/pt-br\/wp-json\/wp\/v2\/pages\/54706","targetHints":{"allow":["GET"]}}],"collection":[{"href":"https:\/\/www.baslerservices.com\/pt-br\/wp-json\/wp\/v2\/pages"}],"about":[{"href":"https:\/\/www.baslerservices.com\/pt-br\/wp-json\/wp\/v2\/types\/page"}],"author":[{"embeddable":true,"href":"https:\/\/www.baslerservices.com\/pt-br\/wp-json\/wp\/v2\/users\/1"}],"replies":[{"embeddable":true,"href":"https:\/\/www.baslerservices.com\/pt-br\/wp-json\/wp\/v2\/comments?post=54706"}],"version-history":[{"count":1,"href":"https:\/\/www.baslerservices.com\/pt-br\/wp-json\/wp\/v2\/pages\/54706\/revisions"}],"predecessor-version":[{"id":54708,"href":"https:\/\/www.baslerservices.com\/pt-br\/wp-json\/wp\/v2\/pages\/54706\/revisions\/54708"}],"wp:attachment":[{"href":"https:\/\/www.baslerservices.com\/pt-br\/wp-json\/wp\/v2\/media?parent=54706"}],"curies":[{"name":"wp","href":"https:\/\/api.w.org\/{rel}","templated":true}]}}