{"id":54459,"date":"2024-10-08T01:24:37","date_gmt":"2024-10-08T06:24:37","guid":{"rendered":"https:\/\/www.basler.com\/404-pagina-nao-encontrada\/"},"modified":"2025-09-12T12:50:08","modified_gmt":"2025-09-12T17:50:08","slug":"404-pagina-nao-encontrada","status":"publish","type":"page","link":"https:\/\/www.baslerservices.com\/pt-br\/404-pagina-nao-encontrada\/","title":{"rendered":"404 &#8211; P\u00e1gina n\u00e3o encontrada"},"content":{"rendered":"<section  data-block-id=\"hammer_block_5a58789b60c2df1f1d97b813babcbec3\" data-block=\"text-1\" class=\"block block-text-1 text-1\">    <div class=\"wrapper\">\n        \n                    <div class=\"headline-wrapper\">\n                <h2 id=\"hammer_component_69d04baf218d6\" data-component=\"headline\" class=\"component component-headline headline style-t&iacute;tulo-regular\">A p&aacute;gina solicitada pode ter sido movida ou exclu&iacute;da.<\/h2>\n            <\/div>\n        \n            <\/div>\n    <\/section>","protected":false},"excerpt":{"rendered":"","protected":false},"author":1,"featured_media":0,"parent":0,"menu_order":0,"comment_status":"closed","ping_status":"closed","template":"","meta":{"_acf_changed":false,"content-type":"","inline_featured_image":false,"ep_exclude_from_search":false,"footnotes":""},"class_list":["post-54459","page","type-page","status-publish","hentry"],"acf":[],"yoast_head":"<!-- This site is optimized with the Yoast SEO plugin v26.3 - https:\/\/yoast.com\/wordpress\/plugins\/seo\/ -->\n<title>404 - P\u00e1gina n\u00e3o encontrada | Basler Electric<\/title>\n<meta name=\"description\" content=\"Desculpe, a p\u00e1gina que voc\u00ea est\u00e1 procurando n\u00e3o foi encontrada. Volte para explorar nosso site e descubra conte\u00fados incr\u00edveis que voc\u00ea n\u00e3o pode perder!\" \/>\n<meta name=\"robots\" content=\"index, follow, max-snippet:-1, max-image-preview:large, max-video-preview:-1\" \/>\n<link rel=\"canonical\" href=\"https:\/\/www.baslerservices.com\/pt-br\/404-pagina-nao-encontrada\/\" \/>\n<meta property=\"og:locale\" content=\"pt_BR\" \/>\n<meta property=\"og:type\" content=\"article\" \/>\n<meta property=\"og:title\" content=\"404 - P\u00e1gina n\u00e3o encontrada | Basler Electric\" \/>\n<meta property=\"og:description\" content=\"Desculpe, a p\u00e1gina que voc\u00ea est\u00e1 procurando n\u00e3o foi encontrada. Volte para explorar nosso site e descubra conte\u00fados incr\u00edveis que voc\u00ea n\u00e3o pode perder!\" \/>\n<meta property=\"og:url\" content=\"https:\/\/www.baslerservices.com\/pt-br\/404-pagina-nao-encontrada\/\" \/>\n<meta property=\"og:site_name\" content=\"Basler Electric\" \/>\n<meta property=\"article:modified_time\" content=\"2025-09-12T17:50:08+00:00\" \/>\n<meta property=\"og:image\" content=\"https:\/\/www.baslerservices.com\/wp-content\/uploads\/2025\/07\/Basler-Default-Image.jpg\" \/>\n\t<meta property=\"og:image:width\" content=\"1920\" \/>\n\t<meta property=\"og:image:height\" content=\"1080\" \/>\n\t<meta property=\"og:image:type\" content=\"image\/jpeg\" \/>\n<meta name=\"twitter:card\" content=\"summary_large_image\" \/>\n<script type=\"application\/ld+json\" class=\"yoast-schema-graph\">{\"@context\":\"https:\/\/schema.org\",\"@graph\":[{\"@type\":\"WebPage\",\"@id\":\"https:\/\/www.baslerservices.com\/pt-br\/404-pagina-nao-encontrada\/\",\"url\":\"https:\/\/www.baslerservices.com\/pt-br\/404-pagina-nao-encontrada\/\",\"name\":\"404 - P\u00e1gina n\u00e3o encontrada | Basler Electric\",\"isPartOf\":{\"@id\":\"https:\/\/catalog.basler.com\/pt-br\/#website\"},\"datePublished\":\"2024-10-08T06:24:37+00:00\",\"dateModified\":\"2025-09-12T17:50:08+00:00\",\"description\":\"Desculpe, a p\u00e1gina que voc\u00ea est\u00e1 procurando n\u00e3o foi encontrada. Volte para explorar nosso site e descubra conte\u00fados incr\u00edveis que voc\u00ea n\u00e3o pode perder!\",\"breadcrumb\":{\"@id\":\"https:\/\/www.baslerservices.com\/pt-br\/404-pagina-nao-encontrada\/#breadcrumb\"},\"inLanguage\":\"pt-BR\",\"potentialAction\":[{\"@type\":\"ReadAction\",\"target\":[\"https:\/\/www.baslerservices.com\/pt-br\/404-pagina-nao-encontrada\/\"]}]},{\"@type\":\"BreadcrumbList\",\"@id\":\"https:\/\/www.baslerservices.com\/pt-br\/404-pagina-nao-encontrada\/#breadcrumb\",\"itemListElement\":[{\"@type\":\"ListItem\",\"position\":1,\"name\":\"Home\",\"item\":\"https:\/\/www.bestsoftwaredepot.com\/pt-br\/\"},{\"@type\":\"ListItem\",\"position\":2,\"name\":\"404 &#8211; P\u00e1gina n\u00e3o encontrada\"}]},{\"@type\":\"WebSite\",\"@id\":\"https:\/\/catalog.basler.com\/pt-br\/#website\",\"url\":\"https:\/\/catalog.basler.com\/pt-br\/\",\"name\":\"Basler Electric\",\"description\":\"\",\"publisher\":{\"@id\":\"https:\/\/catalog.basler.com\/pt-br\/#organization\"},\"potentialAction\":[{\"@type\":\"SearchAction\",\"target\":{\"@type\":\"EntryPoint\",\"urlTemplate\":\"https:\/\/catalog.basler.com\/pt-br\/?s={search_term_string}\"},\"query-input\":{\"@type\":\"PropertyValueSpecification\",\"valueRequired\":true,\"valueName\":\"search_term_string\"}}],\"inLanguage\":\"pt-BR\"},{\"@type\":\"Organization\",\"@id\":\"https:\/\/catalog.basler.com\/pt-br\/#organization\",\"name\":\"Basler Electric\",\"url\":\"https:\/\/catalog.basler.com\/pt-br\/\",\"logo\":{\"@type\":\"ImageObject\",\"inLanguage\":\"pt-BR\",\"@id\":\"https:\/\/catalog.basler.com\/pt-br\/#\/schema\/logo\/image\/\",\"url\":\"https:\/\/www.basler.com\/wp-content\/uploads\/2025\/10\/Basler-Logo-Favicon.png\",\"contentUrl\":\"https:\/\/www.basler.com\/wp-content\/uploads\/2025\/10\/Basler-Logo-Favicon.png\",\"width\":512,\"height\":512,\"caption\":\"Basler Electric\"},\"image\":{\"@id\":\"https:\/\/catalog.basler.com\/pt-br\/#\/schema\/logo\/image\/\"}}]}<\/script>\n<!-- \/ Yoast SEO plugin. -->","yoast_head_json":{"title":"404 - P\u00e1gina n\u00e3o encontrada | Basler Electric","description":"Desculpe, a p\u00e1gina que voc\u00ea est\u00e1 procurando n\u00e3o foi encontrada. Volte para explorar nosso site e descubra conte\u00fados incr\u00edveis que voc\u00ea n\u00e3o pode perder!","robots":{"index":"index","follow":"follow","max-snippet":"max-snippet:-1","max-image-preview":"max-image-preview:large","max-video-preview":"max-video-preview:-1"},"canonical":"https:\/\/www.baslerservices.com\/pt-br\/404-pagina-nao-encontrada\/","og_locale":"pt_BR","og_type":"article","og_title":"404 - P\u00e1gina n\u00e3o encontrada | Basler Electric","og_description":"Desculpe, a p\u00e1gina que voc\u00ea est\u00e1 procurando n\u00e3o foi encontrada. Volte para explorar nosso site e descubra conte\u00fados incr\u00edveis que voc\u00ea n\u00e3o pode perder!","og_url":"https:\/\/www.baslerservices.com\/pt-br\/404-pagina-nao-encontrada\/","og_site_name":"Basler Electric","article_modified_time":"2025-09-12T17:50:08+00:00","og_image":[{"width":1920,"height":1080,"url":"https:\/\/www.baslerservices.com\/wp-content\/uploads\/2025\/07\/Basler-Default-Image.jpg","type":"image\/jpeg"}],"twitter_card":"summary_large_image","schema":{"@context":"https:\/\/schema.org","@graph":[{"@type":"WebPage","@id":"https:\/\/www.baslerservices.com\/pt-br\/404-pagina-nao-encontrada\/","url":"https:\/\/www.baslerservices.com\/pt-br\/404-pagina-nao-encontrada\/","name":"404 - P\u00e1gina n\u00e3o encontrada | Basler Electric","isPartOf":{"@id":"https:\/\/catalog.basler.com\/pt-br\/#website"},"datePublished":"2024-10-08T06:24:37+00:00","dateModified":"2025-09-12T17:50:08+00:00","description":"Desculpe, a p\u00e1gina que voc\u00ea est\u00e1 procurando n\u00e3o foi encontrada. Volte para explorar nosso site e descubra conte\u00fados incr\u00edveis que voc\u00ea n\u00e3o pode perder!","breadcrumb":{"@id":"https:\/\/www.baslerservices.com\/pt-br\/404-pagina-nao-encontrada\/#breadcrumb"},"inLanguage":"pt-BR","potentialAction":[{"@type":"ReadAction","target":["https:\/\/www.baslerservices.com\/pt-br\/404-pagina-nao-encontrada\/"]}]},{"@type":"BreadcrumbList","@id":"https:\/\/www.baslerservices.com\/pt-br\/404-pagina-nao-encontrada\/#breadcrumb","itemListElement":[{"@type":"ListItem","position":1,"name":"Home","item":"https:\/\/www.bestsoftwaredepot.com\/pt-br\/"},{"@type":"ListItem","position":2,"name":"404 &#8211; P\u00e1gina n\u00e3o encontrada"}]},{"@type":"WebSite","@id":"https:\/\/catalog.basler.com\/pt-br\/#website","url":"https:\/\/catalog.basler.com\/pt-br\/","name":"Basler Electric","description":"","publisher":{"@id":"https:\/\/catalog.basler.com\/pt-br\/#organization"},"potentialAction":[{"@type":"SearchAction","target":{"@type":"EntryPoint","urlTemplate":"https:\/\/catalog.basler.com\/pt-br\/?s={search_term_string}"},"query-input":{"@type":"PropertyValueSpecification","valueRequired":true,"valueName":"search_term_string"}}],"inLanguage":"pt-BR"},{"@type":"Organization","@id":"https:\/\/catalog.basler.com\/pt-br\/#organization","name":"Basler Electric","url":"https:\/\/catalog.basler.com\/pt-br\/","logo":{"@type":"ImageObject","inLanguage":"pt-BR","@id":"https:\/\/catalog.basler.com\/pt-br\/#\/schema\/logo\/image\/","url":"https:\/\/www.basler.com\/wp-content\/uploads\/2025\/10\/Basler-Logo-Favicon.png","contentUrl":"https:\/\/www.basler.com\/wp-content\/uploads\/2025\/10\/Basler-Logo-Favicon.png","width":512,"height":512,"caption":"Basler Electric"},"image":{"@id":"https:\/\/catalog.basler.com\/pt-br\/#\/schema\/logo\/image\/"}}]}},"_links":{"self":[{"href":"https:\/\/www.baslerservices.com\/pt-br\/wp-json\/wp\/v2\/pages\/54459","targetHints":{"allow":["GET"]}}],"collection":[{"href":"https:\/\/www.baslerservices.com\/pt-br\/wp-json\/wp\/v2\/pages"}],"about":[{"href":"https:\/\/www.baslerservices.com\/pt-br\/wp-json\/wp\/v2\/types\/page"}],"author":[{"embeddable":true,"href":"https:\/\/www.baslerservices.com\/pt-br\/wp-json\/wp\/v2\/users\/1"}],"replies":[{"embeddable":true,"href":"https:\/\/www.baslerservices.com\/pt-br\/wp-json\/wp\/v2\/comments?post=54459"}],"version-history":[{"count":1,"href":"https:\/\/www.baslerservices.com\/pt-br\/wp-json\/wp\/v2\/pages\/54459\/revisions"}],"predecessor-version":[{"id":54461,"href":"https:\/\/www.baslerservices.com\/pt-br\/wp-json\/wp\/v2\/pages\/54459\/revisions\/54461"}],"wp:attachment":[{"href":"https:\/\/www.baslerservices.com\/pt-br\/wp-json\/wp\/v2\/media?parent=54459"}],"curies":[{"name":"wp","href":"https:\/\/api.w.org\/{rel}","templated":true}]}}