{"id":53950,"date":"2025-07-14T23:08:41","date_gmt":"2025-07-15T04:08:41","guid":{"rendered":"https:\/\/www.basler.com\/e%c2%b2-servicos-de-engenharia\/servicos-de-consultoria\/"},"modified":"2025-09-10T17:17:53","modified_gmt":"2025-09-10T22:17:53","slug":"servicos-de-consultoria","status":"publish","type":"page","link":"https:\/\/www.baslerservices.com\/pt-br\/e%c2%b2-servicos-de-engenharia\/servicos-de-consultoria\/","title":{"rendered":"Servi\u00e7os de consultoria"},"content":{"rendered":"<section  data-block-id=\"hammer_block_c78f758f44e335020c8bfc65ad9da291\" data-block=\"hero-background-image-text\" class=\"block block-hero-background-image-text hero-background-image-text spacing-top-default spacing-bottom-default style-compacto\">\t<div class=\"wrapper has-media full-width\">\r\n\t\t<div class=\"inner\">\r\n\t\t\t<figure id=\"hammer_component_69d4e15ab6548\" data-component=\"image\" class=\"component component-image image bg-image has-overlay\">\n        <picture class=\"picture\">\n            <img decoding=\"async\" width=\"1560\" height=\"700\" src=\"https:\/\/www.baslerservices.com\/wp-content\/uploads\/2025\/07\/Web-Heros-30.png\" class=\"img\" alt=\"\" loading=\"lazy\" title=\"\" srcset=\"https:\/\/www.baslerservices.com\/wp-content\/uploads\/2025\/07\/Web-Heros-30.png 1560w, https:\/\/www.baslerservices.com\/wp-content\/uploads\/2025\/07\/Web-Heros-30-768x345.png 768w, https:\/\/www.baslerservices.com\/wp-content\/uploads\/2025\/07\/Web-Heros-30-1024x459.png 1024w, https:\/\/www.baslerservices.com\/wp-content\/uploads\/2025\/07\/Web-Heros-30-150x67.png 150w, https:\/\/www.baslerservices.com\/wp-content\/uploads\/2025\/07\/Web-Heros-30-414x186.png 414w\" sizes=\"auto, (max-width: 1560px) 100vw, 1560px\">        <\/picture>\n\n            <\/figure>\n\r\n\t\t\t\r\n\t\t\t<div class=\"content-wrapper\">\r\n\t\t\t\t<h1 id=\"hammer_component_69d4e15ab68eb\" data-component=\"headline\" class=\"component component-headline headline title style-default\">Servi&ccedil;os de consultoria<\/h1>\n\r\n\t\t\t\t<div class=\"text\">\r\n\t\t\t\t\t<div id=\"hammer_component_69d4e15ab692b\" data-component=\"rich-text\" class=\"component component-rich-text rich-text\"><p>A Basler Services, LLC oferece servi&ccedil;os de consultoria especializados, incluindo estudos de avalia&ccedil;&atilde;o e aprimoramento de sistemas, assist&ecirc;ncia &agrave; conformidade normativa, avalia&ccedil;&otilde;es de risco de arco el&eacute;trico, coordena&ccedil;&atilde;o de rel&eacute;s de prote&ccedil;&atilde;o e an&aacute;lises de fluxo de carga.<\/p>\n<\/div>\n\r\n\t\t\t\t\t\t\t\t\t\t\t<a id=\"hammer_component_69d4e15ab696f\" data-component=\"button\" class=\"component component-button button style-prim&aacute;rio\" href=\"https:\/\/www.basler.com\/contact-us\/\" target=\"\" title=\"Entre em contato conosco  \" aria-label=\"Entre em contato conosco  \">    <span class=\"button-wrapper\">\n                    <strong class=\"button-text\">Entre em contato conosco  <\/strong>\n        \n                    <span class=\"icon-wrapper\" aria-hidden=\"true\">\n                <span class=\"button-icon\">\n                    <?xml version=\"1.0\" encoding=\"UTF-8\"?> <svg xmlns=\"http:\/\/www.w3.org\/2000\/svg\" width=\"8\" height=\"8\" viewbox=\"0 0 8 8\" fill=\"currentColor\"><path fill-rule=\"evenodd\" clip-rule=\"evenodd\" d=\"M7.25606 1.27007L0.526065 8L0 7.47393L6.73 0.743975H0.789112V0H8.00004V7.21087H7.25606V1.27007Z\" fill=\"currentColor\"><\/path><\/svg>                 <\/span>\n            <\/span>\n            <\/span>\n    <\/a>\n\t\t\t\t\t\t\t\t\t<\/div>\r\n\r\n\t\t\t<\/div>\r\n\t\t<\/div>\r\n\t<\/div>\r\n<\/section><section  data-block-id=\"hammer_block_9404c5c0f98a51b41733ad50f543877a\" data-block=\"listing-collapse\" class=\"block block-listing-collapse listing-collapse spacing-top-pequeno spacing-bottom-default\">    \t\t<header class=\"wrapper wrapper-top\">\n            <h2 id=\"hammer_component_69d4e15ad27f7\" data-component=\"headline\" class=\"component component-headline headline style-t&iacute;tulo-regular\">E&sup2; Servi&ccedil;os de Engenharia<\/h2>\n            \t\t<\/header>\n    \n\t<div class=\"wrapper wrapper-bottom\">\n        \t\t\t<hr class=\"line\" role=\"presentation\"\/>\n\t\t\t<article class=\"post active\" tabindex=\"0\">\n                <figure id=\"hammer_component_69d4e15ad288a\" data-component=\"image\" class=\"component component-image image\">\n        <picture class=\"picture\">\n            <img decoding=\"async\" width=\"440\" height=\"330\" src=\"https:\/\/www.baslerservices.com\/wp-content\/uploads\/2025\/07\/Untitled-23.webp\" class=\"img\" alt=\"\" loading=\"lazy\" title=\"\" srcset=\"https:\/\/www.baslerservices.com\/wp-content\/uploads\/2025\/07\/Untitled-23.webp 440w, https:\/\/www.baslerservices.com\/wp-content\/uploads\/2025\/07\/Untitled-23-150x113.webp 150w, https:\/\/www.baslerservices.com\/wp-content\/uploads\/2025\/07\/Untitled-23-414x311.webp 414w\" sizes=\"auto, (max-width: 440px) 100vw, 440px\">        <\/picture>\n\n            <\/figure>\n\n\t\t\t\t<div class=\"content\">\n\t\t\t\t\t<div class=\"infos\">\n\t\t\t\t\t\t<h3 class=\"title\">Estudos de avalia\u00e7\u00e3o e aprimoramento do sistema<\/h3>\n\n                        \t\t\t\t\t\t\t<p class=\"excerpt\">Hoje em dia, o fornecimento de energia \u00e9 de extrema preocupa\u00e7\u00e3o. O aumento da demanda continua a sobrecarregar os fornecedores de energia, enfatizando a import\u00e2ncia fundamental da m\u00e1xima efici\u00eancia e confiabilidade. Ao mesmo tempo em que se concentra nos processos (programas de gerenciamento de vida \u00fatil) para estender a expectativa de vida \u00fatil de turbinas e geradores, \u00e9 preciso considerar os sistemas de controle de excita\u00e7\u00e3o para garantir que as demandas de suporte de tens\u00e3o em todo o sistema sejam atendidas.  <\/p>\n                        \t\t\t\t\t<\/div>\n\n                    \t\t\t\t\t\t<div class=\"wrapper-button\">\n                            <a id=\"hammer_component_69d4e15ad2c69\" data-component=\"button\" class=\"component component-button button style-prim&aacute;rio\" href=\"https:\/\/www.basler.com\/service\/e2-engineering-system-evaluation-enhancement-studies\/\" target=\"\" title=\"Saiba mais\" aria-label=\"Saiba mais\">    <span class=\"button-wrapper\">\n                    <strong class=\"button-text\">Saiba mais<\/strong>\n        \n                    <span class=\"icon-wrapper\" aria-hidden=\"true\">\n                <span class=\"button-icon\">\n                    <?xml version=\"1.0\" encoding=\"UTF-8\"?> <svg xmlns=\"http:\/\/www.w3.org\/2000\/svg\" width=\"8\" height=\"8\" viewbox=\"0 0 8 8\" fill=\"currentColor\"><path fill-rule=\"evenodd\" clip-rule=\"evenodd\" d=\"M7.25606 1.27007L0.526065 8L0 7.47393L6.73 0.743975H0.789112V0H8.00004V7.21087H7.25606V1.27007Z\" fill=\"currentColor\"><\/path><\/svg>                 <\/span>\n            <\/span>\n            <\/span>\n    <\/a>\n\t\t\t\t\t\t<\/div>\n                    \t\t\t\t<\/div>\n\t\t\t<\/article>\n        \t\t\t<hr class=\"line\" role=\"presentation\"\/>\n\t\t\t<article class=\"post \" tabindex=\"0\">\n                <figure id=\"hammer_component_69d4e15ad2d84\" data-component=\"image\" class=\"component component-image image\">\n        <picture class=\"picture\">\n            <img decoding=\"async\" width=\"450\" height=\"400\" src=\"https:\/\/www.baslerservices.com\/wp-content\/uploads\/2025\/06\/Untitled-15.webp\" class=\"img\" alt=\"\" loading=\"lazy\" title=\"\" srcset=\"https:\/\/www.baslerservices.com\/wp-content\/uploads\/2025\/06\/Untitled-15.webp 450w, https:\/\/www.baslerservices.com\/wp-content\/uploads\/2025\/06\/Untitled-15-150x133.webp 150w, https:\/\/www.baslerservices.com\/wp-content\/uploads\/2025\/06\/Untitled-15-414x368.webp 414w\" sizes=\"auto, (max-width: 450px) 100vw, 450px\">        <\/picture>\n\n            <\/figure>\n\n\t\t\t\t<div class=\"content\">\n\t\t\t\t\t<div class=\"infos\">\n\t\t\t\t\t\t<h3 class=\"title\">Conformidade regulat\u00f3ria<\/h3>\n\n                        \t\t\t\t\t\t\t<p class=\"excerpt\">A confiabilidade \u00e9 a principal preocupa\u00e7\u00e3o. Para poder prever a resposta e a confiabilidade geral do sistema, o NERC precisa conhecer as capacidades dos sistemas de gera\u00e7\u00e3o e o desempenho previsto tanto para a opera\u00e7\u00e3o em estado est\u00e1vel quanto durante os transientes do sistema causados por perda de gera\u00e7\u00e3o, falhas ou outros tipos de dist\u00farbios. <\/p>\n                        \t\t\t\t\t<\/div>\n\n                    \t\t\t\t\t\t<div class=\"wrapper-button\">\n                            <a id=\"hammer_component_69d4e15ad3037\" data-component=\"button\" class=\"component component-button button style-prim&aacute;rio\" href=\"https:\/\/www.basler.com\/service\/e2-engineering-regulatory-compliance\/\" target=\"\" title=\"Saiba mais\" aria-label=\"Saiba mais\">    <span class=\"button-wrapper\">\n                    <strong class=\"button-text\">Saiba mais<\/strong>\n        \n                    <span class=\"icon-wrapper\" aria-hidden=\"true\">\n                <span class=\"button-icon\">\n                    <?xml version=\"1.0\" encoding=\"UTF-8\"?> <svg xmlns=\"http:\/\/www.w3.org\/2000\/svg\" width=\"8\" height=\"8\" viewbox=\"0 0 8 8\" fill=\"currentColor\"><path fill-rule=\"evenodd\" clip-rule=\"evenodd\" d=\"M7.25606 1.27007L0.526065 8L0 7.47393L6.73 0.743975H0.789112V0H8.00004V7.21087H7.25606V1.27007Z\" fill=\"currentColor\"><\/path><\/svg>                 <\/span>\n            <\/span>\n            <\/span>\n    <\/a>\n\t\t\t\t\t\t<\/div>\n                    \t\t\t\t<\/div>\n\t\t\t<\/article>\n        \t\t\t<hr class=\"line\" role=\"presentation\"\/>\n\t\t\t<article class=\"post \" tabindex=\"0\">\n                <figure id=\"hammer_component_69d4e15ad30f9\" data-component=\"image\" class=\"component component-image image\">\n        <picture class=\"picture\">\n            <img decoding=\"async\" width=\"500\" height=\"328\" src=\"https:\/\/www.baslerservices.com\/wp-content\/uploads\/2025\/07\/Untitled-4-5.png\" class=\"img\" alt=\"\" loading=\"lazy\" title=\"\" srcset=\"https:\/\/www.baslerservices.com\/wp-content\/uploads\/2025\/07\/Untitled-4-5.png 500w, https:\/\/www.baslerservices.com\/wp-content\/uploads\/2025\/07\/Untitled-4-5-150x98.png 150w, https:\/\/www.baslerservices.com\/wp-content\/uploads\/2025\/07\/Untitled-4-5-414x272.png 414w\" sizes=\"auto, (max-width: 500px) 100vw, 500px\">        <\/picture>\n\n            <\/figure>\n\n\t\t\t\t<div class=\"content\">\n\t\t\t\t\t<div class=\"infos\">\n\t\t\t\t\t\t<h3 class=\"title\">Avalia\u00e7\u00e3o de risco de arco el\u00e9trico<\/h3>\n\n                        \t\t\t\t\t\t\t<p class=\"excerpt\">O risco de arco el\u00e9trico \u00e9 a condi\u00e7\u00e3o perigosa associada \u00e0 libera\u00e7\u00e3o de energia causada por um arco el\u00e9trico. Os arcos el\u00e9tricos produzem calor intenso, explos\u00e3o de som e ondas de press\u00e3o. O arco el\u00e9trico causa temperaturas extremamente altas e pode irradiar calor intenso, incendiando roupas e causando queimaduras graves que podem ser fatais. Portanto, \u00e9 essencial que voc\u00ea tenha um estudo preciso ao trabalhar em equipamentos energizados.   <\/p>\n                        \t\t\t\t\t<\/div>\n\n                    \t\t\t\t\t\t<div class=\"wrapper-button\">\n                            <a id=\"hammer_component_69d4e15ad3380\" data-component=\"button\" class=\"component component-button button style-prim&aacute;rio\" href=\"https:\/\/www.basler.com\/service\/e2-engineering-arc-flash-hazard-evaluation\/\" target=\"\" title=\"Saiba mais\" aria-label=\"Saiba mais\">    <span class=\"button-wrapper\">\n                    <strong class=\"button-text\">Saiba mais<\/strong>\n        \n                    <span class=\"icon-wrapper\" aria-hidden=\"true\">\n                <span class=\"button-icon\">\n                    <?xml version=\"1.0\" encoding=\"UTF-8\"?> <svg xmlns=\"http:\/\/www.w3.org\/2000\/svg\" width=\"8\" height=\"8\" viewbox=\"0 0 8 8\" fill=\"currentColor\"><path fill-rule=\"evenodd\" clip-rule=\"evenodd\" d=\"M7.25606 1.27007L0.526065 8L0 7.47393L6.73 0.743975H0.789112V0H8.00004V7.21087H7.25606V1.27007Z\" fill=\"currentColor\"><\/path><\/svg>                 <\/span>\n            <\/span>\n            <\/span>\n    <\/a>\n\t\t\t\t\t\t<\/div>\n                    \t\t\t\t<\/div>\n\t\t\t<\/article>\n        \t\t<hr class=\"line\" role=\"presentation\"\/>\n\t<\/div>\n    <\/section>","protected":false},"excerpt":{"rendered":"","protected":false},"author":1,"featured_media":0,"parent":53856,"menu_order":0,"comment_status":"closed","ping_status":"closed","template":"","meta":{"_acf_changed":false,"content-type":"","inline_featured_image":false,"ep_exclude_from_search":false,"footnotes":""},"class_list":["post-53950","page","type-page","status-publish","hentry"],"acf":[],"yoast_head":"<!-- This site is optimized with the Yoast SEO plugin v26.3 - https:\/\/yoast.com\/wordpress\/plugins\/seo\/ -->\n<title>Servi\u00e7os de consultoria | Basler Electric<\/title>\n<meta name=\"robots\" content=\"index, follow, max-snippet:-1, max-image-preview:large, max-video-preview:-1\" \/>\n<link rel=\"canonical\" href=\"https:\/\/www.baslerservices.com\/pt-br\/e%c2%b2-servicos-de-engenharia\/servicos-de-consultoria\/\" \/>\n<meta property=\"og:locale\" content=\"pt_BR\" \/>\n<meta property=\"og:type\" content=\"article\" \/>\n<meta property=\"og:title\" content=\"Servi\u00e7os de consultoria | Basler Electric\" \/>\n<meta property=\"og:url\" content=\"https:\/\/www.baslerservices.com\/pt-br\/e%c2%b2-servicos-de-engenharia\/servicos-de-consultoria\/\" \/>\n<meta property=\"og:site_name\" content=\"Basler Electric\" \/>\n<meta property=\"article:modified_time\" content=\"2025-09-10T22:17:53+00:00\" \/>\n<meta property=\"og:image\" content=\"https:\/\/www.baslerservices.com\/wp-content\/uploads\/2025\/07\/Basler-Default-Image.jpg\" \/>\n\t<meta property=\"og:image:width\" content=\"1920\" \/>\n\t<meta property=\"og:image:height\" content=\"1080\" \/>\n\t<meta property=\"og:image:type\" content=\"image\/jpeg\" \/>\n<meta name=\"twitter:card\" content=\"summary_large_image\" \/>\n<script type=\"application\/ld+json\" class=\"yoast-schema-graph\">{\"@context\":\"https:\/\/schema.org\",\"@graph\":[{\"@type\":\"WebPage\",\"@id\":\"https:\/\/www.baslerservices.com\/pt-br\/e%c2%b2-servicos-de-engenharia\/servicos-de-consultoria\/\",\"url\":\"https:\/\/www.baslerservices.com\/pt-br\/e%c2%b2-servicos-de-engenharia\/servicos-de-consultoria\/\",\"name\":\"Servi\u00e7os de consultoria | Basler Electric\",\"isPartOf\":{\"@id\":\"https:\/\/catalog.basler.com\/pt-br\/#website\"},\"datePublished\":\"2025-07-15T04:08:41+00:00\",\"dateModified\":\"2025-09-10T22:17:53+00:00\",\"breadcrumb\":{\"@id\":\"https:\/\/www.baslerservices.com\/pt-br\/e%c2%b2-servicos-de-engenharia\/servicos-de-consultoria\/#breadcrumb\"},\"inLanguage\":\"pt-BR\",\"potentialAction\":[{\"@type\":\"ReadAction\",\"target\":[\"https:\/\/www.baslerservices.com\/pt-br\/e%c2%b2-servicos-de-engenharia\/servicos-de-consultoria\/\"]}]},{\"@type\":\"BreadcrumbList\",\"@id\":\"https:\/\/www.baslerservices.com\/pt-br\/e%c2%b2-servicos-de-engenharia\/servicos-de-consultoria\/#breadcrumb\",\"itemListElement\":[{\"@type\":\"ListItem\",\"position\":1,\"name\":\"Home\",\"item\":\"https:\/\/www.bestsoftwaredepot.com\/pt-br\/\"},{\"@type\":\"ListItem\",\"position\":2,\"name\":\"E\u00b2 Servi\u00e7os de Engenharia\",\"item\":\"https:\/\/www.bestsoftwaredepot.com\/pt-br\/e%c2%b2-servicos-de-engenharia\/\"},{\"@type\":\"ListItem\",\"position\":3,\"name\":\"Servi\u00e7os de consultoria\"}]},{\"@type\":\"WebSite\",\"@id\":\"https:\/\/catalog.basler.com\/pt-br\/#website\",\"url\":\"https:\/\/catalog.basler.com\/pt-br\/\",\"name\":\"Basler Electric\",\"description\":\"\",\"publisher\":{\"@id\":\"https:\/\/catalog.basler.com\/pt-br\/#organization\"},\"potentialAction\":[{\"@type\":\"SearchAction\",\"target\":{\"@type\":\"EntryPoint\",\"urlTemplate\":\"https:\/\/catalog.basler.com\/pt-br\/?s={search_term_string}\"},\"query-input\":{\"@type\":\"PropertyValueSpecification\",\"valueRequired\":true,\"valueName\":\"search_term_string\"}}],\"inLanguage\":\"pt-BR\"},{\"@type\":\"Organization\",\"@id\":\"https:\/\/catalog.basler.com\/pt-br\/#organization\",\"name\":\"Basler Electric\",\"url\":\"https:\/\/catalog.basler.com\/pt-br\/\",\"logo\":{\"@type\":\"ImageObject\",\"inLanguage\":\"pt-BR\",\"@id\":\"https:\/\/catalog.basler.com\/pt-br\/#\/schema\/logo\/image\/\",\"url\":\"https:\/\/www.basler.com\/wp-content\/uploads\/2025\/10\/Basler-Logo-Favicon.png\",\"contentUrl\":\"https:\/\/www.basler.com\/wp-content\/uploads\/2025\/10\/Basler-Logo-Favicon.png\",\"width\":512,\"height\":512,\"caption\":\"Basler Electric\"},\"image\":{\"@id\":\"https:\/\/catalog.basler.com\/pt-br\/#\/schema\/logo\/image\/\"}}]}<\/script>\n<!-- \/ Yoast SEO plugin. -->","yoast_head_json":{"title":"Servi\u00e7os de consultoria | Basler Electric","robots":{"index":"index","follow":"follow","max-snippet":"max-snippet:-1","max-image-preview":"max-image-preview:large","max-video-preview":"max-video-preview:-1"},"canonical":"https:\/\/www.baslerservices.com\/pt-br\/e%c2%b2-servicos-de-engenharia\/servicos-de-consultoria\/","og_locale":"pt_BR","og_type":"article","og_title":"Servi\u00e7os de consultoria | Basler Electric","og_url":"https:\/\/www.baslerservices.com\/pt-br\/e%c2%b2-servicos-de-engenharia\/servicos-de-consultoria\/","og_site_name":"Basler Electric","article_modified_time":"2025-09-10T22:17:53+00:00","og_image":[{"width":1920,"height":1080,"url":"https:\/\/www.baslerservices.com\/wp-content\/uploads\/2025\/07\/Basler-Default-Image.jpg","type":"image\/jpeg"}],"twitter_card":"summary_large_image","schema":{"@context":"https:\/\/schema.org","@graph":[{"@type":"WebPage","@id":"https:\/\/www.baslerservices.com\/pt-br\/e%c2%b2-servicos-de-engenharia\/servicos-de-consultoria\/","url":"https:\/\/www.baslerservices.com\/pt-br\/e%c2%b2-servicos-de-engenharia\/servicos-de-consultoria\/","name":"Servi\u00e7os de consultoria | Basler Electric","isPartOf":{"@id":"https:\/\/catalog.basler.com\/pt-br\/#website"},"datePublished":"2025-07-15T04:08:41+00:00","dateModified":"2025-09-10T22:17:53+00:00","breadcrumb":{"@id":"https:\/\/www.baslerservices.com\/pt-br\/e%c2%b2-servicos-de-engenharia\/servicos-de-consultoria\/#breadcrumb"},"inLanguage":"pt-BR","potentialAction":[{"@type":"ReadAction","target":["https:\/\/www.baslerservices.com\/pt-br\/e%c2%b2-servicos-de-engenharia\/servicos-de-consultoria\/"]}]},{"@type":"BreadcrumbList","@id":"https:\/\/www.baslerservices.com\/pt-br\/e%c2%b2-servicos-de-engenharia\/servicos-de-consultoria\/#breadcrumb","itemListElement":[{"@type":"ListItem","position":1,"name":"Home","item":"https:\/\/www.bestsoftwaredepot.com\/pt-br\/"},{"@type":"ListItem","position":2,"name":"E\u00b2 Servi\u00e7os de Engenharia","item":"https:\/\/www.bestsoftwaredepot.com\/pt-br\/e%c2%b2-servicos-de-engenharia\/"},{"@type":"ListItem","position":3,"name":"Servi\u00e7os de consultoria"}]},{"@type":"WebSite","@id":"https:\/\/catalog.basler.com\/pt-br\/#website","url":"https:\/\/catalog.basler.com\/pt-br\/","name":"Basler Electric","description":"","publisher":{"@id":"https:\/\/catalog.basler.com\/pt-br\/#organization"},"potentialAction":[{"@type":"SearchAction","target":{"@type":"EntryPoint","urlTemplate":"https:\/\/catalog.basler.com\/pt-br\/?s={search_term_string}"},"query-input":{"@type":"PropertyValueSpecification","valueRequired":true,"valueName":"search_term_string"}}],"inLanguage":"pt-BR"},{"@type":"Organization","@id":"https:\/\/catalog.basler.com\/pt-br\/#organization","name":"Basler Electric","url":"https:\/\/catalog.basler.com\/pt-br\/","logo":{"@type":"ImageObject","inLanguage":"pt-BR","@id":"https:\/\/catalog.basler.com\/pt-br\/#\/schema\/logo\/image\/","url":"https:\/\/www.basler.com\/wp-content\/uploads\/2025\/10\/Basler-Logo-Favicon.png","contentUrl":"https:\/\/www.basler.com\/wp-content\/uploads\/2025\/10\/Basler-Logo-Favicon.png","width":512,"height":512,"caption":"Basler Electric"},"image":{"@id":"https:\/\/catalog.basler.com\/pt-br\/#\/schema\/logo\/image\/"}}]}},"_links":{"self":[{"href":"https:\/\/www.baslerservices.com\/pt-br\/wp-json\/wp\/v2\/pages\/53950","targetHints":{"allow":["GET"]}}],"collection":[{"href":"https:\/\/www.baslerservices.com\/pt-br\/wp-json\/wp\/v2\/pages"}],"about":[{"href":"https:\/\/www.baslerservices.com\/pt-br\/wp-json\/wp\/v2\/types\/page"}],"author":[{"embeddable":true,"href":"https:\/\/www.baslerservices.com\/pt-br\/wp-json\/wp\/v2\/users\/1"}],"replies":[{"embeddable":true,"href":"https:\/\/www.baslerservices.com\/pt-br\/wp-json\/wp\/v2\/comments?post=53950"}],"version-history":[{"count":1,"href":"https:\/\/www.baslerservices.com\/pt-br\/wp-json\/wp\/v2\/pages\/53950\/revisions"}],"predecessor-version":[{"id":53954,"href":"https:\/\/www.baslerservices.com\/pt-br\/wp-json\/wp\/v2\/pages\/53950\/revisions\/53954"}],"up":[{"embeddable":true,"href":"https:\/\/www.baslerservices.com\/pt-br\/wp-json\/wp\/v2\/pages\/53856"}],"wp:attachment":[{"href":"https:\/\/www.baslerservices.com\/pt-br\/wp-json\/wp\/v2\/media?parent=53950"}],"curies":[{"name":"wp","href":"https:\/\/api.w.org\/{rel}","templated":true}]}}