{"id":53646,"date":"2025-07-15T09:25:16","date_gmt":"2025-07-15T14:25:16","guid":{"rendered":"https:\/\/www.basler.com\/universidade-de-basler\/"},"modified":"2025-09-10T17:16:01","modified_gmt":"2025-09-10T22:16:01","slug":"universidade-de-basler","status":"publish","type":"page","link":"https:\/\/www.baslerservices.com\/pt-br\/universidade-de-basler\/","title":{"rendered":"Universidade de Basler"},"content":{"rendered":"<section  data-block-id=\"hammer_block_9236b6dbb37d06bb57436ea51fa86e3e\" data-block=\"hero-background-image-text\" class=\"block block-hero-background-image-text hero-background-image-text spacing-top-default spacing-bottom-default style-compacto\">\t<div class=\"wrapper has-media full-width\">\r\n\t\t<div class=\"inner\">\r\n\t\t\t<figure id=\"hammer_component_69d4d81957636\" data-component=\"image\" class=\"component component-image image bg-image has-overlay\">\n        <picture class=\"picture\">\n            <img decoding=\"async\" width=\"1600\" height=\"900\" src=\"https:\/\/www.baslerservices.com\/wp-content\/uploads\/2025\/07\/Basler-University-Copy-for-BS-9-1600x900.png\" class=\"img\" alt=\"\" loading=\"lazy\" title=\"\" srcset=\"https:\/\/www.baslerservices.com\/wp-content\/uploads\/2025\/07\/Basler-University-Copy-for-BS-9-1600x900.png 1600w, https:\/\/www.baslerservices.com\/wp-content\/uploads\/2025\/07\/Basler-University-Copy-for-BS-9-768x432.png 768w, https:\/\/www.baslerservices.com\/wp-content\/uploads\/2025\/07\/Basler-University-Copy-for-BS-9-1024x576.png 1024w, https:\/\/www.baslerservices.com\/wp-content\/uploads\/2025\/07\/Basler-University-Copy-for-BS-9-150x84.png 150w, https:\/\/www.baslerservices.com\/wp-content\/uploads\/2025\/07\/Basler-University-Copy-for-BS-9-414x233.png 414w, https:\/\/www.baslerservices.com\/wp-content\/uploads\/2025\/07\/Basler-University-Copy-for-BS-9.png 1920w\" sizes=\"auto, (max-width: 1600px) 100vw, 1600px\">        <\/picture>\n\n            <\/figure>\n\r\n\t\t\t<div id=\"hammer_component_69d4d81957c1f\" data-component=\"video-player\" class=\"component component-video-player video-player bg-video\">\n        \n                    <video autoplay loop muted playsinline><source src=\"https:\/\/www.baslerservices.com\/wp-content\/uploads\/2025\/08\/LECTURE_CLIPS_V4.mp4\" type=\"video\/mp4\"><\/source><\/video>        \n        <div class=\"play-button-wrapper\">\n            <button type=\"button\" class=\"video-play-button \">\n                <span id=\"hammer_component_69d4d81957c54\" data-component=\"icon\" class=\"component component-icon icon has-style style-dark\">    <span class=\"icon-wrapper\">\n        <?xml version=\"1.0\" encoding=\"UTF-8\"?> <svg xmlns=\"http:\/\/www.w3.org\/2000\/svg\" width=\"10\" height=\"10\" viewbox=\"0 0 10 10\" fill=\"currentColor\"><path d=\"M10 4.64L0 10V0L10 4.64Z\" fill=\"currentColor\"><\/path><\/svg>     <\/span>\n    \n            <span class=\"sr-only\">Play video<\/span>\n    \n    <\/span>\n            <\/button>\n        <\/div>\n    <\/div>\n\r\n\t\t\t<div class=\"content-wrapper\">\r\n\t\t\t\t<h1 id=\"hammer_component_69d4d81957e66\" data-component=\"headline\" class=\"component component-headline headline title style-default\">Bem-vindo &agrave; Universidade Basler<\/h1>\n\r\n\t\t\t\t<div class=\"text\">\r\n\t\t\t\t\t<div id=\"hammer_component_69d4d81957ebd\" data-component=\"rich-text\" class=\"component component-rich-text rich-text\"><p><strong>Na Universidade Basler, voc&ecirc; encontrar&aacute; uma variedade de recursos de treinamento, incluindo treinamento presencial de clientes, aprendizado virtual, cursos ministrados por instrutores e v&iacute;deos sob demanda. Com a ajuda de nossos instrutores talentosos e experientes, sua equipe adquirir&aacute; as habilidades e os conhecimentos necess&aacute;rios para ter sucesso. <\/strong><\/p>\n<\/div>\n\r\n\t\t\t\t\t\t\t\t\t\t\t\t\t\t\t\t\t\t\t\t<\/div>\r\n\r\n\t\t\t<\/div>\r\n\t\t<\/div>\r\n\t<\/div>\r\n<\/section><section  data-block-id=\"hammer_block_562506a669b90fabfcc7822b7cb46057\" data-block=\"listing-collapse\" class=\"block block-listing-collapse listing-collapse spacing-top-default spacing-bottom-default\">    \t\t<header class=\"wrapper wrapper-top\">\n            <h2 id=\"hammer_component_69d4d819762a6\" data-component=\"headline\" class=\"component component-headline headline style-exibir-pequeno\">Ofertas da Universidade Basler<\/h2>\n            \t\t<\/header>\n    \n\t<div class=\"wrapper wrapper-bottom\">\n        \t\t\t<hr class=\"line\" role=\"presentation\"\/>\n\t\t\t<article class=\"post active\" tabindex=\"0\">\n                <figure id=\"hammer_component_69d4d8197635e\" data-component=\"image\" class=\"component component-image image\">\n        <picture class=\"picture\">\n            <img decoding=\"async\" width=\"450\" height=\"400\" src=\"https:\/\/www.baslerservices.com\/wp-content\/uploads\/2025\/06\/BU-Software-Technical.webp\" class=\"img\" alt=\"\" loading=\"lazy\" title=\"\" srcset=\"https:\/\/www.baslerservices.com\/wp-content\/uploads\/2025\/06\/BU-Software-Technical.webp 450w, https:\/\/www.baslerservices.com\/wp-content\/uploads\/2025\/06\/BU-Software-Technical-150x133.webp 150w, https:\/\/www.baslerservices.com\/wp-content\/uploads\/2025\/06\/BU-Software-Technical-414x368.webp 414w\" sizes=\"auto, (max-width: 450px) 100vw, 450px\">        <\/picture>\n\n            <\/figure>\n\n\t\t\t\t<div class=\"content\">\n\t\t\t\t\t<div class=\"infos\">\n\t\t\t\t\t\t<h3 class=\"title\">Treinamento presencial<\/h3>\n\n                        \t\t\t\t\t\t\t<p class=\"excerpt\">Nossos instrutores especializados oferecem treinamento ao vivo sobre nossos produtos e servi\u00e7os.<\/p>\n                        \t\t\t\t\t<\/div>\n\n                    \t\t\t\t\t\t<div class=\"wrapper-button\">\n                            <a id=\"hammer_component_69d4d8197698b\" data-component=\"button\" class=\"component component-button button style-prim&aacute;rio\" href=\"https:\/\/www.basler.com\/events\/category\/basler-university\/in-person-training\/\" target=\"\" title=\"Saiba mais\" aria-label=\"Saiba mais\">    <span class=\"button-wrapper\">\n                    <strong class=\"button-text\">Saiba mais<\/strong>\n        \n                    <span class=\"icon-wrapper\" aria-hidden=\"true\">\n                <span class=\"button-icon\">\n                    <?xml version=\"1.0\" encoding=\"UTF-8\"?> <svg xmlns=\"http:\/\/www.w3.org\/2000\/svg\" width=\"8\" height=\"8\" viewbox=\"0 0 8 8\" fill=\"currentColor\"><path fill-rule=\"evenodd\" clip-rule=\"evenodd\" d=\"M7.25606 1.27007L0.526065 8L0 7.47393L6.73 0.743975H0.789112V0H8.00004V7.21087H7.25606V1.27007Z\" fill=\"currentColor\"><\/path><\/svg>                 <\/span>\n            <\/span>\n            <\/span>\n    <\/a>\n\t\t\t\t\t\t<\/div>\n                    \t\t\t\t<\/div>\n\t\t\t<\/article>\n        \t\t\t<hr class=\"line\" role=\"presentation\"\/>\n\t\t\t<article class=\"post \" tabindex=\"0\">\n                <figure id=\"hammer_component_69d4d81976b78\" data-component=\"image\" class=\"component component-image image\">\n        <picture class=\"picture\">\n            <img decoding=\"async\" width=\"450\" height=\"400\" src=\"https:\/\/www.baslerservices.com\/wp-content\/uploads\/2025\/06\/Video-Library-w-Logo.webp\" class=\"img\" alt=\"\" loading=\"lazy\" title=\"\" srcset=\"https:\/\/www.baslerservices.com\/wp-content\/uploads\/2025\/06\/Video-Library-w-Logo.webp 450w, https:\/\/www.baslerservices.com\/wp-content\/uploads\/2025\/06\/Video-Library-w-Logo-150x133.webp 150w, https:\/\/www.baslerservices.com\/wp-content\/uploads\/2025\/06\/Video-Library-w-Logo-414x368.webp 414w\" sizes=\"auto, (max-width: 450px) 100vw, 450px\">        <\/picture>\n\n            <\/figure>\n\n\t\t\t\t<div class=\"content\">\n\t\t\t\t\t<div class=\"infos\">\n\t\t\t\t\t\t<h3 class=\"title\">eLearning<\/h3>\n\n                        \t\t\t\t\t\t\t<p class=\"excerpt\">Nossas op\u00e7\u00f5es de webinar on-line permitem que voc\u00ea assista a cursos ao vivo ministrados por um instrutor da Basler em sua casa ou escrit\u00f3rio.<\/p>\n                        \t\t\t\t\t<\/div>\n\n                    \t\t\t\t\t\t<div class=\"wrapper-button\">\n                            <a id=\"hammer_component_69d4d8197705f\" data-component=\"button\" class=\"component component-button button style-prim&aacute;rio\" href=\"https:\/\/www.basler.com\/events\/category\/basler-university\/elearning\/\" target=\"\" title=\"Saiba mais\" aria-label=\"Saiba mais\">    <span class=\"button-wrapper\">\n                    <strong class=\"button-text\">Saiba mais<\/strong>\n        \n                    <span class=\"icon-wrapper\" aria-hidden=\"true\">\n                <span class=\"button-icon\">\n                    <?xml version=\"1.0\" encoding=\"UTF-8\"?> <svg xmlns=\"http:\/\/www.w3.org\/2000\/svg\" width=\"8\" height=\"8\" viewbox=\"0 0 8 8\" fill=\"currentColor\"><path fill-rule=\"evenodd\" clip-rule=\"evenodd\" d=\"M7.25606 1.27007L0.526065 8L0 7.47393L6.73 0.743975H0.789112V0H8.00004V7.21087H7.25606V1.27007Z\" fill=\"currentColor\"><\/path><\/svg>                 <\/span>\n            <\/span>\n            <\/span>\n    <\/a>\n\t\t\t\t\t\t<\/div>\n                    \t\t\t\t<\/div>\n\t\t\t<\/article>\n        \t\t\t<hr class=\"line\" role=\"presentation\"\/>\n\t\t\t<article class=\"post \" tabindex=\"0\">\n                <figure id=\"hammer_component_69d4d819771d9\" data-component=\"image\" class=\"component component-image image\">\n        <picture class=\"picture\">\n            <img decoding=\"async\" width=\"450\" height=\"400\" src=\"https:\/\/www.baslerservices.com\/wp-content\/uploads\/2025\/06\/Untitled-12.webp\" class=\"img\" alt=\"\" loading=\"lazy\" title=\"\" srcset=\"https:\/\/www.baslerservices.com\/wp-content\/uploads\/2025\/06\/Untitled-12.webp 450w, https:\/\/www.baslerservices.com\/wp-content\/uploads\/2025\/06\/Untitled-12-150x133.webp 150w, https:\/\/www.baslerservices.com\/wp-content\/uploads\/2025\/06\/Untitled-12-414x368.webp 414w\" sizes=\"auto, (max-width: 450px) 100vw, 450px\">        <\/picture>\n\n            <\/figure>\n\n\t\t\t\t<div class=\"content\">\n\t\t\t\t\t<div class=\"infos\">\n\t\t\t\t\t\t<h3 class=\"title\">Sob demanda<\/h3>\n\n                        \t\t\t\t\t\t\t<p class=\"excerpt\">Nossa biblioteca de v\u00eddeos sob demanda permite que voc\u00ea aprenda no seu pr\u00f3prio ritmo. Encontre o assunto de sua prefer\u00eancia e aprenda \u00e0 medida que voc\u00ea avan\u00e7a. <\/p>\n                        \t\t\t\t\t<\/div>\n\n                    \t\t\t\t\t\t<div class=\"wrapper-button\">\n                            <a id=\"hammer_component_69d4d819776cd\" data-component=\"button\" class=\"component component-button button style-prim&aacute;rio\" href=\"https:\/\/www.basler.com\/on-demand-videos\/\" target=\"\" title=\"Saiba mais\" aria-label=\"Saiba mais\">    <span class=\"button-wrapper\">\n                    <strong class=\"button-text\">Saiba mais<\/strong>\n        \n                    <span class=\"icon-wrapper\" aria-hidden=\"true\">\n                <span class=\"button-icon\">\n                    <?xml version=\"1.0\" encoding=\"UTF-8\"?> <svg xmlns=\"http:\/\/www.w3.org\/2000\/svg\" width=\"8\" height=\"8\" viewbox=\"0 0 8 8\" fill=\"currentColor\"><path fill-rule=\"evenodd\" clip-rule=\"evenodd\" d=\"M7.25606 1.27007L0.526065 8L0 7.47393L6.73 0.743975H0.789112V0H8.00004V7.21087H7.25606V1.27007Z\" fill=\"currentColor\"><\/path><\/svg>                 <\/span>\n            <\/span>\n            <\/span>\n    <\/a>\n\t\t\t\t\t\t<\/div>\n                    \t\t\t\t<\/div>\n\t\t\t<\/article>\n        \t\t\t<hr class=\"line\" role=\"presentation\"\/>\n\t\t\t<article class=\"post \" tabindex=\"0\">\n                <figure id=\"hammer_component_69d4d819777fe\" data-component=\"image\" class=\"component component-image image\">\n        <picture class=\"picture\">\n            <img decoding=\"async\" width=\"450\" height=\"400\" src=\"https:\/\/www.baslerservices.com\/wp-content\/uploads\/2025\/06\/Untitled-13.webp\" class=\"img\" alt=\"\" loading=\"lazy\" title=\"\" srcset=\"https:\/\/www.baslerservices.com\/wp-content\/uploads\/2025\/06\/Untitled-13.webp 450w, https:\/\/www.baslerservices.com\/wp-content\/uploads\/2025\/06\/Untitled-13-150x133.webp 150w, https:\/\/www.baslerservices.com\/wp-content\/uploads\/2025\/06\/Untitled-13-414x368.webp 414w\" sizes=\"auto, (max-width: 450px) 100vw, 450px\">        <\/picture>\n\n            <\/figure>\n\n\t\t\t\t<div class=\"content\">\n\t\t\t\t\t<div class=\"infos\">\n\t\t\t\t\t\t<h3 class=\"title\">Treinamento personalizado<\/h3>\n\n                        \t\t\t\t\t\t\t<p class=\"excerpt\">Se voc\u00ea deseja aprofundar o conhecimento dos produtos e sistemas Basler, aprimorar as habilidades de solu\u00e7\u00e3o de problemas ou treinar novos funcion\u00e1rios, podemos trabalhar com voc\u00ea para desenvolver um programa que atenda \u00e0s suas metas. O treinamento pode ser realizado em suas instala\u00e7\u00f5es ou nas nossas.   <\/p>\n                        \t\t\t\t\t<\/div>\n\n                    \t\t\t\t\t\t<div class=\"wrapper-button\">\n                            <a id=\"hammer_component_69d4d81977caa\" data-component=\"button\" class=\"component component-button button style-prim&aacute;rio\" href=\"https:\/\/www.basler.com\/custom-training\/\" target=\"\" title=\"Entre em contato conosco\" aria-label=\"Entre em contato conosco\">    <span class=\"button-wrapper\">\n                    <strong class=\"button-text\">Entre em contato conosco<\/strong>\n        \n                    <span class=\"icon-wrapper\" aria-hidden=\"true\">\n                <span class=\"button-icon\">\n                    <?xml version=\"1.0\" encoding=\"UTF-8\"?> <svg xmlns=\"http:\/\/www.w3.org\/2000\/svg\" width=\"8\" height=\"8\" viewbox=\"0 0 8 8\" fill=\"currentColor\"><path fill-rule=\"evenodd\" clip-rule=\"evenodd\" d=\"M7.25606 1.27007L0.526065 8L0 7.47393L6.73 0.743975H0.789112V0H8.00004V7.21087H7.25606V1.27007Z\" fill=\"currentColor\"><\/path><\/svg>                 <\/span>\n            <\/span>\n            <\/span>\n    <\/a>\n\t\t\t\t\t\t<\/div>\n                    \t\t\t\t<\/div>\n\t\t\t<\/article>\n        \t\t<hr class=\"line\" role=\"presentation\"\/>\n\t<\/div>\n    <\/section>","protected":false},"excerpt":{"rendered":"","protected":false},"author":87152,"featured_media":0,"parent":0,"menu_order":0,"comment_status":"closed","ping_status":"closed","template":"","meta":{"_acf_changed":false,"content-type":"","inline_featured_image":false,"ep_exclude_from_search":false,"footnotes":""},"class_list":["post-53646","page","type-page","status-publish","hentry"],"acf":[],"yoast_head":"<!-- This site is optimized with the Yoast SEO plugin v26.3 - https:\/\/yoast.com\/wordpress\/plugins\/seo\/ -->\n<title>Universidade de Basler | Basler Electric<\/title>\n<meta name=\"robots\" content=\"index, follow, max-snippet:-1, max-image-preview:large, max-video-preview:-1\" \/>\n<link rel=\"canonical\" href=\"https:\/\/www.baslerservices.com\/pt-br\/universidade-de-basler\/\" \/>\n<meta property=\"og:locale\" content=\"pt_BR\" \/>\n<meta property=\"og:type\" content=\"article\" \/>\n<meta property=\"og:title\" content=\"Universidade de Basler | Basler Electric\" \/>\n<meta property=\"og:url\" content=\"https:\/\/www.baslerservices.com\/pt-br\/universidade-de-basler\/\" \/>\n<meta property=\"og:site_name\" content=\"Basler Electric\" \/>\n<meta property=\"article:modified_time\" content=\"2025-09-10T22:16:01+00:00\" \/>\n<meta property=\"og:image\" content=\"https:\/\/www.baslerservices.com\/wp-content\/uploads\/2025\/07\/Basler-Default-Image.jpg\" \/>\n\t<meta property=\"og:image:width\" content=\"1920\" \/>\n\t<meta property=\"og:image:height\" content=\"1080\" \/>\n\t<meta property=\"og:image:type\" content=\"image\/jpeg\" \/>\n<meta name=\"twitter:card\" content=\"summary_large_image\" \/>\n<script type=\"application\/ld+json\" class=\"yoast-schema-graph\">{\"@context\":\"https:\/\/schema.org\",\"@graph\":[{\"@type\":\"WebPage\",\"@id\":\"https:\/\/www.baslerservices.com\/pt-br\/universidade-de-basler\/\",\"url\":\"https:\/\/www.baslerservices.com\/pt-br\/universidade-de-basler\/\",\"name\":\"Universidade de Basler | Basler Electric\",\"isPartOf\":{\"@id\":\"https:\/\/catalog.basler.com\/pt-br\/#website\"},\"datePublished\":\"2025-07-15T14:25:16+00:00\",\"dateModified\":\"2025-09-10T22:16:01+00:00\",\"breadcrumb\":{\"@id\":\"https:\/\/www.baslerservices.com\/pt-br\/universidade-de-basler\/#breadcrumb\"},\"inLanguage\":\"pt-BR\",\"potentialAction\":[{\"@type\":\"ReadAction\",\"target\":[\"https:\/\/www.baslerservices.com\/pt-br\/universidade-de-basler\/\"]}]},{\"@type\":\"BreadcrumbList\",\"@id\":\"https:\/\/www.baslerservices.com\/pt-br\/universidade-de-basler\/#breadcrumb\",\"itemListElement\":[{\"@type\":\"ListItem\",\"position\":1,\"name\":\"Home\",\"item\":\"https:\/\/www.bestsoftwaredepot.com\/pt-br\/\"},{\"@type\":\"ListItem\",\"position\":2,\"name\":\"Universidade de Basler\"}]},{\"@type\":\"WebSite\",\"@id\":\"https:\/\/catalog.basler.com\/pt-br\/#website\",\"url\":\"https:\/\/catalog.basler.com\/pt-br\/\",\"name\":\"Basler Electric\",\"description\":\"\",\"publisher\":{\"@id\":\"https:\/\/catalog.basler.com\/pt-br\/#organization\"},\"potentialAction\":[{\"@type\":\"SearchAction\",\"target\":{\"@type\":\"EntryPoint\",\"urlTemplate\":\"https:\/\/catalog.basler.com\/pt-br\/?s={search_term_string}\"},\"query-input\":{\"@type\":\"PropertyValueSpecification\",\"valueRequired\":true,\"valueName\":\"search_term_string\"}}],\"inLanguage\":\"pt-BR\"},{\"@type\":\"Organization\",\"@id\":\"https:\/\/catalog.basler.com\/pt-br\/#organization\",\"name\":\"Basler Electric\",\"url\":\"https:\/\/catalog.basler.com\/pt-br\/\",\"logo\":{\"@type\":\"ImageObject\",\"inLanguage\":\"pt-BR\",\"@id\":\"https:\/\/catalog.basler.com\/pt-br\/#\/schema\/logo\/image\/\",\"url\":\"https:\/\/www.basler.com\/wp-content\/uploads\/2025\/10\/Basler-Logo-Favicon.png\",\"contentUrl\":\"https:\/\/www.basler.com\/wp-content\/uploads\/2025\/10\/Basler-Logo-Favicon.png\",\"width\":512,\"height\":512,\"caption\":\"Basler Electric\"},\"image\":{\"@id\":\"https:\/\/catalog.basler.com\/pt-br\/#\/schema\/logo\/image\/\"}}]}<\/script>\n<!-- \/ Yoast SEO plugin. -->","yoast_head_json":{"title":"Universidade de Basler | Basler Electric","robots":{"index":"index","follow":"follow","max-snippet":"max-snippet:-1","max-image-preview":"max-image-preview:large","max-video-preview":"max-video-preview:-1"},"canonical":"https:\/\/www.baslerservices.com\/pt-br\/universidade-de-basler\/","og_locale":"pt_BR","og_type":"article","og_title":"Universidade de Basler | Basler Electric","og_url":"https:\/\/www.baslerservices.com\/pt-br\/universidade-de-basler\/","og_site_name":"Basler Electric","article_modified_time":"2025-09-10T22:16:01+00:00","og_image":[{"width":1920,"height":1080,"url":"https:\/\/www.baslerservices.com\/wp-content\/uploads\/2025\/07\/Basler-Default-Image.jpg","type":"image\/jpeg"}],"twitter_card":"summary_large_image","schema":{"@context":"https:\/\/schema.org","@graph":[{"@type":"WebPage","@id":"https:\/\/www.baslerservices.com\/pt-br\/universidade-de-basler\/","url":"https:\/\/www.baslerservices.com\/pt-br\/universidade-de-basler\/","name":"Universidade de Basler | Basler Electric","isPartOf":{"@id":"https:\/\/catalog.basler.com\/pt-br\/#website"},"datePublished":"2025-07-15T14:25:16+00:00","dateModified":"2025-09-10T22:16:01+00:00","breadcrumb":{"@id":"https:\/\/www.baslerservices.com\/pt-br\/universidade-de-basler\/#breadcrumb"},"inLanguage":"pt-BR","potentialAction":[{"@type":"ReadAction","target":["https:\/\/www.baslerservices.com\/pt-br\/universidade-de-basler\/"]}]},{"@type":"BreadcrumbList","@id":"https:\/\/www.baslerservices.com\/pt-br\/universidade-de-basler\/#breadcrumb","itemListElement":[{"@type":"ListItem","position":1,"name":"Home","item":"https:\/\/www.bestsoftwaredepot.com\/pt-br\/"},{"@type":"ListItem","position":2,"name":"Universidade de Basler"}]},{"@type":"WebSite","@id":"https:\/\/catalog.basler.com\/pt-br\/#website","url":"https:\/\/catalog.basler.com\/pt-br\/","name":"Basler Electric","description":"","publisher":{"@id":"https:\/\/catalog.basler.com\/pt-br\/#organization"},"potentialAction":[{"@type":"SearchAction","target":{"@type":"EntryPoint","urlTemplate":"https:\/\/catalog.basler.com\/pt-br\/?s={search_term_string}"},"query-input":{"@type":"PropertyValueSpecification","valueRequired":true,"valueName":"search_term_string"}}],"inLanguage":"pt-BR"},{"@type":"Organization","@id":"https:\/\/catalog.basler.com\/pt-br\/#organization","name":"Basler Electric","url":"https:\/\/catalog.basler.com\/pt-br\/","logo":{"@type":"ImageObject","inLanguage":"pt-BR","@id":"https:\/\/catalog.basler.com\/pt-br\/#\/schema\/logo\/image\/","url":"https:\/\/www.basler.com\/wp-content\/uploads\/2025\/10\/Basler-Logo-Favicon.png","contentUrl":"https:\/\/www.basler.com\/wp-content\/uploads\/2025\/10\/Basler-Logo-Favicon.png","width":512,"height":512,"caption":"Basler Electric"},"image":{"@id":"https:\/\/catalog.basler.com\/pt-br\/#\/schema\/logo\/image\/"}}]}},"_links":{"self":[{"href":"https:\/\/www.baslerservices.com\/pt-br\/wp-json\/wp\/v2\/pages\/53646","targetHints":{"allow":["GET"]}}],"collection":[{"href":"https:\/\/www.baslerservices.com\/pt-br\/wp-json\/wp\/v2\/pages"}],"about":[{"href":"https:\/\/www.baslerservices.com\/pt-br\/wp-json\/wp\/v2\/types\/page"}],"author":[{"embeddable":true,"href":"https:\/\/www.baslerservices.com\/pt-br\/wp-json\/wp\/v2\/users\/87152"}],"replies":[{"embeddable":true,"href":"https:\/\/www.baslerservices.com\/pt-br\/wp-json\/wp\/v2\/comments?post=53646"}],"version-history":[{"count":1,"href":"https:\/\/www.baslerservices.com\/pt-br\/wp-json\/wp\/v2\/pages\/53646\/revisions"}],"predecessor-version":[{"id":53664,"href":"https:\/\/www.baslerservices.com\/pt-br\/wp-json\/wp\/v2\/pages\/53646\/revisions\/53664"}],"wp:attachment":[{"href":"https:\/\/www.baslerservices.com\/pt-br\/wp-json\/wp\/v2\/media?parent=53646"}],"curies":[{"name":"wp","href":"https:\/\/api.w.org\/{rel}","templated":true}]}}