{"id":53586,"date":"2025-07-17T23:38:35","date_gmt":"2025-07-18T04:38:35","guid":{"rendered":"https:\/\/www.basler.com\/atualizacoes-do-sistema-de-excitacao\/"},"modified":"2025-09-10T17:17:16","modified_gmt":"2025-09-10T22:17:16","slug":"atualizacoes-do-sistema-de-excitacao","status":"publish","type":"page","link":"https:\/\/www.baslerservices.com\/pt-br\/e%c2%b2-servicos-de-engenharia\/atualizacoes-do-sistema-de-excitacao\/","title":{"rendered":"Atualiza\u00e7\u00f5es do sistema de excita\u00e7\u00e3o"},"content":{"rendered":"<section  data-block-id=\"hammer_block_d9029656a5f77b5c9b554c1d93042d78\" data-block=\"bar-headline-links\" class=\"block block-bar-headline-links bar-headline-links\">\t<div class=\"wrapper\">\n\t\t<h1 id=\"hammer_component_69d2ac3690f10\" data-component=\"headline\" class=\"component component-headline headline style-default\">Basler Services, LLC: Atualiza&ccedil;&otilde;es do sistema de excita&ccedil;&atilde;o<\/h1>\n\n\t\t\t<\/div>\n\t<\/section><section  data-block-id=\"hammer_block_2d8450ff009c524dca148f827619ae40\" data-block=\"text-2\" class=\"block block-text-2 text-2 bg-luz spacing-top-pequeno spacing-bottom-default\">    <div class=\"wrapper\">\n        \n                    <div class=\"columns single-column\">\n                                    <div class=\"column\">\n                        <div id=\"hammer_component_69d2ac369abab\" data-component=\"rich-text\" class=\"component component-rich-text rich-text\"><p>Desde 1986, a Basler Services, LLC tem fornecido uma solu&ccedil;&atilde;o completa para equipamentos de sistemas de excita&ccedil;&atilde;o. N&atilde;o importa se o cliente precisa de uma atualiza&ccedil;&atilde;o de um sistema existente ou de um sistema totalmente novo. Nossos especialistas em engenharia e instala&ccedil;&atilde;o atualizaram sistemas anal&oacute;gicos para novos controles digitais em mais de 150 sistemas, desde unidades a diesel at&eacute; unidades de turbinas a vapor, hidrel&eacute;tricas e de combust&atilde;o.  <\/p>\n<p>Nossos especialistas em engenharia t&ecirc;m experi&ecirc;ncia direta de trabalho para os principais fabricantes de equipamentos originais (OEMs) e experi&ecirc;ncia pr&aacute;tica espec&iacute;fica com o projeto inicial do sistema e a inicializa&ccedil;&atilde;o do sistema na maioria dos sistemas de excita&ccedil;&atilde;o est&aacute;tica originais instalados nas d&eacute;cadas de 1960 a 1990. Alguns desses sistemas incluem o GE Frame 5\/6\/7\/9, o Westinghouse W251\/W501 e as unidades GE LM2500\/LM5000. <\/p>\n<p>Fornecemos atualiza&ccedil;&otilde;es do sistema de excita&ccedil;&atilde;o est&aacute;tica em qualquer tipo de sistema de gera&ccedil;&atilde;o, incluindo os seguintes sistemas: (alguns dos quais n&atilde;o s&atilde;o mais suportados pelos OEMs)<\/p>\n<\/div>\n                    <\/div>\n                            <\/div>\n        \n            <\/div>\n    <\/section><section  data-block-id=\"hammer_block_b2940f3fd5839994520e752aac6b1c85\" data-block=\"text-2\" class=\"block block-text-2 text-2 bg-escuro spacing-top-default spacing-bottom-default\">    <div class=\"wrapper\">\n                    <div class=\"headline-wrapper\">\n                <h2 id=\"hammer_component_69d2ac369eec7\" data-component=\"headline\" class=\"component component-headline headline style-default\">CONTE&Uacute;DO ABAIXO EM BREVE<\/h2>\n            <\/div>\n        \n                    <div class=\"columns \">\n                                    <div class=\"column\">\n                        <div id=\"hammer_component_69d2ac369f0d7\" data-component=\"rich-text\" class=\"component component-rich-text rich-text\"><ul>\n<li><span style=\"color: #ffffff;\"><a style=\"color: #ffffff;\" href=\"http:\/\/www.basler.com\/Downloads\/DECS-15\">Basler DECS-15<\/a><\/span><\/li>\n<li><span style=\"color: #ffffff;\"><a style=\"color: #ffffff;\" href=\"https:\/\/www.basler.com\/Product\/DECS-100-Digital-Excitation-Control-System\">Basler DECS-100<\/a><\/span><\/li>\n<li><span style=\"color: #ffffff;\"><a style=\"color: #ffffff;\" href=\"https:\/\/www.basler.com\/Product\/DECS-150-Digital-Excitation-Control-System\/\">Basler DECS-150<\/a><\/span><\/li>\n<li><span style=\"color: #ffffff;\"><a style=\"color: #ffffff;\" href=\"http:\/\/www.basler.com\/Downloads\/DECS-200\">Basler DECS-200<\/a><\/span><\/li>\n<li><span style=\"color: #ffffff;\"><a style=\"color: #ffffff;\" href=\"http:\/\/www.basler.com\/Downloads\/DECS-200N\">Basler DECS-200N<\/a><\/span><\/li>\n<li><span style=\"color: #ffffff;\"><a style=\"color: #ffffff;\" href=\"https:\/\/www.basler.com\/Product\/DECS-250-Digital-Excitation-Control-System\">Basler DECS-250<\/a><\/span><\/li>\n<li><span style=\"color: #ffffff;\"><a style=\"color: #ffffff;\" href=\"https:\/\/www.basler.com\/Product\/DECS-250E-Digital-Excitation-Control-System\">Basler DECS-250E<\/a><\/span><\/li>\n<li><span style=\"color: #ffffff;\"><a style=\"color: #ffffff;\" href=\"https:\/\/www.basler.com\/Product\/DECS-250N-Digital-Excitation-Control-System-Negative-Forcing\">Basler DECS-250N<\/a><\/span><\/li>\n<li><span style=\"color: #ffffff;\"><a style=\"color: #ffffff;\" href=\"http:\/\/www.basler.com\/Downloads\/DECS-300\">Basler DECS-300<\/a><\/span><\/li>\n<li><span style=\"color: #ffffff;\"><a style=\"color: #ffffff;\" href=\"https:\/\/www.basler.com\/Product\/DECS-400-Digital-Excitation-Control-System\">Basler DECS-400<\/a><\/span><\/li>\n<li><span style=\"color: #ffffff;\"><a style=\"color: #ffffff;\" href=\"https:\/\/www.basler.com\/Product\/DECS-2100-Digital-Excitation-Control-System\">Basler DECS-2100<\/a><\/span><\/li>\n<li><span style=\"color: #ffffff;\"><a style=\"color: #ffffff;\" href=\"http:\/\/www.basler.com\/Product\/DECS-2100-Digital-Excitation-Control-System\">Basler ECS2100<\/a><\/span><\/li>\n<li><span style=\"color: #ffffff;\"><a style=\"color: #ffffff;\" href=\"http:\/\/www.basler.com\/Downloads\/SSE%20Regulator\">Basler Electric SSE<\/a><\/span><\/li>\n<li><span style=\"color: #ffffff;\"><a style=\"color: #ffffff;\" href=\"https:\/\/www.basler.com\/Product\/SR-Retrofit-SSR-Retrofit-Voltage-Regulators\">Reguladores el&eacute;tricos SR da Basler<\/a><\/span><\/li>\n<\/ul>\n<\/div>\n                    <\/div>\n                                    <div class=\"column\">\n                        <div id=\"hammer_component_69d2ac369f2a5\" data-component=\"rich-text\" class=\"component component-rich-text rich-text\"><ul>\n<li>Allis Chalmers REGULEX<\/li>\n<li>Reguladores EM<\/li>\n<li>EMD Vickers<\/li>\n<li>Regulador GE 3S7930SA<\/li>\n<li>Regulador GE 3GFA<\/li>\n<li>GE ALTERREX<\/li>\n<li>GE ALTHYREX<\/li>\n<li>GE AMPLIDYNE<\/li>\n<li>GE BUS FED\/Fonte potencial<\/li>\n<li>Regulador GE DS3820<\/li>\n<li>GE EX2000\n<ul class=\"ESU_subList__2YdzB\">\n<li>GE GENERREX<\/li>\n<\/ul>\n<\/li>\n<li>GE SHUNT SCR<\/li>\n<li>GE SCT-PPT<\/li>\n<\/ul>\n<\/div>\n                    <\/div>\n                            <\/div>\n        \n            <\/div>\n    <\/section><section  data-block-id=\"hammer_block_33d0dae1d9d18c61b526e50ec1840f8b\" data-block=\"text-2\" class=\"block block-text-2 text-2 bg-luz spacing-top-default spacing-bottom-default\">    <div class=\"wrapper\">\n        \n                    <div class=\"columns single-column\">\n                                    <div class=\"column\">\n                        <div id=\"hammer_component_69d2ac36a1f13\" data-component=\"rich-text\" class=\"component component-rich-text rich-text\"><p>A Basler Services pode instalar um sistema de excita&ccedil;&atilde;o est&aacute;tica digital pr&eacute;-embalado em um gabinete NEMA 1. Tamb&eacute;m podemos instalar um sistema &ldquo;shipped-loose&rdquo; em um gabinete ou painel de controle de gerador existente, usando os cabos existentes conectados &agrave;s placas de terminais. Isso diminui o tempo de inatividade e reduz os custos do projeto.  <\/p>\n<p>Nossa experi&ecirc;ncia com atualiza&ccedil;&otilde;es e retrofits de sistemas de excita&ccedil;&atilde;o nos permite selecionar a tecnologia e os equipamentos existentes mais adequados para atender &agrave;s necessidades de nossos clientes.<\/p>\n<p>A Basler Services oferece uma solu&ccedil;&atilde;o completa e pronta para uso ou um pacote personalizado de servi&ccedil;os com base nos requisitos do projeto, incluindo a interface com sistemas de controle de automa&ccedil;&atilde;o e sistemas DCS novos ou existentes usando arquiteturas de comunica&ccedil;&atilde;o abertas, como o Modbus&reg;. A Basler Services fornece interfaces homem-m&aacute;quina (HMIs) personalizadas e programa&ccedil;&atilde;o para que voc&ecirc; se integre perfeitamente aos ambientes operacionais existentes de nossos clientes. <\/p>\n<\/div>\n                    <\/div>\n                            <\/div>\n        \n            <\/div>\n    <\/section>","protected":false},"excerpt":{"rendered":"","protected":false},"author":1,"featured_media":0,"parent":53856,"menu_order":0,"comment_status":"closed","ping_status":"closed","template":"","meta":{"_acf_changed":false,"content-type":"","inline_featured_image":false,"ep_exclude_from_search":false,"footnotes":""},"class_list":["post-53586","page","type-page","status-publish","hentry"],"acf":[],"yoast_head":"<!-- This site is optimized with the Yoast SEO plugin v26.3 - https:\/\/yoast.com\/wordpress\/plugins\/seo\/ -->\n<title>Atualiza\u00e7\u00f5es do sistema de excita\u00e7\u00e3o | Basler Electric<\/title>\n<meta name=\"robots\" content=\"index, follow, max-snippet:-1, max-image-preview:large, max-video-preview:-1\" \/>\n<link rel=\"canonical\" href=\"https:\/\/www.baslerservices.com\/pt-br\/e%c2%b2-servicos-de-engenharia\/atualizacoes-do-sistema-de-excitacao\/\" \/>\n<meta property=\"og:locale\" content=\"pt_BR\" \/>\n<meta property=\"og:type\" content=\"article\" \/>\n<meta property=\"og:title\" content=\"Atualiza\u00e7\u00f5es do sistema de excita\u00e7\u00e3o | Basler Electric\" \/>\n<meta property=\"og:url\" content=\"https:\/\/www.baslerservices.com\/pt-br\/e%c2%b2-servicos-de-engenharia\/atualizacoes-do-sistema-de-excitacao\/\" \/>\n<meta property=\"og:site_name\" content=\"Basler Electric\" \/>\n<meta property=\"article:modified_time\" content=\"2025-09-10T22:17:16+00:00\" \/>\n<meta property=\"og:image\" content=\"https:\/\/www.baslerservices.com\/wp-content\/uploads\/2025\/07\/Basler-Default-Image.jpg\" \/>\n\t<meta property=\"og:image:width\" content=\"1920\" \/>\n\t<meta property=\"og:image:height\" content=\"1080\" \/>\n\t<meta property=\"og:image:type\" content=\"image\/jpeg\" \/>\n<meta name=\"twitter:card\" content=\"summary_large_image\" \/>\n<script type=\"application\/ld+json\" class=\"yoast-schema-graph\">{\"@context\":\"https:\/\/schema.org\",\"@graph\":[{\"@type\":\"WebPage\",\"@id\":\"https:\/\/www.baslerservices.com\/pt-br\/e%c2%b2-servicos-de-engenharia\/atualizacoes-do-sistema-de-excitacao\/\",\"url\":\"https:\/\/www.baslerservices.com\/pt-br\/e%c2%b2-servicos-de-engenharia\/atualizacoes-do-sistema-de-excitacao\/\",\"name\":\"Atualiza\u00e7\u00f5es do sistema de excita\u00e7\u00e3o | Basler Electric\",\"isPartOf\":{\"@id\":\"https:\/\/catalog.basler.com\/#website\"},\"datePublished\":\"2025-07-18T04:38:35+00:00\",\"dateModified\":\"2025-09-10T22:17:16+00:00\",\"breadcrumb\":{\"@id\":\"https:\/\/www.baslerservices.com\/pt-br\/e%c2%b2-servicos-de-engenharia\/atualizacoes-do-sistema-de-excitacao\/#breadcrumb\"},\"inLanguage\":\"pt-BR\",\"potentialAction\":[{\"@type\":\"ReadAction\",\"target\":[\"https:\/\/www.baslerservices.com\/pt-br\/e%c2%b2-servicos-de-engenharia\/atualizacoes-do-sistema-de-excitacao\/\"]}]},{\"@type\":\"BreadcrumbList\",\"@id\":\"https:\/\/www.baslerservices.com\/pt-br\/e%c2%b2-servicos-de-engenharia\/atualizacoes-do-sistema-de-excitacao\/#breadcrumb\",\"itemListElement\":[{\"@type\":\"ListItem\",\"position\":1,\"name\":\"Home\",\"item\":\"https:\/\/www.bestsoftwaredepot.com\/pt-br\/\"},{\"@type\":\"ListItem\",\"position\":2,\"name\":\"E\u00b2 Servi\u00e7os de Engenharia\",\"item\":\"https:\/\/www.bestsoftwaredepot.com\/pt-br\/e%c2%b2-servicos-de-engenharia\/\"},{\"@type\":\"ListItem\",\"position\":3,\"name\":\"Atualiza\u00e7\u00f5es do sistema de excita\u00e7\u00e3o\"}]},{\"@type\":\"WebSite\",\"@id\":\"https:\/\/catalog.basler.com\/#website\",\"url\":\"https:\/\/catalog.basler.com\/\",\"name\":\"Basler Electric\",\"description\":\"\",\"publisher\":{\"@id\":\"https:\/\/catalog.basler.com\/#organization\"},\"potentialAction\":[{\"@type\":\"SearchAction\",\"target\":{\"@type\":\"EntryPoint\",\"urlTemplate\":\"https:\/\/catalog.basler.com\/?s={search_term_string}\"},\"query-input\":{\"@type\":\"PropertyValueSpecification\",\"valueRequired\":true,\"valueName\":\"search_term_string\"}}],\"inLanguage\":\"pt-BR\"},{\"@type\":\"Organization\",\"@id\":\"https:\/\/catalog.basler.com\/#organization\",\"name\":\"Basler Electric\",\"url\":\"https:\/\/catalog.basler.com\/\",\"logo\":{\"@type\":\"ImageObject\",\"inLanguage\":\"pt-BR\",\"@id\":\"https:\/\/catalog.basler.com\/#\/schema\/logo\/image\/\",\"url\":\"https:\/\/www.basler.com\/wp-content\/uploads\/2025\/10\/Basler-Logo-Favicon.png\",\"contentUrl\":\"https:\/\/www.basler.com\/wp-content\/uploads\/2025\/10\/Basler-Logo-Favicon.png\",\"width\":512,\"height\":512,\"caption\":\"Basler Electric\"},\"image\":{\"@id\":\"https:\/\/catalog.basler.com\/#\/schema\/logo\/image\/\"}}]}<\/script>\n<!-- \/ Yoast SEO plugin. -->","yoast_head_json":{"title":"Atualiza\u00e7\u00f5es do sistema de excita\u00e7\u00e3o | Basler Electric","robots":{"index":"index","follow":"follow","max-snippet":"max-snippet:-1","max-image-preview":"max-image-preview:large","max-video-preview":"max-video-preview:-1"},"canonical":"https:\/\/www.baslerservices.com\/pt-br\/e%c2%b2-servicos-de-engenharia\/atualizacoes-do-sistema-de-excitacao\/","og_locale":"pt_BR","og_type":"article","og_title":"Atualiza\u00e7\u00f5es do sistema de excita\u00e7\u00e3o | Basler Electric","og_url":"https:\/\/www.baslerservices.com\/pt-br\/e%c2%b2-servicos-de-engenharia\/atualizacoes-do-sistema-de-excitacao\/","og_site_name":"Basler Electric","article_modified_time":"2025-09-10T22:17:16+00:00","og_image":[{"width":1920,"height":1080,"url":"https:\/\/www.baslerservices.com\/wp-content\/uploads\/2025\/07\/Basler-Default-Image.jpg","type":"image\/jpeg"}],"twitter_card":"summary_large_image","schema":{"@context":"https:\/\/schema.org","@graph":[{"@type":"WebPage","@id":"https:\/\/www.baslerservices.com\/pt-br\/e%c2%b2-servicos-de-engenharia\/atualizacoes-do-sistema-de-excitacao\/","url":"https:\/\/www.baslerservices.com\/pt-br\/e%c2%b2-servicos-de-engenharia\/atualizacoes-do-sistema-de-excitacao\/","name":"Atualiza\u00e7\u00f5es do sistema de excita\u00e7\u00e3o | Basler Electric","isPartOf":{"@id":"https:\/\/catalog.basler.com\/#website"},"datePublished":"2025-07-18T04:38:35+00:00","dateModified":"2025-09-10T22:17:16+00:00","breadcrumb":{"@id":"https:\/\/www.baslerservices.com\/pt-br\/e%c2%b2-servicos-de-engenharia\/atualizacoes-do-sistema-de-excitacao\/#breadcrumb"},"inLanguage":"pt-BR","potentialAction":[{"@type":"ReadAction","target":["https:\/\/www.baslerservices.com\/pt-br\/e%c2%b2-servicos-de-engenharia\/atualizacoes-do-sistema-de-excitacao\/"]}]},{"@type":"BreadcrumbList","@id":"https:\/\/www.baslerservices.com\/pt-br\/e%c2%b2-servicos-de-engenharia\/atualizacoes-do-sistema-de-excitacao\/#breadcrumb","itemListElement":[{"@type":"ListItem","position":1,"name":"Home","item":"https:\/\/www.bestsoftwaredepot.com\/pt-br\/"},{"@type":"ListItem","position":2,"name":"E\u00b2 Servi\u00e7os de Engenharia","item":"https:\/\/www.bestsoftwaredepot.com\/pt-br\/e%c2%b2-servicos-de-engenharia\/"},{"@type":"ListItem","position":3,"name":"Atualiza\u00e7\u00f5es do sistema de excita\u00e7\u00e3o"}]},{"@type":"WebSite","@id":"https:\/\/catalog.basler.com\/#website","url":"https:\/\/catalog.basler.com\/","name":"Basler Electric","description":"","publisher":{"@id":"https:\/\/catalog.basler.com\/#organization"},"potentialAction":[{"@type":"SearchAction","target":{"@type":"EntryPoint","urlTemplate":"https:\/\/catalog.basler.com\/?s={search_term_string}"},"query-input":{"@type":"PropertyValueSpecification","valueRequired":true,"valueName":"search_term_string"}}],"inLanguage":"pt-BR"},{"@type":"Organization","@id":"https:\/\/catalog.basler.com\/#organization","name":"Basler Electric","url":"https:\/\/catalog.basler.com\/","logo":{"@type":"ImageObject","inLanguage":"pt-BR","@id":"https:\/\/catalog.basler.com\/#\/schema\/logo\/image\/","url":"https:\/\/www.basler.com\/wp-content\/uploads\/2025\/10\/Basler-Logo-Favicon.png","contentUrl":"https:\/\/www.basler.com\/wp-content\/uploads\/2025\/10\/Basler-Logo-Favicon.png","width":512,"height":512,"caption":"Basler Electric"},"image":{"@id":"https:\/\/catalog.basler.com\/#\/schema\/logo\/image\/"}}]}},"_links":{"self":[{"href":"https:\/\/www.baslerservices.com\/pt-br\/wp-json\/wp\/v2\/pages\/53586","targetHints":{"allow":["GET"]}}],"collection":[{"href":"https:\/\/www.baslerservices.com\/pt-br\/wp-json\/wp\/v2\/pages"}],"about":[{"href":"https:\/\/www.baslerservices.com\/pt-br\/wp-json\/wp\/v2\/types\/page"}],"author":[{"embeddable":true,"href":"https:\/\/www.baslerservices.com\/pt-br\/wp-json\/wp\/v2\/users\/1"}],"replies":[{"embeddable":true,"href":"https:\/\/www.baslerservices.com\/pt-br\/wp-json\/wp\/v2\/comments?post=53586"}],"version-history":[{"count":3,"href":"https:\/\/www.baslerservices.com\/pt-br\/wp-json\/wp\/v2\/pages\/53586\/revisions"}],"predecessor-version":[{"id":53591,"href":"https:\/\/www.baslerservices.com\/pt-br\/wp-json\/wp\/v2\/pages\/53586\/revisions\/53591"}],"up":[{"embeddable":true,"href":"https:\/\/www.baslerservices.com\/pt-br\/wp-json\/wp\/v2\/pages\/53856"}],"wp:attachment":[{"href":"https:\/\/www.baslerservices.com\/pt-br\/wp-json\/wp\/v2\/media?parent=53586"}],"curies":[{"name":"wp","href":"https:\/\/api.w.org\/{rel}","templated":true}]}}