{"id":53531,"date":"2025-06-30T21:18:44","date_gmt":"2025-07-01T02:18:44","guid":{"rendered":"https:\/\/www.basler.com\/suporte-tecnico-24-horas-por-dia-7-dias-por-semana\/"},"modified":"2025-09-10T17:14:09","modified_gmt":"2025-09-10T22:14:09","slug":"suporte-tecnico-24-horas-por-dia-7-dias-por-semana","status":"publish","type":"page","link":"https:\/\/www.baslerservices.com\/pt-br\/suporte-tecnico-24-horas-por-dia-7-dias-por-semana\/","title":{"rendered":"Suporte t\u00e9cnico 24 horas por dia, 7 dias por semana"},"content":{"rendered":"<section  data-block-id=\"hammer_block_3ff2bb27174a7f771ab87c5114ee7f3c\" data-block=\"hero-main\" class=\"block block-hero-main hero-main\">    <div id=\"hammer_component_69d7658e349be\" data-component=\"image-video\" class=\"component component-image-video image-video has-overlay\"><figure id=\"hammer_component_69d7658e34a00\" data-component=\"image\" class=\"component component-image image has-overlay\">\n        <picture class=\"picture\">\n            <img fetchpriority=\"high\" decoding=\"async\" width=\"1080\" height=\"700\" src=\"https:\/\/www.baslerservices.com\/wp-content\/uploads\/2025\/07\/Untitled-2-16.png\" class=\"img\" alt=\"\" loading=\"eager\" title=\"\" srcset=\"https:\/\/www.baslerservices.com\/wp-content\/uploads\/2025\/07\/Untitled-2-16.png 1080w, https:\/\/www.baslerservices.com\/wp-content\/uploads\/2025\/07\/Untitled-2-16-768x498.png 768w, https:\/\/www.baslerservices.com\/wp-content\/uploads\/2025\/07\/Untitled-2-16-1024x664.png 1024w, https:\/\/www.baslerservices.com\/wp-content\/uploads\/2025\/07\/Untitled-2-16-150x97.png 150w, https:\/\/www.baslerservices.com\/wp-content\/uploads\/2025\/07\/Untitled-2-16-414x268.png 414w\" sizes=\"(max-width: 1080px) 100vw, 1080px\">        <\/picture>\n\n            <\/figure>\n<\/div>\n\t<div class=\"wrapper\">\n        <h2 id=\"hammer_component_69d7658e35033\" data-component=\"headline\" class=\"component component-headline headline style-default\">Suporte t&eacute;cnico 24 horas por dia, 7 dias por semana  <\/h2>\n\t<\/div>\n\n        <\/section><section  data-block-id=\"hammer_block_945688dfdf9b7998934355a41a54f48b\" data-block=\"text-2\" class=\"block block-text-2 text-2 bg-luz spacing-top-pequeno spacing-bottom-pequeno\">    <div class=\"wrapper\">\n                    <div class=\"headline-wrapper\">\n                <h2 id=\"hammer_component_69d7658e40a90\" data-component=\"headline\" class=\"component component-headline headline style-default\">O suporte t&eacute;cnico por telefone est&aacute; dispon&iacute;vel a qualquer hora do dia ou da noite, todos os dias do ano.<\/h2>\n            <\/div>\n        \n                    <div class=\"columns \">\n                                    <div class=\"column\">\n                        <div id=\"hammer_component_69d7658e4926d\" data-component=\"rich-text\" class=\"component component-rich-text rich-text\"><p><strong>Sede global<br>\n<\/strong>Highland, Illinois, EUA<br>\n 618<a href=\"tel:618.654.2341\">.654.2341<\/a><br>\n<a href=\"mailto:USATechSupport@basler.com\">USATechSupport@basler.com<\/a><\/p>\n<\/div>\n                    <\/div>\n                                    <div class=\"column\">\n                        <div id=\"hammer_component_69d7658e492cc\" data-component=\"rich-text\" class=\"component component-rich-text rich-text\"><p><strong>Basler Electric &ndash; Suzhou<br>\n<\/strong>Basler Electric (Suzhou) Co., Ltd<br>\n<a href=\"mailto:86.512.8227.2881\">86.512.8227.2881<\/a><br>\n<a href=\"mailto:ChinaTechSupport@basler.com\">ChinaTechSupport@basler.com<\/a><\/p>\n<\/div>\n                    <\/div>\n                            <\/div>\n        \n            <\/div>\n    <\/section><div  data-block-id=\"hammer_block_90330069a15119585e3c1e7fa79b279a\" data-block=\"container-background\" class=\"block block-container-background container-background\"><div id=\"hammer_component_69d76590165ec\" data-component=\"image-video\" class=\"component component-image-video image-video\"><figure id=\"hammer_component_69d765901661b\" data-component=\"image\" class=\"component component-image image\">\n        <picture class=\"picture\">\n            <img decoding=\"async\" width=\"1560\" height=\"700\" src=\"https:\/\/www.baslerservices.com\/wp-content\/uploads\/2025\/07\/Web-Heros-22-1-1.png\" class=\"img\" alt=\"\" loading=\"eager\" title=\"\" srcset=\"https:\/\/www.baslerservices.com\/wp-content\/uploads\/2025\/07\/Web-Heros-22-1-1.png 1560w, https:\/\/www.baslerservices.com\/wp-content\/uploads\/2025\/07\/Web-Heros-22-1-1-768x345.png 768w, https:\/\/www.baslerservices.com\/wp-content\/uploads\/2025\/07\/Web-Heros-22-1-1-1024x459.png 1024w, https:\/\/www.baslerservices.com\/wp-content\/uploads\/2025\/07\/Web-Heros-22-1-1-150x67.png 150w, https:\/\/www.baslerservices.com\/wp-content\/uploads\/2025\/07\/Web-Heros-22-1-1-414x186.png 414w\" sizes=\"(max-width: 1560px) 100vw, 1560px\">        <\/picture>\n\n            <\/figure>\n<\/div>\n\n<div  data-block-id=\"hammer_block_c4a96b2d03faa5b540538decb57730b1\" data-block=\"container\" class=\"block block-container container\">\n<div  data-block-id=\"hammer_block_c9dc914ad6f3e286535673bf068dc812\" data-block=\"text\" class=\"block block-text text component-rich-text type-par\u00e1grafo size-medium style-escuro\"><h1>Os servi\u00e7os de emerg\u00eancia ap\u00f3s o expediente incluem:<\/h1>\n<p>&nbsp;<\/p>\n<\/div>\n\n<div  data-block-id=\"hammer_block_1c003bbb253dc2860cdb9cf5cc73b389\" data-block=\"text\" class=\"block block-text text component-rich-text type-par\u00e1grafo size-medium style-escuro\"><h2>Solu\u00e7\u00e3o de problemas de sistemas de excita\u00e7\u00e3o<\/h2>\n<h2>An\u00e1lise de dados de falhas de prote\u00e7\u00e3o<\/h2>\n<h2>Suporte \u00e0 inicializa\u00e7\u00e3o do gerador<\/h2>\n<h2>An\u00e1lise do produto de substitui\u00e7\u00e3o<\/h2>\n<h2>Avalia\u00e7\u00e3o de configura\u00e7\u00f5es personalizadas<\/h2>\n<h2>E muito mais! Entre em contato conosco para obter suporte hoje mesmo. <\/h2>\n<\/div>\n<\/div>\n<\/div>","protected":false},"excerpt":{"rendered":"","protected":false},"author":1,"featured_media":0,"parent":0,"menu_order":0,"comment_status":"closed","ping_status":"closed","template":"","meta":{"_acf_changed":false,"content-type":"","inline_featured_image":false,"ep_exclude_from_search":false,"footnotes":""},"class_list":["post-53531","page","type-page","status-publish","hentry"],"acf":[],"yoast_head":"<!-- This site is optimized with the Yoast SEO plugin v26.3 - https:\/\/yoast.com\/wordpress\/plugins\/seo\/ -->\n<title>Suporte t\u00e9cnico 24 horas por dia, 7 dias por semana | Basler Electric<\/title>\n<meta name=\"robots\" content=\"index, follow, max-snippet:-1, max-image-preview:large, max-video-preview:-1\" \/>\n<link rel=\"canonical\" href=\"https:\/\/www.baslerservices.com\/pt-br\/suporte-tecnico-24-horas-por-dia-7-dias-por-semana\/\" \/>\n<meta property=\"og:locale\" content=\"pt_BR\" \/>\n<meta property=\"og:type\" content=\"article\" \/>\n<meta property=\"og:title\" content=\"Suporte t\u00e9cnico 24 horas por dia, 7 dias por semana | Basler Electric\" \/>\n<meta property=\"og:url\" content=\"https:\/\/www.baslerservices.com\/pt-br\/suporte-tecnico-24-horas-por-dia-7-dias-por-semana\/\" \/>\n<meta property=\"og:site_name\" content=\"Basler Electric\" \/>\n<meta property=\"article:modified_time\" content=\"2025-09-10T22:14:09+00:00\" \/>\n<meta property=\"og:image\" content=\"https:\/\/www.baslerservices.com\/wp-content\/uploads\/2025\/07\/Basler-Default-Image.jpg\" \/>\n\t<meta property=\"og:image:width\" content=\"1920\" \/>\n\t<meta property=\"og:image:height\" content=\"1080\" \/>\n\t<meta property=\"og:image:type\" content=\"image\/jpeg\" \/>\n<meta name=\"twitter:card\" content=\"summary_large_image\" \/>\n<script type=\"application\/ld+json\" class=\"yoast-schema-graph\">{\"@context\":\"https:\/\/schema.org\",\"@graph\":[{\"@type\":\"WebPage\",\"@id\":\"https:\/\/www.baslerservices.com\/pt-br\/suporte-tecnico-24-horas-por-dia-7-dias-por-semana\/\",\"url\":\"https:\/\/www.baslerservices.com\/pt-br\/suporte-tecnico-24-horas-por-dia-7-dias-por-semana\/\",\"name\":\"Suporte t\u00e9cnico 24 horas por dia, 7 dias por semana | Basler Electric\",\"isPartOf\":{\"@id\":\"https:\/\/catalog.basler.com\/#website\"},\"datePublished\":\"2025-07-01T02:18:44+00:00\",\"dateModified\":\"2025-09-10T22:14:09+00:00\",\"breadcrumb\":{\"@id\":\"https:\/\/www.baslerservices.com\/pt-br\/suporte-tecnico-24-horas-por-dia-7-dias-por-semana\/#breadcrumb\"},\"inLanguage\":\"pt-BR\",\"potentialAction\":[{\"@type\":\"ReadAction\",\"target\":[\"https:\/\/www.baslerservices.com\/pt-br\/suporte-tecnico-24-horas-por-dia-7-dias-por-semana\/\"]}]},{\"@type\":\"BreadcrumbList\",\"@id\":\"https:\/\/www.baslerservices.com\/pt-br\/suporte-tecnico-24-horas-por-dia-7-dias-por-semana\/#breadcrumb\",\"itemListElement\":[{\"@type\":\"ListItem\",\"position\":1,\"name\":\"Home\",\"item\":\"https:\/\/www.bestsoftwaredepot.com\/pt-br\/\"},{\"@type\":\"ListItem\",\"position\":2,\"name\":\"Suporte t\u00e9cnico 24 horas por dia, 7 dias por semana\"}]},{\"@type\":\"WebSite\",\"@id\":\"https:\/\/catalog.basler.com\/#website\",\"url\":\"https:\/\/catalog.basler.com\/\",\"name\":\"Basler Electric\",\"description\":\"\",\"publisher\":{\"@id\":\"https:\/\/catalog.basler.com\/#organization\"},\"potentialAction\":[{\"@type\":\"SearchAction\",\"target\":{\"@type\":\"EntryPoint\",\"urlTemplate\":\"https:\/\/catalog.basler.com\/?s={search_term_string}\"},\"query-input\":{\"@type\":\"PropertyValueSpecification\",\"valueRequired\":true,\"valueName\":\"search_term_string\"}}],\"inLanguage\":\"pt-BR\"},{\"@type\":\"Organization\",\"@id\":\"https:\/\/catalog.basler.com\/#organization\",\"name\":\"Basler Electric\",\"url\":\"https:\/\/catalog.basler.com\/\",\"logo\":{\"@type\":\"ImageObject\",\"inLanguage\":\"pt-BR\",\"@id\":\"https:\/\/catalog.basler.com\/#\/schema\/logo\/image\/\",\"url\":\"https:\/\/www.basler.com\/wp-content\/uploads\/2025\/10\/Basler-Logo-Favicon.png\",\"contentUrl\":\"https:\/\/www.basler.com\/wp-content\/uploads\/2025\/10\/Basler-Logo-Favicon.png\",\"width\":512,\"height\":512,\"caption\":\"Basler Electric\"},\"image\":{\"@id\":\"https:\/\/catalog.basler.com\/#\/schema\/logo\/image\/\"}}]}<\/script>\n<!-- \/ Yoast SEO plugin. -->","yoast_head_json":{"title":"Suporte t\u00e9cnico 24 horas por dia, 7 dias por semana | Basler Electric","robots":{"index":"index","follow":"follow","max-snippet":"max-snippet:-1","max-image-preview":"max-image-preview:large","max-video-preview":"max-video-preview:-1"},"canonical":"https:\/\/www.baslerservices.com\/pt-br\/suporte-tecnico-24-horas-por-dia-7-dias-por-semana\/","og_locale":"pt_BR","og_type":"article","og_title":"Suporte t\u00e9cnico 24 horas por dia, 7 dias por semana | Basler Electric","og_url":"https:\/\/www.baslerservices.com\/pt-br\/suporte-tecnico-24-horas-por-dia-7-dias-por-semana\/","og_site_name":"Basler Electric","article_modified_time":"2025-09-10T22:14:09+00:00","og_image":[{"width":1920,"height":1080,"url":"https:\/\/www.baslerservices.com\/wp-content\/uploads\/2025\/07\/Basler-Default-Image.jpg","type":"image\/jpeg"}],"twitter_card":"summary_large_image","schema":{"@context":"https:\/\/schema.org","@graph":[{"@type":"WebPage","@id":"https:\/\/www.baslerservices.com\/pt-br\/suporte-tecnico-24-horas-por-dia-7-dias-por-semana\/","url":"https:\/\/www.baslerservices.com\/pt-br\/suporte-tecnico-24-horas-por-dia-7-dias-por-semana\/","name":"Suporte t\u00e9cnico 24 horas por dia, 7 dias por semana | Basler Electric","isPartOf":{"@id":"https:\/\/catalog.basler.com\/#website"},"datePublished":"2025-07-01T02:18:44+00:00","dateModified":"2025-09-10T22:14:09+00:00","breadcrumb":{"@id":"https:\/\/www.baslerservices.com\/pt-br\/suporte-tecnico-24-horas-por-dia-7-dias-por-semana\/#breadcrumb"},"inLanguage":"pt-BR","potentialAction":[{"@type":"ReadAction","target":["https:\/\/www.baslerservices.com\/pt-br\/suporte-tecnico-24-horas-por-dia-7-dias-por-semana\/"]}]},{"@type":"BreadcrumbList","@id":"https:\/\/www.baslerservices.com\/pt-br\/suporte-tecnico-24-horas-por-dia-7-dias-por-semana\/#breadcrumb","itemListElement":[{"@type":"ListItem","position":1,"name":"Home","item":"https:\/\/www.bestsoftwaredepot.com\/pt-br\/"},{"@type":"ListItem","position":2,"name":"Suporte t\u00e9cnico 24 horas por dia, 7 dias por semana"}]},{"@type":"WebSite","@id":"https:\/\/catalog.basler.com\/#website","url":"https:\/\/catalog.basler.com\/","name":"Basler Electric","description":"","publisher":{"@id":"https:\/\/catalog.basler.com\/#organization"},"potentialAction":[{"@type":"SearchAction","target":{"@type":"EntryPoint","urlTemplate":"https:\/\/catalog.basler.com\/?s={search_term_string}"},"query-input":{"@type":"PropertyValueSpecification","valueRequired":true,"valueName":"search_term_string"}}],"inLanguage":"pt-BR"},{"@type":"Organization","@id":"https:\/\/catalog.basler.com\/#organization","name":"Basler Electric","url":"https:\/\/catalog.basler.com\/","logo":{"@type":"ImageObject","inLanguage":"pt-BR","@id":"https:\/\/catalog.basler.com\/#\/schema\/logo\/image\/","url":"https:\/\/www.basler.com\/wp-content\/uploads\/2025\/10\/Basler-Logo-Favicon.png","contentUrl":"https:\/\/www.basler.com\/wp-content\/uploads\/2025\/10\/Basler-Logo-Favicon.png","width":512,"height":512,"caption":"Basler Electric"},"image":{"@id":"https:\/\/catalog.basler.com\/#\/schema\/logo\/image\/"}}]}},"_links":{"self":[{"href":"https:\/\/www.baslerservices.com\/pt-br\/wp-json\/wp\/v2\/pages\/53531","targetHints":{"allow":["GET"]}}],"collection":[{"href":"https:\/\/www.baslerservices.com\/pt-br\/wp-json\/wp\/v2\/pages"}],"about":[{"href":"https:\/\/www.baslerservices.com\/pt-br\/wp-json\/wp\/v2\/types\/page"}],"author":[{"embeddable":true,"href":"https:\/\/www.baslerservices.com\/pt-br\/wp-json\/wp\/v2\/users\/1"}],"replies":[{"embeddable":true,"href":"https:\/\/www.baslerservices.com\/pt-br\/wp-json\/wp\/v2\/comments?post=53531"}],"version-history":[{"count":1,"href":"https:\/\/www.baslerservices.com\/pt-br\/wp-json\/wp\/v2\/pages\/53531\/revisions"}],"predecessor-version":[{"id":53543,"href":"https:\/\/www.baslerservices.com\/pt-br\/wp-json\/wp\/v2\/pages\/53531\/revisions\/53543"}],"wp:attachment":[{"href":"https:\/\/www.baslerservices.com\/pt-br\/wp-json\/wp\/v2\/media?parent=53531"}],"curies":[{"name":"wp","href":"https:\/\/api.w.org\/{rel}","templated":true}]}}