{"id":36965,"date":"2025-07-01T12:54:10","date_gmt":"2025-07-01T17:54:10","guid":{"rendered":"https:\/\/www.basler.com\/product\/decs-300\/"},"modified":"2025-08-07T15:58:28","modified_gmt":"2025-08-07T20:58:28","slug":"decs-300","status":"publish","type":"product","link":"https:\/\/www.baslerservices.com\/de\/product\/decs-300\/","title":{"rendered":"DECS-300"},"content":{"rendered":"<section  data-block-id=\"hammer_block_674b23c3806f6f6b13ecbf4e76c2edb7\" data-block=\"hero-10\" class=\"block block-hero-10 hero-10\" id=\"overview\">    <div class=\"wrapper\">\n        <div class=\"left_content\">\n                            <div class=\"headline-wrapper\">\n                    \n                    <h1 id=\"hammer_component_69d389f661119\" data-component=\"headline\" class=\"component component-headline headline style-default\">DECS-300<\/h1>\n                <\/div>\n            \n            \n                                                <div class=\"obsolete\">\n                                                    <p>This product has been discontinued.<\/p>\n                            <p>View our recommended newer product(s):<\/p>\n\n                                                                                                                        <a id=\"hammer_component_69d389f661d02\" data-component=\"link\" class=\"component component-link link style-primary\" href=\"https:\/\/www.baslerservices.com\/de\/product\/decs-450-digital-excitation-control-system\/\" title=\"DECS-450, Digital Excitation Control System\" target=\"\">        <span class=\"link-text\">DECS-450, Digital Excitation Control System<\/span>\n        <\/a>\n<\/p>\n                                                                                                        <\/div>\n                                    <\/div>\n\n                    <div class=\"right_content\">\n                <div class=\"slider slider-main\">\n                    <div class=\"swiper-wrapper\">\n                                                    <div class=\"swiper-slide\">\n                                                                    <figure id=\"hammer_component_69d389f661d6d\" data-component=\"image\" class=\"component component-image image\">\n        <picture class=\"picture\">\n            <img decoding=\"async\" width=\"1920\" height=\"1080\" src=\"https:\/\/www.baslerservices.com\/wp-content\/uploads\/2025\/09\/New-Website-Megamenu-Images-V2-22-2.jpg\" class=\"img\" alt=\"\" loading=\"lazy\" title=\"\" srcset=\"https:\/\/www.baslerservices.com\/wp-content\/uploads\/2025\/09\/New-Website-Megamenu-Images-V2-22-2.jpg 1920w, https:\/\/www.baslerservices.com\/wp-content\/uploads\/2025\/09\/New-Website-Megamenu-Images-V2-22-2-768x432.jpg 768w, https:\/\/www.baslerservices.com\/wp-content\/uploads\/2025\/09\/New-Website-Megamenu-Images-V2-22-2-1024x576.jpg 1024w, https:\/\/www.baslerservices.com\/wp-content\/uploads\/2025\/09\/New-Website-Megamenu-Images-V2-22-2-150x84.jpg 150w, https:\/\/www.baslerservices.com\/wp-content\/uploads\/2025\/09\/New-Website-Megamenu-Images-V2-22-2-414x233.jpg 414w, https:\/\/www.baslerservices.com\/wp-content\/uploads\/2025\/09\/New-Website-Megamenu-Images-V2-22-2-1600x900.jpg 1600w\" sizes=\"auto, (max-width: 1920px) 100vw, 1920px\">        <\/picture>\n\n            <\/figure>\n                                                            <\/div>\n                                            <\/div>\n                <\/div>\n\n                            <\/div>\n            <\/div>\n    <\/section>\n\n\n\n\n\n<section  data-block-id=\"hammer_block_40ed2fe7bade096a400029a56574e040\" data-block=\"product-documentation-listing\" class=\"block block-product-documentation-listing product-documentation-listing spacing-top-klein spacing-bottom-normal\" id=\"documentation\"><div id=\"listing-app\" class=\"component component-listing listing wrapper ember-entrance listing-product-documentation-listing\" data-component=\"listing\" data-fields=\"eyJwb3N0VHlwZSI6ImRvY3VtZW50IiwibGF5b3V0IjoicHJvZHVjdC1kb2N1bWVudGF0aW9uLWxpc3RpbmciLCJoZWFkbGluZSI6eyJ0ZXh0IjoiUmVzc291cmNlbi1IdWIiLCJodG1sVGFnIjoiaDIiLCJzdHlsZSI6ImRpc3BsYXkta2xlaW4ifSwiZmlsdGVycyI6W3t9LHt9XSwiZmlsdGVyc1N0eWxlIjoiYWNjb3JkaW9uIiwiZmlsdGVyc01vZGUiOiJhdXRvIiwicG9zdHNQZXJQYWdlIjoiNCIsImhpZGVGaWx0ZXJzIjp0cnVlLCJoaWRlUGFnaW5hdGlvbiI6dHJ1ZSwic2hvd1NlYXJjaCI6bnVsbCwic2hvd0FwcGxpZWQiOmZhbHNlLCJzaG93UGVyUGFnZURyb3Bkb3duIjp0cnVlLCJjdGEiOm51bGwsImlzUGFyZW50IjpmYWxzZSwic2VhcmNoVGV4dCI6bnVsbCwiaWQiOiJjb21wLTY5ZDM4OWY2Nzk1Y2MifQ==\">\n        <router-view><\/router-view>\n    <script>\n        window.listingFilters = [{\"id\":\"languages\",\"title\":\"Languages\",\"hidden\":false,\"opened\":false,\"route\":{\"key\":\"languages\",\"type\":\"query\"},\"choices\":[{\"id\":522,\"title\":\"English\",\"value\":\"english\",\"parent\":false,\"checked\":false,\"opened\":false,\"categories\":[],\"sub_choices\":[]},{\"id\":523,\"title\":\"Chinese\",\"value\":\"chinese\",\"parent\":false,\"checked\":false,\"opened\":false,\"categories\":[],\"sub_choices\":[]},{\"id\":631,\"title\":\"Spanish\",\"value\":\"spanish\",\"parent\":false,\"checked\":false,\"opened\":false,\"categories\":[],\"sub_choices\":[]},{\"id\":633,\"title\":\"Portuguese\",\"value\":\"portuguese\",\"parent\":false,\"checked\":false,\"opened\":false,\"categories\":[],\"sub_choices\":[]},{\"id\":629,\"title\":\"French\",\"value\":\"french\",\"parent\":false,\"checked\":false,\"opened\":false,\"categories\":[],\"sub_choices\":[]},{\"id\":630,\"title\":\"German\",\"value\":\"german\",\"parent\":false,\"checked\":false,\"opened\":false,\"categories\":[],\"sub_choices\":[]},{\"id\":680,\"title\":\"Bulgarian\",\"value\":\"bulgarian\",\"parent\":false,\"checked\":false,\"opened\":false,\"categories\":[],\"sub_choices\":[]},{\"id\":632,\"title\":\"Japanese\",\"value\":\"japanese\",\"parent\":false,\"checked\":false,\"opened\":false,\"categories\":[],\"sub_choices\":[]},{\"id\":711,\"title\":\"Italian\",\"value\":\"italian\",\"parent\":false,\"checked\":false,\"opened\":false,\"categories\":[],\"sub_choices\":[]}]},{\"id\":\"resource-type\",\"title\":\"Resource Type\",\"hidden\":false,\"opened\":false,\"route\":{\"key\":\"resource-type\",\"type\":\"query\"},\"choices\":[]}];\n        window.listingPosts = {\"posts\":[{\"id\":6234,\"name\":\"DECS-300 Instruction Manual, Rev F, English\",\"permalink\":\"https:\\\/\\\/www.baslerservices.com\\\/de\\\/document\\\/decs-300-instruction-manual-rev-f-english\\\/\",\"image\":{\"src\":\"https:\\\/\\\/www.baslerservices.com\\\/wp-content\\\/uploads\\\/2025\\\/09\\\/Basler-Default-Image-768x432.jpg\",\"srcset\":\"https:\\\/\\\/www.baslerservices.com\\\/wp-content\\\/uploads\\\/2025\\\/09\\\/Basler-Default-Image-768x432.jpg 768w, https:\\\/\\\/www.baslerservices.com\\\/wp-content\\\/uploads\\\/2025\\\/09\\\/Basler-Default-Image-1024x576.jpg 1024w, https:\\\/\\\/www.baslerservices.com\\\/wp-content\\\/uploads\\\/2025\\\/09\\\/Basler-Default-Image-150x84.jpg 150w, https:\\\/\\\/www.baslerservices.com\\\/wp-content\\\/uploads\\\/2025\\\/09\\\/Basler-Default-Image-414x233.jpg 414w, https:\\\/\\\/www.baslerservices.com\\\/wp-content\\\/uploads\\\/2025\\\/09\\\/Basler-Default-Image-1600x900.jpg 1600w, https:\\\/\\\/www.baslerservices.com\\\/wp-content\\\/uploads\\\/2025\\\/09\\\/Basler-Default-Image.jpg 1920w\",\"sizes\":\"(max-width: 300px) 100vw, 300px\",\"width\":300,\"height\":169,\"alt\":\"\"},\"date\":\"3 April, 2025\",\"datetime\":1743674396,\"excerpt\":\"\",\"document-category\":\"Instruction Manual\",\"document-language\":\"English\",\"document-technical-resource\":\"\",\"document-favorite\":\"Yes\",\"ep_custom_result\":\"\",\"ajax_nonce\":\"18e821731f\",\"actions\":[{\"url\":\"https:\\\/\\\/www.baslerservices.com\\\/de\\\/resource-hub\\\/manuals\\\/instruction-manual\\\/decs-300-instruction-manual-rev-f-english\\\/9310300990.pdf?_nonce=18e821731f\",\"type\":\"download\",\"title\":\"Download Document\",\"file_url\":\"https:\\\/\\\/www.baslerservices.com\\\/de\\\/resource-hub\\\/manuals\\\/instruction-manual\\\/decs-300-instruction-manual-rev-f-english\\\/9310300990.pdf?_nonce=18e821731f\",\"icon\":\"<svg width=\\\"16\\\" height=\\\"16\\\" viewBox=\\\"0 0 16 16\\\" fill=\\\"none\\\" xmlns=\\\"http:\\\/\\\/www.w3.org\\\/2000\\\/svg\\\">\\n    <path fill-rule=\\\"evenodd\\\" clip-rule=\\\"evenodd\\\"\\n          d=\\\"M7.51252 0.111328L7.51247 10.462L2.94402 5.89351L2.37191 6.46562L7.91704 12.0107L13.4622 6.46558L12.8901 5.89346L8.32158 10.462L8.32161 0.111328H7.51252ZM0.31366 15.8886V11.8431H1.12275V15.0795H14.8773V11.8431H15.6864V15.8886H0.31366Z\\\"\\n          fill=\\\"currentColor\\\"\\\/>\\n<\\\/svg>\\n\",\"icon_file\":\"download-thin\"}],\"description\":\"\"},{\"id\":6207,\"name\":\"BESTCOMS&trade; for DECS-300 (Version 2.09.01)\",\"permalink\":\"https:\\\/\\\/www.baslerservices.com\\\/de\\\/document\\\/bestcoms-for-decs-300-version-2-09-01\\\/\",\"image\":{\"src\":\"https:\\\/\\\/www.baslerservices.com\\\/wp-content\\\/uploads\\\/2025\\\/09\\\/Basler-Default-Image-768x432.jpg\",\"srcset\":\"https:\\\/\\\/www.baslerservices.com\\\/wp-content\\\/uploads\\\/2025\\\/09\\\/Basler-Default-Image-768x432.jpg 768w, https:\\\/\\\/www.baslerservices.com\\\/wp-content\\\/uploads\\\/2025\\\/09\\\/Basler-Default-Image-1024x576.jpg 1024w, https:\\\/\\\/www.baslerservices.com\\\/wp-content\\\/uploads\\\/2025\\\/09\\\/Basler-Default-Image-150x84.jpg 150w, https:\\\/\\\/www.baslerservices.com\\\/wp-content\\\/uploads\\\/2025\\\/09\\\/Basler-Default-Image-414x233.jpg 414w, https:\\\/\\\/www.baslerservices.com\\\/wp-content\\\/uploads\\\/2025\\\/09\\\/Basler-Default-Image-1600x900.jpg 1600w, https:\\\/\\\/www.baslerservices.com\\\/wp-content\\\/uploads\\\/2025\\\/09\\\/Basler-Default-Image.jpg 1920w\",\"sizes\":\"(max-width: 300px) 100vw, 300px\",\"width\":300,\"height\":169,\"alt\":\"\"},\"date\":\"3 April, 2025\",\"datetime\":1743674381,\"excerpt\":\"\",\"document-category\":\"Software\",\"document-language\":\"English\",\"document-technical-resource\":\"\",\"document-favorite\":\"Yes\",\"ep_custom_result\":\"\",\"ajax_nonce\":\"18e821731f\",\"actions\":[{\"url\":\"?document_id=6207\",\"type\":\"lock\",\"title\":\"Sign In to Download\",\"icon\":\"<svg width=\\\"15\\\" height=\\\"18\\\" viewBox=\\\"0 0 15 18\\\" fill=\\\"none\\\" xmlns=\\\"http:\\\/\\\/www.w3.org\\\/2000\\\/svg\\\">\\n<path fill-rule=\\\"evenodd\\\" clip-rule=\\\"evenodd\\\" d=\\\"M2.3054 4.94552C2.3054 2.22053 4.5211 0 7.2508 0C9.9805 0 12.1964 2.22053 12.1964 4.94552V6.99162H14.0304C14.1514 6.99162 14.2622 7.03782 14.346 7.11372C14.4416 7.2 14.5018 7.32493 14.5018 7.46307V17.5285C14.5018 17.678 14.4312 17.8119 14.3217 17.8986C14.2415 17.9623 14.1401 18 14.0304 18H0.471451C0.212153 18 0 17.7878 0 17.5285V7.46307C0 7.20377 0.212153 6.99162 0.471451 6.99162H2.3054V4.94552ZM11.2534 4.94552C11.0367 -0.363017 3.46988 -0.367732 3.2483 4.94552V6.99162H11.2534V4.94552ZM0.942784 17.0571H13.5589V7.93452H0.942784V17.0571ZM6.27596 11.5864C6.27596 11.0574 6.71535 10.6208 7.24149 10.6208C7.78271 10.6208 8.20985 11.0574 8.20985 11.5864C8.20985 11.9221 8.05333 12.2191 7.77046 12.3973C7.7054 12.4501 7.65448 12.5274 7.65448 12.617V14.4707H6.83132V12.617C6.83132 12.5274 6.79267 12.4501 6.71535 12.3973C6.44474 12.2191 6.27596 11.9221 6.27596 11.5864Z\\\" fill=\\\"white\\\"\\\/>\\n<\\\/svg>\\n\",\"icon_file\":\"lock\"}],\"description\":\"\"}],\"total\":2,\"max_num_pages\":1};\n\t<\/script><\/div>\n    <link rel=\"stylesheet\" href=\"https:\/\/unpkg.com\/vue-multiselect\/dist\/vue-multiselect.min.css\">\n    <\/section>\n\n\n\n\n\n<section  data-block-id=\"hammer_block_d7a598984f9f7c89e04b18fa1510f0d5\" data-block=\"text-5\" class=\"block block-text-5 text-5 bg-dark spacing-top-default spacing-bottom-default\">    <div class=\"wrapper\">\n        <div class=\"contents\">\n            <div class=\"left\">\n                                    <h3 class=\"title\">\u2013 Leben ver\u00e4ndern mit innovativen, zuverl\u00e4ssigen Produkten, die auf Integrit\u00e4t und Nachhaltigkeit basieren.<\/h3>\n                \n            <\/div>\n\n            <div class=\"right\">\n                            <\/div>\n        <\/div>\n    <\/div>\n    <\/section>\n\n\n\n","protected":false},"excerpt":{"rendered":"","protected":false},"author":1,"featured_media":0,"parent":0,"menu_order":195,"template":"","product-category":[],"class_list":["post-36965","product","type-product","status-publish","hentry"],"acf":[],"yoast_head":"<!-- This site is optimized with the Yoast SEO plugin v26.3 - https:\/\/yoast.com\/wordpress\/plugins\/seo\/ -->\n<title>DECS-300 | Basler Electric<\/title>\n<meta name=\"robots\" content=\"index, follow, max-snippet:-1, max-image-preview:large, max-video-preview:-1\" \/>\n<link rel=\"canonical\" href=\"https:\/\/www.baslerservices.com\/de\/product\/decs-300\/\" \/>\n<meta property=\"og:locale\" content=\"de_DE\" \/>\n<meta property=\"og:type\" content=\"article\" \/>\n<meta property=\"og:title\" content=\"DECS-300 | Basler Electric\" \/>\n<meta property=\"og:url\" content=\"https:\/\/www.baslerservices.com\/de\/product\/decs-300\/\" \/>\n<meta property=\"og:site_name\" content=\"Basler Electric\" \/>\n<meta property=\"article:modified_time\" content=\"2025-08-07T20:58:28+00:00\" \/>\n<meta property=\"og:image\" content=\"https:\/\/www.baslerservices.com\/wp-content\/uploads\/2025\/07\/Basler-Default-Image.jpg\" \/>\n\t<meta property=\"og:image:width\" content=\"1920\" \/>\n\t<meta property=\"og:image:height\" content=\"1080\" \/>\n\t<meta property=\"og:image:type\" content=\"image\/jpeg\" \/>\n<meta name=\"twitter:card\" content=\"summary_large_image\" \/>\n<script type=\"application\/ld+json\" class=\"yoast-schema-graph\">{\"@context\":\"https:\/\/schema.org\",\"@graph\":[{\"@type\":\"WebPage\",\"@id\":\"https:\/\/www.baslerservices.com\/de\/product\/decs-300\/\",\"url\":\"https:\/\/www.baslerservices.com\/de\/product\/decs-300\/\",\"name\":\"DECS-300 | Basler Electric\",\"isPartOf\":{\"@id\":\"https:\/\/catalog.basler.com\/de\/#website\"},\"datePublished\":\"2025-07-01T17:54:10+00:00\",\"dateModified\":\"2025-08-07T20:58:28+00:00\",\"breadcrumb\":{\"@id\":\"https:\/\/www.baslerservices.com\/de\/product\/decs-300\/#breadcrumb\"},\"inLanguage\":\"de-DE\",\"potentialAction\":[{\"@type\":\"ReadAction\",\"target\":[\"https:\/\/www.baslerservices.com\/de\/product\/decs-300\/\"]}]},{\"@type\":\"BreadcrumbList\",\"@id\":\"https:\/\/www.baslerservices.com\/de\/product\/decs-300\/#breadcrumb\",\"itemListElement\":[{\"@type\":\"ListItem\",\"position\":1,\"name\":\"Home\",\"item\":\"https:\/\/e2powersystems.com\/de\/\"},{\"@type\":\"ListItem\",\"position\":2,\"name\":\"Products\",\"item\":\"https:\/\/www.baslerservices.com\/de\/product\/\"},{\"@type\":\"ListItem\",\"position\":3,\"name\":\"DECS-300\"}]},{\"@type\":\"WebSite\",\"@id\":\"https:\/\/catalog.basler.com\/de\/#website\",\"url\":\"https:\/\/catalog.basler.com\/de\/\",\"name\":\"Basler Electric\",\"description\":\"\",\"publisher\":{\"@id\":\"https:\/\/catalog.basler.com\/de\/#organization\"},\"potentialAction\":[{\"@type\":\"SearchAction\",\"target\":{\"@type\":\"EntryPoint\",\"urlTemplate\":\"https:\/\/catalog.basler.com\/de\/?s={search_term_string}\"},\"query-input\":{\"@type\":\"PropertyValueSpecification\",\"valueRequired\":true,\"valueName\":\"search_term_string\"}}],\"inLanguage\":\"de-DE\"},{\"@type\":\"Organization\",\"@id\":\"https:\/\/catalog.basler.com\/de\/#organization\",\"name\":\"Basler Electric\",\"url\":\"https:\/\/catalog.basler.com\/de\/\",\"logo\":{\"@type\":\"ImageObject\",\"inLanguage\":\"de-DE\",\"@id\":\"https:\/\/catalog.basler.com\/de\/#\/schema\/logo\/image\/\",\"url\":\"https:\/\/www.basler.com\/wp-content\/uploads\/2025\/10\/Basler-Logo-Favicon.png\",\"contentUrl\":\"https:\/\/www.basler.com\/wp-content\/uploads\/2025\/10\/Basler-Logo-Favicon.png\",\"width\":512,\"height\":512,\"caption\":\"Basler Electric\"},\"image\":{\"@id\":\"https:\/\/catalog.basler.com\/de\/#\/schema\/logo\/image\/\"}}]}<\/script>\n<!-- \/ Yoast SEO plugin. -->","yoast_head_json":{"title":"DECS-300 | Basler Electric","robots":{"index":"index","follow":"follow","max-snippet":"max-snippet:-1","max-image-preview":"max-image-preview:large","max-video-preview":"max-video-preview:-1"},"canonical":"https:\/\/www.baslerservices.com\/de\/product\/decs-300\/","og_locale":"de_DE","og_type":"article","og_title":"DECS-300 | Basler Electric","og_url":"https:\/\/www.baslerservices.com\/de\/product\/decs-300\/","og_site_name":"Basler Electric","article_modified_time":"2025-08-07T20:58:28+00:00","og_image":[{"width":1920,"height":1080,"url":"https:\/\/www.baslerservices.com\/wp-content\/uploads\/2025\/07\/Basler-Default-Image.jpg","type":"image\/jpeg"}],"twitter_card":"summary_large_image","schema":{"@context":"https:\/\/schema.org","@graph":[{"@type":"WebPage","@id":"https:\/\/www.baslerservices.com\/de\/product\/decs-300\/","url":"https:\/\/www.baslerservices.com\/de\/product\/decs-300\/","name":"DECS-300 | Basler Electric","isPartOf":{"@id":"https:\/\/catalog.basler.com\/de\/#website"},"datePublished":"2025-07-01T17:54:10+00:00","dateModified":"2025-08-07T20:58:28+00:00","breadcrumb":{"@id":"https:\/\/www.baslerservices.com\/de\/product\/decs-300\/#breadcrumb"},"inLanguage":"de-DE","potentialAction":[{"@type":"ReadAction","target":["https:\/\/www.baslerservices.com\/de\/product\/decs-300\/"]}]},{"@type":"BreadcrumbList","@id":"https:\/\/www.baslerservices.com\/de\/product\/decs-300\/#breadcrumb","itemListElement":[{"@type":"ListItem","position":1,"name":"Home","item":"https:\/\/e2powersystems.com\/de\/"},{"@type":"ListItem","position":2,"name":"Products","item":"https:\/\/www.baslerservices.com\/de\/product\/"},{"@type":"ListItem","position":3,"name":"DECS-300"}]},{"@type":"WebSite","@id":"https:\/\/catalog.basler.com\/de\/#website","url":"https:\/\/catalog.basler.com\/de\/","name":"Basler Electric","description":"","publisher":{"@id":"https:\/\/catalog.basler.com\/de\/#organization"},"potentialAction":[{"@type":"SearchAction","target":{"@type":"EntryPoint","urlTemplate":"https:\/\/catalog.basler.com\/de\/?s={search_term_string}"},"query-input":{"@type":"PropertyValueSpecification","valueRequired":true,"valueName":"search_term_string"}}],"inLanguage":"de-DE"},{"@type":"Organization","@id":"https:\/\/catalog.basler.com\/de\/#organization","name":"Basler Electric","url":"https:\/\/catalog.basler.com\/de\/","logo":{"@type":"ImageObject","inLanguage":"de-DE","@id":"https:\/\/catalog.basler.com\/de\/#\/schema\/logo\/image\/","url":"https:\/\/www.basler.com\/wp-content\/uploads\/2025\/10\/Basler-Logo-Favicon.png","contentUrl":"https:\/\/www.basler.com\/wp-content\/uploads\/2025\/10\/Basler-Logo-Favicon.png","width":512,"height":512,"caption":"Basler Electric"},"image":{"@id":"https:\/\/catalog.basler.com\/de\/#\/schema\/logo\/image\/"}}]}},"_links":{"self":[{"href":"https:\/\/www.baslerservices.com\/de\/wp-json\/wp\/v2\/product\/36965","targetHints":{"allow":["GET"]}}],"collection":[{"href":"https:\/\/www.baslerservices.com\/de\/wp-json\/wp\/v2\/product"}],"about":[{"href":"https:\/\/www.baslerservices.com\/de\/wp-json\/wp\/v2\/types\/product"}],"author":[{"embeddable":true,"href":"https:\/\/www.baslerservices.com\/de\/wp-json\/wp\/v2\/users\/1"}],"wp:attachment":[{"href":"https:\/\/www.baslerservices.com\/de\/wp-json\/wp\/v2\/media?parent=36965"}],"wp:term":[{"taxonomy":"product-category","embeddable":true,"href":"https:\/\/www.baslerservices.com\/de\/wp-json\/wp\/v2\/product-category?post=36965"}],"curies":[{"name":"wp","href":"https:\/\/api.w.org\/{rel}","templated":true}]}}