{"id":30717,"date":"2025-06-29T15:27:41","date_gmt":"2025-06-29T20:27:41","guid":{"rendered":"https:\/\/www.basler.com\/product\/current-transformer-125-250-aac-25925\/"},"modified":"2026-02-27T11:08:58","modified_gmt":"2026-02-27T17:08:58","slug":"current-transformer-125-250-aac-25925","status":"publish","type":"product","link":"https:\/\/www.baslerservices.com\/de\/product\/current-transformer-125-250-aac-25925\/","title":{"rendered":"Current Transformer &#8211; 125-250 Aac (BE25925001)"},"content":{"rendered":"<section  data-block-id=\"hammer_block_53e5482a57fd92c3f4772ffda4c90488\" data-block=\"hero-10\" class=\"block block-hero-10 hero-10\" id=\"overview\">    <div class=\"wrapper\">\n        <div class=\"left_content\">\n                            <div class=\"headline-wrapper\">\n                                            <strong class=\"overline\">Accessories<\/strong>\n                    \n                    <h1 id=\"hammer_component_69d107afaa881\" data-component=\"headline\" class=\"component component-headline headline medium style-default\">Current Transformer &ndash; 125-250 Aac (BE25925001)<\/h1>\n                <\/div>\n            \n                            <div id=\"hammer_component_69d107afaa95c\" data-component=\"rich-text\" class=\"component component-rich-text rich-text\">3-Phase Short Circuit Rating: 125-250 Aac \r\nTurns Ratio: 1:8<\/div>\n            \n                                                <div class=\"buttons\">\n                                                                                                    \n                                            <\/div>\n                                    <\/div>\n\n                    <div class=\"right_content\">\n                <div class=\"slider slider-main\">\n                    <div class=\"swiper-wrapper\">\n                                                    <div class=\"swiper-slide\">\n                                                                    <figure id=\"hammer_component_69d107afab002\" data-component=\"image\" class=\"component component-image image\">\n        <picture class=\"picture\">\n            <img decoding=\"async\" width=\"1105\" height=\"630\" src=\"https:\/\/www.baslerservices.com\/wp-content\/uploads\/2025\/06\/BE25929001_3-4.jpg\" class=\"img\" alt=\"\" loading=\"lazy\" title=\"\" srcset=\"https:\/\/www.baslerservices.com\/wp-content\/uploads\/2025\/06\/BE25929001_3-4.jpg 1105w, https:\/\/www.baslerservices.com\/wp-content\/uploads\/2025\/06\/BE25929001_3-4-768x438.jpg 768w, https:\/\/www.baslerservices.com\/wp-content\/uploads\/2025\/06\/BE25929001_3-4-1024x584.jpg 1024w, https:\/\/www.baslerservices.com\/wp-content\/uploads\/2025\/06\/BE25929001_3-4-150x86.jpg 150w, https:\/\/www.baslerservices.com\/wp-content\/uploads\/2025\/06\/BE25929001_3-4-414x236.jpg 414w\" sizes=\"auto, (max-width: 1105px) 100vw, 1105px\">        <\/picture>\n\n            <\/figure>\n                                                            <\/div>\n                                            <\/div>\n                <\/div>\n\n                            <\/div>\n            <\/div>\n    <\/section>\n\n<section  data-block-id=\"hammer_block_1f672b8bbe12fdeb2d03c37e6a59bca1\" data-block=\"text-5\" class=\"block block-text-5 text-5 bg-dark spacing-top-default spacing-bottom-default\">    <div class=\"wrapper\">\n        <div class=\"contents\">\n            <div class=\"left\">\n                                    <h3 class=\"title\">\u2013 Leben ver\u00e4ndern mit innovativen, zuverl\u00e4ssigen Produkten, die auf Integrit\u00e4t und Nachhaltigkeit basieren.<\/h3>\n                \n            <\/div>\n\n            <div class=\"right\">\n                            <\/div>\n        <\/div>\n    <\/div>\n    <\/section>\n\n<section  data-block-id=\"hammer_block_2ecc5d68023c1ea2ac9861fe97164574\" data-block=\"cta-banner-8\" class=\"block block-cta-banner-8 cta-banner-8 spacing-top-default spacing-bottom-large\">    <div class=\"wrapper\">\n        <div class=\"banner\">\n                            <div class=\"headline-wrapper\">\n                                        <h2 id=\"hammer_component_69d107afcb2fa\" data-component=\"headline\" class=\"component component-headline headline style-default\">&mdash; Sprechen Sie mit uns: Ihr direkter Draht zu Support &amp; L&ouml;sungen.<\/h2>\n                <\/div>\n            \n                            <div class=\"text-wrapper\">\n                    <div id=\"hammer_component_69d107afcb39b\" data-component=\"rich-text\" class=\"component component-rich-text rich-text\"><p>Kontaktieren Sie Basler Electric noch heute f&uuml;r weitere Informationen zu unseren Dienstleistungen und Produkten.<\/p>\n<\/div>\n                                            <div class=\"actions\">\n                            <a id=\"hammer_component_69d107afcb3f7\" data-component=\"button\" class=\"component component-button button style-primary\" href=\"https:\/\/www.baslerservices.com\/de\/kontaktieren-sie-uns\/\" target=\"\" title=\"Kontaktieren Sie uns\" aria-label=\"Kontaktieren Sie uns\">    <span class=\"button-wrapper\">\n                    <strong class=\"button-text\">Kontaktieren Sie uns<\/strong>\n        \n                    <span class=\"icon-wrapper\" aria-hidden=\"true\">\n                <span class=\"button-icon\">\n                    <?xml version=\"1.0\" encoding=\"UTF-8\"?> <svg xmlns=\"http:\/\/www.w3.org\/2000\/svg\" width=\"8\" height=\"8\" viewbox=\"0 0 8 8\" fill=\"currentColor\"><path fill-rule=\"evenodd\" clip-rule=\"evenodd\" d=\"M7.25606 1.27007L0.526065 8L0 7.47393L6.73 0.743975H0.789112V0H8.00004V7.21087H7.25606V1.27007Z\" fill=\"currentColor\"><\/path><\/svg>                 <\/span>\n            <\/span>\n            <\/span>\n    <\/a>\n                        <\/div>\n                                    <\/div>\n            \n            <div id=\"hammer_component_69d107afcb53c\" data-component=\"image-video\" class=\"component component-image-video image-video\"><figure id=\"hammer_component_69d107afcb555\" data-component=\"image\" class=\"component component-image image has-overlay\">\n        <picture class=\"picture\">\n            <img decoding=\"async\" width=\"1560\" height=\"720\" src=\"https:\/\/www.baslerservices.com\/wp-content\/uploads\/2024\/11\/Banner-1.jpg\" class=\"img\" alt=\"\" loading=\"lazy\" title=\"\" srcset=\"https:\/\/www.baslerservices.com\/wp-content\/uploads\/2024\/11\/Banner-1.jpg 1560w, https:\/\/www.baslerservices.com\/wp-content\/uploads\/2024\/11\/Banner-1-768x354.jpg 768w, https:\/\/www.baslerservices.com\/wp-content\/uploads\/2024\/11\/Banner-1-1024x473.jpg 1024w, https:\/\/www.baslerservices.com\/wp-content\/uploads\/2024\/11\/Banner-1-150x69.jpg 150w, https:\/\/www.baslerservices.com\/wp-content\/uploads\/2024\/11\/Banner-1-414x191.jpg 414w\" sizes=\"auto, (max-width: 1560px) 100vw, 1560px\">        <\/picture>\n\n            <\/figure>\n<\/div>\n        <\/div>\n    <\/div>\n    <\/section>","protected":false},"excerpt":{"rendered":"<p>3-Phase Short Circuit Rating: 125-250 Aac<br \/>\nTurns Ratio: 1:8<\/p>\n","protected":false},"author":1,"featured_media":60054,"parent":0,"menu_order":326,"template":"","product-category":[642,685],"class_list":["post-30717","product","type-product","status-publish","has-post-thumbnail","hentry","product-category-accessories","product-category-voltage-regulator-accessories"],"acf":[],"yoast_head":"<!-- This site is optimized with the Yoast SEO plugin v26.3 - https:\/\/yoast.com\/wordpress\/plugins\/seo\/ -->\n<title>Current Transformer - 125-250 Aac (BE25925001) | Basler Electric<\/title>\n<meta name=\"description\" content=\"3-Phase Short Circuit Rating: 125-250 Aac Turns Ratio: 1:8\" \/>\n<meta name=\"robots\" content=\"index, follow, max-snippet:-1, max-image-preview:large, max-video-preview:-1\" \/>\n<link rel=\"canonical\" href=\"https:\/\/www.baslerservices.com\/de\/product\/current-transformer-125-250-aac-25925\/\" \/>\n<meta property=\"og:locale\" content=\"de_DE\" \/>\n<meta property=\"og:type\" content=\"article\" \/>\n<meta property=\"og:title\" content=\"Current Transformer - 125-250 Aac (BE25925001) | Basler Electric\" \/>\n<meta property=\"og:description\" content=\"3-Phase Short Circuit Rating: 125-250 Aac Turns Ratio: 1:8\" \/>\n<meta property=\"og:url\" content=\"https:\/\/www.baslerservices.com\/de\/product\/current-transformer-125-250-aac-25925\/\" \/>\n<meta property=\"og:site_name\" content=\"Basler Electric\" \/>\n<meta property=\"article:modified_time\" content=\"2026-02-27T17:08:58+00:00\" \/>\n<meta property=\"og:image\" content=\"https:\/\/baslerservices.com\/wp-content\/uploads\/2025\/06\/PP_Current-Transformer-\u2013-2000-4000-Aac-BE25929001.jpg\" \/>\n\t<meta property=\"og:image:width\" content=\"300\" \/>\n\t<meta property=\"og:image:height\" content=\"330\" \/>\n\t<meta property=\"og:image:type\" content=\"image\/jpeg\" \/>\n<meta name=\"twitter:card\" content=\"summary_large_image\" \/>\n<meta name=\"twitter:label1\" content=\"Est. reading time\" \/>\n\t<meta name=\"twitter:data1\" content=\"1 minute\" \/>\n<script type=\"application\/ld+json\" class=\"yoast-schema-graph\">{\"@context\":\"https:\/\/schema.org\",\"@graph\":[{\"@type\":\"WebPage\",\"@id\":\"https:\/\/www.baslerservices.com\/de\/product\/current-transformer-125-250-aac-25925\/\",\"url\":\"https:\/\/www.baslerservices.com\/de\/product\/current-transformer-125-250-aac-25925\/\",\"name\":\"Current Transformer - 125-250 Aac (BE25925001) | Basler Electric\",\"isPartOf\":{\"@id\":\"https:\/\/catalog.basler.com\/#website\"},\"primaryImageOfPage\":{\"@id\":\"https:\/\/www.baslerservices.com\/de\/product\/current-transformer-125-250-aac-25925\/#primaryimage\"},\"image\":{\"@id\":\"https:\/\/www.baslerservices.com\/de\/product\/current-transformer-125-250-aac-25925\/#primaryimage\"},\"thumbnailUrl\":\"https:\/\/www.baslerservices.com\/wp-content\/uploads\/2025\/06\/PP_Current-Transformer-\u2013-2000-4000-Aac-BE25929001.jpg\",\"datePublished\":\"2025-06-29T20:27:41+00:00\",\"dateModified\":\"2026-02-27T17:08:58+00:00\",\"description\":\"3-Phase Short Circuit Rating: 125-250 Aac Turns Ratio: 1:8\",\"breadcrumb\":{\"@id\":\"https:\/\/www.baslerservices.com\/de\/product\/current-transformer-125-250-aac-25925\/#breadcrumb\"},\"inLanguage\":\"de-DE\",\"potentialAction\":[{\"@type\":\"ReadAction\",\"target\":[\"https:\/\/www.baslerservices.com\/de\/product\/current-transformer-125-250-aac-25925\/\"]}]},{\"@type\":\"ImageObject\",\"inLanguage\":\"de-DE\",\"@id\":\"https:\/\/www.baslerservices.com\/de\/product\/current-transformer-125-250-aac-25925\/#primaryimage\",\"url\":\"https:\/\/www.baslerservices.com\/wp-content\/uploads\/2025\/06\/PP_Current-Transformer-\u2013-2000-4000-Aac-BE25929001.jpg\",\"contentUrl\":\"https:\/\/www.baslerservices.com\/wp-content\/uploads\/2025\/06\/PP_Current-Transformer-\u2013-2000-4000-Aac-BE25929001.jpg\",\"width\":300,\"height\":330},{\"@type\":\"BreadcrumbList\",\"@id\":\"https:\/\/www.baslerservices.com\/de\/product\/current-transformer-125-250-aac-25925\/#breadcrumb\",\"itemListElement\":[{\"@type\":\"ListItem\",\"position\":1,\"name\":\"Home\",\"item\":\"https:\/\/e2powersystems.com\/de\/\"},{\"@type\":\"ListItem\",\"position\":2,\"name\":\"Products\",\"item\":\"https:\/\/www.baslerservices.com\/de\/product\/\"},{\"@type\":\"ListItem\",\"position\":3,\"name\":\"Current Transformer &#8211; 125-250 Aac (BE25925001)\"}]},{\"@type\":\"WebSite\",\"@id\":\"https:\/\/catalog.basler.com\/#website\",\"url\":\"https:\/\/catalog.basler.com\/\",\"name\":\"Basler Electric\",\"description\":\"\",\"publisher\":{\"@id\":\"https:\/\/catalog.basler.com\/#organization\"},\"potentialAction\":[{\"@type\":\"SearchAction\",\"target\":{\"@type\":\"EntryPoint\",\"urlTemplate\":\"https:\/\/catalog.basler.com\/?s={search_term_string}\"},\"query-input\":{\"@type\":\"PropertyValueSpecification\",\"valueRequired\":true,\"valueName\":\"search_term_string\"}}],\"inLanguage\":\"de-DE\"},{\"@type\":\"Organization\",\"@id\":\"https:\/\/catalog.basler.com\/#organization\",\"name\":\"Basler Electric\",\"url\":\"https:\/\/catalog.basler.com\/\",\"logo\":{\"@type\":\"ImageObject\",\"inLanguage\":\"de-DE\",\"@id\":\"https:\/\/catalog.basler.com\/#\/schema\/logo\/image\/\",\"url\":\"https:\/\/www.basler.com\/wp-content\/uploads\/2025\/10\/Basler-Logo-Favicon.png\",\"contentUrl\":\"https:\/\/www.basler.com\/wp-content\/uploads\/2025\/10\/Basler-Logo-Favicon.png\",\"width\":512,\"height\":512,\"caption\":\"Basler Electric\"},\"image\":{\"@id\":\"https:\/\/catalog.basler.com\/#\/schema\/logo\/image\/\"}}]}<\/script>\n<!-- \/ Yoast SEO plugin. -->","yoast_head_json":{"title":"Current Transformer - 125-250 Aac (BE25925001) | Basler Electric","description":"3-Phase Short Circuit Rating: 125-250 Aac Turns Ratio: 1:8","robots":{"index":"index","follow":"follow","max-snippet":"max-snippet:-1","max-image-preview":"max-image-preview:large","max-video-preview":"max-video-preview:-1"},"canonical":"https:\/\/www.baslerservices.com\/de\/product\/current-transformer-125-250-aac-25925\/","og_locale":"de_DE","og_type":"article","og_title":"Current Transformer - 125-250 Aac (BE25925001) | Basler Electric","og_description":"3-Phase Short Circuit Rating: 125-250 Aac Turns Ratio: 1:8","og_url":"https:\/\/www.baslerservices.com\/de\/product\/current-transformer-125-250-aac-25925\/","og_site_name":"Basler Electric","article_modified_time":"2026-02-27T17:08:58+00:00","og_image":[{"width":300,"height":330,"url":"https:\/\/baslerservices.com\/wp-content\/uploads\/2025\/06\/PP_Current-Transformer-\u2013-2000-4000-Aac-BE25929001.jpg","type":"image\/jpeg"}],"twitter_card":"summary_large_image","twitter_misc":{"Est. reading time":"1 minute"},"schema":{"@context":"https:\/\/schema.org","@graph":[{"@type":"WebPage","@id":"https:\/\/www.baslerservices.com\/de\/product\/current-transformer-125-250-aac-25925\/","url":"https:\/\/www.baslerservices.com\/de\/product\/current-transformer-125-250-aac-25925\/","name":"Current Transformer - 125-250 Aac (BE25925001) | Basler Electric","isPartOf":{"@id":"https:\/\/catalog.basler.com\/#website"},"primaryImageOfPage":{"@id":"https:\/\/www.baslerservices.com\/de\/product\/current-transformer-125-250-aac-25925\/#primaryimage"},"image":{"@id":"https:\/\/www.baslerservices.com\/de\/product\/current-transformer-125-250-aac-25925\/#primaryimage"},"thumbnailUrl":"https:\/\/www.baslerservices.com\/wp-content\/uploads\/2025\/06\/PP_Current-Transformer-\u2013-2000-4000-Aac-BE25929001.jpg","datePublished":"2025-06-29T20:27:41+00:00","dateModified":"2026-02-27T17:08:58+00:00","description":"3-Phase Short Circuit Rating: 125-250 Aac Turns Ratio: 1:8","breadcrumb":{"@id":"https:\/\/www.baslerservices.com\/de\/product\/current-transformer-125-250-aac-25925\/#breadcrumb"},"inLanguage":"de-DE","potentialAction":[{"@type":"ReadAction","target":["https:\/\/www.baslerservices.com\/de\/product\/current-transformer-125-250-aac-25925\/"]}]},{"@type":"ImageObject","inLanguage":"de-DE","@id":"https:\/\/www.baslerservices.com\/de\/product\/current-transformer-125-250-aac-25925\/#primaryimage","url":"https:\/\/www.baslerservices.com\/wp-content\/uploads\/2025\/06\/PP_Current-Transformer-\u2013-2000-4000-Aac-BE25929001.jpg","contentUrl":"https:\/\/www.baslerservices.com\/wp-content\/uploads\/2025\/06\/PP_Current-Transformer-\u2013-2000-4000-Aac-BE25929001.jpg","width":300,"height":330},{"@type":"BreadcrumbList","@id":"https:\/\/www.baslerservices.com\/de\/product\/current-transformer-125-250-aac-25925\/#breadcrumb","itemListElement":[{"@type":"ListItem","position":1,"name":"Home","item":"https:\/\/e2powersystems.com\/de\/"},{"@type":"ListItem","position":2,"name":"Products","item":"https:\/\/www.baslerservices.com\/de\/product\/"},{"@type":"ListItem","position":3,"name":"Current Transformer &#8211; 125-250 Aac (BE25925001)"}]},{"@type":"WebSite","@id":"https:\/\/catalog.basler.com\/#website","url":"https:\/\/catalog.basler.com\/","name":"Basler Electric","description":"","publisher":{"@id":"https:\/\/catalog.basler.com\/#organization"},"potentialAction":[{"@type":"SearchAction","target":{"@type":"EntryPoint","urlTemplate":"https:\/\/catalog.basler.com\/?s={search_term_string}"},"query-input":{"@type":"PropertyValueSpecification","valueRequired":true,"valueName":"search_term_string"}}],"inLanguage":"de-DE"},{"@type":"Organization","@id":"https:\/\/catalog.basler.com\/#organization","name":"Basler Electric","url":"https:\/\/catalog.basler.com\/","logo":{"@type":"ImageObject","inLanguage":"de-DE","@id":"https:\/\/catalog.basler.com\/#\/schema\/logo\/image\/","url":"https:\/\/www.basler.com\/wp-content\/uploads\/2025\/10\/Basler-Logo-Favicon.png","contentUrl":"https:\/\/www.basler.com\/wp-content\/uploads\/2025\/10\/Basler-Logo-Favicon.png","width":512,"height":512,"caption":"Basler Electric"},"image":{"@id":"https:\/\/catalog.basler.com\/#\/schema\/logo\/image\/"}}]}},"_links":{"self":[{"href":"https:\/\/www.baslerservices.com\/de\/wp-json\/wp\/v2\/product\/30717","targetHints":{"allow":["GET"]}}],"collection":[{"href":"https:\/\/www.baslerservices.com\/de\/wp-json\/wp\/v2\/product"}],"about":[{"href":"https:\/\/www.baslerservices.com\/de\/wp-json\/wp\/v2\/types\/product"}],"author":[{"embeddable":true,"href":"https:\/\/www.baslerservices.com\/de\/wp-json\/wp\/v2\/users\/1"}],"wp:featuredmedia":[{"embeddable":true,"href":"https:\/\/www.baslerservices.com\/de\/wp-json\/wp\/v2\/media\/60054"}],"wp:attachment":[{"href":"https:\/\/www.baslerservices.com\/de\/wp-json\/wp\/v2\/media?parent=30717"}],"wp:term":[{"taxonomy":"product-category","embeddable":true,"href":"https:\/\/www.baslerservices.com\/de\/wp-json\/wp\/v2\/product-category?post=30717"}],"curies":[{"name":"wp","href":"https:\/\/api.w.org\/{rel}","templated":true}]}}