{"id":30702,"date":"2025-06-29T15:27:15","date_gmt":"2025-06-29T20:27:15","guid":{"rendered":"https:\/\/www.basler.com\/product\/ethernet-switch-41133\/"},"modified":"2025-10-03T16:42:06","modified_gmt":"2025-10-03T21:42:06","slug":"ethernet-switch-41133","status":"publish","type":"product","link":"https:\/\/www.baslerservices.com\/de\/product\/ethernet-switch-41133\/","title":{"rendered":"Ethernet Switch (41133)"},"content":{"rendered":"<section  data-block-id=\"hammer_block_6ae64c2d9d93f918255dc327e891254f\" data-block=\"hero-10\" class=\"block block-hero-10 hero-10\" id=\"overview\">    <div class=\"wrapper\">\n        <div class=\"left_content\">\n                            <div class=\"headline-wrapper\">\n                                            <strong class=\"overline\">Excitation System Accessories<\/strong>\n                    \n                    <h1 id=\"hammer_component_69d1078acc1d7\" data-component=\"headline\" class=\"component component-headline headline style-default\">Ethernet Switch (41133)<\/h1>\n                <\/div>\n            \n                            <div id=\"hammer_component_69d1078acc276\" data-component=\"rich-text\" class=\"component component-rich-text rich-text\">Ethernet switch for distributed control system communication (DCS) 8-port RJ-45, 10\/100 mbps transfer rates, 24Vdc nominal power supply input @140mA, Din Rail Mount , Basler P\/N 41133\r\n<\/div>\n            \n                                                <div class=\"buttons\">\n                                                                                                    \n                                            <\/div>\n                                    <\/div>\n\n                    <div class=\"right_content\">\n                <div class=\"slider slider-main\">\n                    <div class=\"swiper-wrapper\">\n                                                    <div class=\"swiper-slide\">\n                                                                    <figure id=\"hammer_component_69d1078acc4fc\" data-component=\"image\" class=\"component component-image image\">\n        <picture class=\"picture\">\n            <img decoding=\"async\" width=\"1084\" height=\"600\" src=\"https:\/\/www.baslerservices.com\/wp-content\/uploads\/2025\/06\/41133-4.jpg\" class=\"img\" alt=\"\" loading=\"lazy\" title=\"\" srcset=\"https:\/\/www.baslerservices.com\/wp-content\/uploads\/2025\/06\/41133-4.jpg 1084w, https:\/\/www.baslerservices.com\/wp-content\/uploads\/2025\/06\/41133-4-768x425.jpg 768w, https:\/\/www.baslerservices.com\/wp-content\/uploads\/2025\/06\/41133-4-1024x567.jpg 1024w, https:\/\/www.baslerservices.com\/wp-content\/uploads\/2025\/06\/41133-4-150x83.jpg 150w, https:\/\/www.baslerservices.com\/wp-content\/uploads\/2025\/06\/41133-4-414x229.jpg 414w\" sizes=\"auto, (max-width: 1084px) 100vw, 1084px\">        <\/picture>\n\n            <\/figure>\n                                                            <\/div>\n                                            <\/div>\n                <\/div>\n\n                            <\/div>\n            <\/div>\n    <\/section>\n\n<section  data-block-id=\"hammer_block_5e9de46a874adc5072be1b93220141d8\" data-block=\"text-5\" class=\"block block-text-5 text-5 bg-dark spacing-top-default spacing-bottom-default\">    <div class=\"wrapper\">\n        <div class=\"contents\">\n            <div class=\"left\">\n                                    <h3 class=\"title\">\u2013 Leben ver\u00e4ndern mit innovativen, zuverl\u00e4ssigen Produkten, die auf Integrit\u00e4t und Nachhaltigkeit basieren.<\/h3>\n                \n            <\/div>\n\n            <div class=\"right\">\n                            <\/div>\n        <\/div>\n    <\/div>\n    <\/section>\n\n<section  data-block-id=\"hammer_block_2dfc918377e5b3ca843dd1e8cefdb0ee\" data-block=\"cta-banner-8\" class=\"block block-cta-banner-8 cta-banner-8 spacing-top-default spacing-bottom-large\">    <div class=\"wrapper\">\n        <div class=\"banner\">\n                            <div class=\"headline-wrapper\">\n                                        <h2 id=\"hammer_component_69d1078ae7438\" data-component=\"headline\" class=\"component component-headline headline style-default\">&mdash; Sprechen Sie mit uns: Ihr direkter Draht zu Support &amp; L&ouml;sungen.<\/h2>\n                <\/div>\n            \n                            <div class=\"text-wrapper\">\n                    <div id=\"hammer_component_69d1078ae74ce\" data-component=\"rich-text\" class=\"component component-rich-text rich-text\"><p>Kontaktieren Sie Basler Electric noch heute f&uuml;r weitere Informationen zu unseren Dienstleistungen und Produkten.<\/p>\n<\/div>\n                                            <div class=\"actions\">\n                            <a id=\"hammer_component_69d1078ae7521\" data-component=\"button\" class=\"component component-button button style-primary\" href=\"https:\/\/www.baslerservices.com\/de\/kontaktieren-sie-uns\/\" target=\"\" title=\"Kontaktieren Sie uns\" aria-label=\"Kontaktieren Sie uns\">    <span class=\"button-wrapper\">\n                    <strong class=\"button-text\">Kontaktieren Sie uns<\/strong>\n        \n                    <span class=\"icon-wrapper\" aria-hidden=\"true\">\n                <span class=\"button-icon\">\n                    <?xml version=\"1.0\" encoding=\"UTF-8\"?> <svg xmlns=\"http:\/\/www.w3.org\/2000\/svg\" width=\"8\" height=\"8\" viewbox=\"0 0 8 8\" fill=\"currentColor\"><path fill-rule=\"evenodd\" clip-rule=\"evenodd\" d=\"M7.25606 1.27007L0.526065 8L0 7.47393L6.73 0.743975H0.789112V0H8.00004V7.21087H7.25606V1.27007Z\" fill=\"currentColor\"><\/path><\/svg>                 <\/span>\n            <\/span>\n            <\/span>\n    <\/a>\n                        <\/div>\n                                    <\/div>\n            \n            <div id=\"hammer_component_69d1078ae7648\" data-component=\"image-video\" class=\"component component-image-video image-video\"><figure id=\"hammer_component_69d1078ae7661\" data-component=\"image\" class=\"component component-image image has-overlay\">\n        <picture class=\"picture\">\n            <img decoding=\"async\" width=\"1560\" height=\"720\" src=\"https:\/\/www.baslerservices.com\/wp-content\/uploads\/2024\/11\/Banner-1.jpg\" class=\"img\" alt=\"\" loading=\"lazy\" title=\"\" srcset=\"https:\/\/www.baslerservices.com\/wp-content\/uploads\/2024\/11\/Banner-1.jpg 1560w, https:\/\/www.baslerservices.com\/wp-content\/uploads\/2024\/11\/Banner-1-768x354.jpg 768w, https:\/\/www.baslerservices.com\/wp-content\/uploads\/2024\/11\/Banner-1-1024x473.jpg 1024w, https:\/\/www.baslerservices.com\/wp-content\/uploads\/2024\/11\/Banner-1-150x69.jpg 150w, https:\/\/www.baslerservices.com\/wp-content\/uploads\/2024\/11\/Banner-1-414x191.jpg 414w\" sizes=\"auto, (max-width: 1560px) 100vw, 1560px\">        <\/picture>\n\n            <\/figure>\n<\/div>\n        <\/div>\n    <\/div>\n    <\/section>","protected":false},"excerpt":{"rendered":"<p>Ethernet switch for distributed control system communication (DCS) 8-port RJ-45, 10\/100 mbps transfer rates, 24Vdc nominal power supply input @140mA, Din Rail Mount <1>, Basler P\/N 41133<\/p>\n","protected":false},"author":1,"featured_media":38334,"parent":0,"menu_order":328,"template":"","product-category":[684,642],"class_list":["post-30702","product","type-product","status-publish","has-post-thumbnail","hentry","product-category-excitation-system-accessories","product-category-accessories"],"acf":[],"yoast_head":"<!-- This site is optimized with the Yoast SEO plugin v26.3 - https:\/\/yoast.com\/wordpress\/plugins\/seo\/ -->\n<title>Ethernet Switch (41133) | Basler Electric<\/title>\n<meta name=\"description\" content=\"Ethernet switch for distributed control system communication (DCS) 8-port RJ-45, 10\/100 mbps transfer rates, 24Vdc nominal power supply input @140mA, Din Rail Mount , Basler P\/N 41133\" \/>\n<meta name=\"robots\" content=\"index, follow, max-snippet:-1, max-image-preview:large, max-video-preview:-1\" \/>\n<link rel=\"canonical\" href=\"https:\/\/www.baslerservices.com\/de\/product\/ethernet-switch-41133\/\" \/>\n<meta property=\"og:locale\" content=\"de_DE\" \/>\n<meta property=\"og:type\" content=\"article\" \/>\n<meta property=\"og:title\" content=\"Ethernet Switch (41133) | Basler Electric\" \/>\n<meta property=\"og:description\" content=\"Ethernet switch for distributed control system communication (DCS) 8-port RJ-45, 10\/100 mbps transfer rates, 24Vdc nominal power supply input @140mA, Din Rail Mount , Basler P\/N 41133\" \/>\n<meta property=\"og:url\" content=\"https:\/\/www.baslerservices.com\/de\/product\/ethernet-switch-41133\/\" \/>\n<meta property=\"og:site_name\" content=\"Basler Electric\" \/>\n<meta property=\"article:modified_time\" content=\"2025-10-03T21:42:06+00:00\" \/>\n<meta property=\"og:image\" content=\"https:\/\/de.basler.com\/wp-content\/uploads\/2025\/06\/41133-4.jpg\" \/>\n\t<meta property=\"og:image:width\" content=\"1084\" \/>\n\t<meta property=\"og:image:height\" content=\"600\" \/>\n\t<meta property=\"og:image:type\" content=\"image\/jpeg\" \/>\n<meta name=\"twitter:card\" content=\"summary_large_image\" \/>\n<meta name=\"twitter:label1\" content=\"Est. reading time\" \/>\n\t<meta name=\"twitter:data1\" content=\"1 minute\" \/>\n<script type=\"application\/ld+json\" class=\"yoast-schema-graph\">{\"@context\":\"https:\/\/schema.org\",\"@graph\":[{\"@type\":\"WebPage\",\"@id\":\"https:\/\/www.baslerservices.com\/de\/product\/ethernet-switch-41133\/\",\"url\":\"https:\/\/www.baslerservices.com\/de\/product\/ethernet-switch-41133\/\",\"name\":\"Ethernet Switch (41133) | Basler Electric\",\"isPartOf\":{\"@id\":\"https:\/\/catalog.basler.com\/#website\"},\"primaryImageOfPage\":{\"@id\":\"https:\/\/www.baslerservices.com\/de\/product\/ethernet-switch-41133\/#primaryimage\"},\"image\":{\"@id\":\"https:\/\/www.baslerservices.com\/de\/product\/ethernet-switch-41133\/#primaryimage\"},\"thumbnailUrl\":\"https:\/\/www.baslerservices.com\/wp-content\/uploads\/2025\/06\/41133-4.jpg\",\"datePublished\":\"2025-06-29T20:27:15+00:00\",\"dateModified\":\"2025-10-03T21:42:06+00:00\",\"description\":\"Ethernet switch for distributed control system communication (DCS) 8-port RJ-45, 10\/100 mbps transfer rates, 24Vdc nominal power supply input @140mA, Din Rail Mount , Basler P\/N 41133\",\"breadcrumb\":{\"@id\":\"https:\/\/www.baslerservices.com\/de\/product\/ethernet-switch-41133\/#breadcrumb\"},\"inLanguage\":\"de-DE\",\"potentialAction\":[{\"@type\":\"ReadAction\",\"target\":[\"https:\/\/www.baslerservices.com\/de\/product\/ethernet-switch-41133\/\"]}]},{\"@type\":\"ImageObject\",\"inLanguage\":\"de-DE\",\"@id\":\"https:\/\/www.baslerservices.com\/de\/product\/ethernet-switch-41133\/#primaryimage\",\"url\":\"https:\/\/www.baslerservices.com\/wp-content\/uploads\/2025\/06\/41133-4.jpg\",\"contentUrl\":\"https:\/\/www.baslerservices.com\/wp-content\/uploads\/2025\/06\/41133-4.jpg\",\"width\":1084,\"height\":600},{\"@type\":\"BreadcrumbList\",\"@id\":\"https:\/\/www.baslerservices.com\/de\/product\/ethernet-switch-41133\/#breadcrumb\",\"itemListElement\":[{\"@type\":\"ListItem\",\"position\":1,\"name\":\"Home\",\"item\":\"https:\/\/e2powersystems.com\/de\/\"},{\"@type\":\"ListItem\",\"position\":2,\"name\":\"Products\",\"item\":\"https:\/\/www.baslerservices.com\/de\/product\/\"},{\"@type\":\"ListItem\",\"position\":3,\"name\":\"Ethernet Switch (41133)\"}]},{\"@type\":\"WebSite\",\"@id\":\"https:\/\/catalog.basler.com\/#website\",\"url\":\"https:\/\/catalog.basler.com\/\",\"name\":\"Basler Electric\",\"description\":\"\",\"publisher\":{\"@id\":\"https:\/\/catalog.basler.com\/#organization\"},\"potentialAction\":[{\"@type\":\"SearchAction\",\"target\":{\"@type\":\"EntryPoint\",\"urlTemplate\":\"https:\/\/catalog.basler.com\/?s={search_term_string}\"},\"query-input\":{\"@type\":\"PropertyValueSpecification\",\"valueRequired\":true,\"valueName\":\"search_term_string\"}}],\"inLanguage\":\"de-DE\"},{\"@type\":\"Organization\",\"@id\":\"https:\/\/catalog.basler.com\/#organization\",\"name\":\"Basler Electric\",\"url\":\"https:\/\/catalog.basler.com\/\",\"logo\":{\"@type\":\"ImageObject\",\"inLanguage\":\"de-DE\",\"@id\":\"https:\/\/catalog.basler.com\/#\/schema\/logo\/image\/\",\"url\":\"https:\/\/www.basler.com\/wp-content\/uploads\/2025\/10\/Basler-Logo-Favicon.png\",\"contentUrl\":\"https:\/\/www.basler.com\/wp-content\/uploads\/2025\/10\/Basler-Logo-Favicon.png\",\"width\":512,\"height\":512,\"caption\":\"Basler Electric\"},\"image\":{\"@id\":\"https:\/\/catalog.basler.com\/#\/schema\/logo\/image\/\"}}]}<\/script>\n<!-- \/ Yoast SEO plugin. -->","yoast_head_json":{"title":"Ethernet Switch (41133) | Basler Electric","description":"Ethernet switch for distributed control system communication (DCS) 8-port RJ-45, 10\/100 mbps transfer rates, 24Vdc nominal power supply input @140mA, Din Rail Mount , Basler P\/N 41133","robots":{"index":"index","follow":"follow","max-snippet":"max-snippet:-1","max-image-preview":"max-image-preview:large","max-video-preview":"max-video-preview:-1"},"canonical":"https:\/\/www.baslerservices.com\/de\/product\/ethernet-switch-41133\/","og_locale":"de_DE","og_type":"article","og_title":"Ethernet Switch (41133) | Basler Electric","og_description":"Ethernet switch for distributed control system communication (DCS) 8-port RJ-45, 10\/100 mbps transfer rates, 24Vdc nominal power supply input @140mA, Din Rail Mount , Basler P\/N 41133","og_url":"https:\/\/www.baslerservices.com\/de\/product\/ethernet-switch-41133\/","og_site_name":"Basler Electric","article_modified_time":"2025-10-03T21:42:06+00:00","og_image":[{"width":1084,"height":600,"url":"https:\/\/de.basler.com\/wp-content\/uploads\/2025\/06\/41133-4.jpg","type":"image\/jpeg"}],"twitter_card":"summary_large_image","twitter_misc":{"Est. reading time":"1 minute"},"schema":{"@context":"https:\/\/schema.org","@graph":[{"@type":"WebPage","@id":"https:\/\/www.baslerservices.com\/de\/product\/ethernet-switch-41133\/","url":"https:\/\/www.baslerservices.com\/de\/product\/ethernet-switch-41133\/","name":"Ethernet Switch (41133) | Basler Electric","isPartOf":{"@id":"https:\/\/catalog.basler.com\/#website"},"primaryImageOfPage":{"@id":"https:\/\/www.baslerservices.com\/de\/product\/ethernet-switch-41133\/#primaryimage"},"image":{"@id":"https:\/\/www.baslerservices.com\/de\/product\/ethernet-switch-41133\/#primaryimage"},"thumbnailUrl":"https:\/\/www.baslerservices.com\/wp-content\/uploads\/2025\/06\/41133-4.jpg","datePublished":"2025-06-29T20:27:15+00:00","dateModified":"2025-10-03T21:42:06+00:00","description":"Ethernet switch for distributed control system communication (DCS) 8-port RJ-45, 10\/100 mbps transfer rates, 24Vdc nominal power supply input @140mA, Din Rail Mount , Basler P\/N 41133","breadcrumb":{"@id":"https:\/\/www.baslerservices.com\/de\/product\/ethernet-switch-41133\/#breadcrumb"},"inLanguage":"de-DE","potentialAction":[{"@type":"ReadAction","target":["https:\/\/www.baslerservices.com\/de\/product\/ethernet-switch-41133\/"]}]},{"@type":"ImageObject","inLanguage":"de-DE","@id":"https:\/\/www.baslerservices.com\/de\/product\/ethernet-switch-41133\/#primaryimage","url":"https:\/\/www.baslerservices.com\/wp-content\/uploads\/2025\/06\/41133-4.jpg","contentUrl":"https:\/\/www.baslerservices.com\/wp-content\/uploads\/2025\/06\/41133-4.jpg","width":1084,"height":600},{"@type":"BreadcrumbList","@id":"https:\/\/www.baslerservices.com\/de\/product\/ethernet-switch-41133\/#breadcrumb","itemListElement":[{"@type":"ListItem","position":1,"name":"Home","item":"https:\/\/e2powersystems.com\/de\/"},{"@type":"ListItem","position":2,"name":"Products","item":"https:\/\/www.baslerservices.com\/de\/product\/"},{"@type":"ListItem","position":3,"name":"Ethernet Switch (41133)"}]},{"@type":"WebSite","@id":"https:\/\/catalog.basler.com\/#website","url":"https:\/\/catalog.basler.com\/","name":"Basler Electric","description":"","publisher":{"@id":"https:\/\/catalog.basler.com\/#organization"},"potentialAction":[{"@type":"SearchAction","target":{"@type":"EntryPoint","urlTemplate":"https:\/\/catalog.basler.com\/?s={search_term_string}"},"query-input":{"@type":"PropertyValueSpecification","valueRequired":true,"valueName":"search_term_string"}}],"inLanguage":"de-DE"},{"@type":"Organization","@id":"https:\/\/catalog.basler.com\/#organization","name":"Basler Electric","url":"https:\/\/catalog.basler.com\/","logo":{"@type":"ImageObject","inLanguage":"de-DE","@id":"https:\/\/catalog.basler.com\/#\/schema\/logo\/image\/","url":"https:\/\/www.basler.com\/wp-content\/uploads\/2025\/10\/Basler-Logo-Favicon.png","contentUrl":"https:\/\/www.basler.com\/wp-content\/uploads\/2025\/10\/Basler-Logo-Favicon.png","width":512,"height":512,"caption":"Basler Electric"},"image":{"@id":"https:\/\/catalog.basler.com\/#\/schema\/logo\/image\/"}}]}},"_links":{"self":[{"href":"https:\/\/www.baslerservices.com\/de\/wp-json\/wp\/v2\/product\/30702","targetHints":{"allow":["GET"]}}],"collection":[{"href":"https:\/\/www.baslerservices.com\/de\/wp-json\/wp\/v2\/product"}],"about":[{"href":"https:\/\/www.baslerservices.com\/de\/wp-json\/wp\/v2\/types\/product"}],"author":[{"embeddable":true,"href":"https:\/\/www.baslerservices.com\/de\/wp-json\/wp\/v2\/users\/1"}],"wp:featuredmedia":[{"embeddable":true,"href":"https:\/\/www.baslerservices.com\/de\/wp-json\/wp\/v2\/media\/38334"}],"wp:attachment":[{"href":"https:\/\/www.baslerservices.com\/de\/wp-json\/wp\/v2\/media?parent=30702"}],"wp:term":[{"taxonomy":"product-category","embeddable":true,"href":"https:\/\/www.baslerservices.com\/de\/wp-json\/wp\/v2\/product-category?post=30702"}],"curies":[{"name":"wp","href":"https:\/\/api.w.org\/{rel}","templated":true}]}}