{"id":53961,"date":"2025-07-14T23:08:41","date_gmt":"2025-07-15T04:08:41","guid":{"rendered":"https:\/\/www.basler.com\/e%c2%b2-ingenieurdienstleistungen\/beratungsdienste\/"},"modified":"2025-09-10T17:18:48","modified_gmt":"2025-09-10T22:18:48","slug":"beratungsdienste","status":"publish","type":"page","link":"https:\/\/www.baslerservices.com\/de\/e%c2%b2-ingenieurdienstleistungen\/beratungsdienste\/","title":{"rendered":"Beratungsdienste"},"content":{"rendered":"<section  data-block-id=\"hammer_block_1c02c0c1e511c271a8cae612694a36e8\" data-block=\"hero-background-image-text\" class=\"block block-hero-background-image-text hero-background-image-text spacing-top-default spacing-bottom-default style-kompakt\">\t<div class=\"wrapper has-media full-width\">\r\n\t\t<div class=\"inner\">\r\n\t\t\t<figure id=\"hammer_component_69d38ced5ff32\" data-component=\"image\" class=\"component component-image image bg-image has-overlay\">\n        <picture class=\"picture\">\n            <img decoding=\"async\" width=\"1560\" height=\"700\" src=\"https:\/\/www.baslerservices.com\/wp-content\/uploads\/2025\/07\/Web-Heros-30.png\" class=\"img\" alt=\"\" loading=\"lazy\" title=\"\" srcset=\"https:\/\/www.baslerservices.com\/wp-content\/uploads\/2025\/07\/Web-Heros-30.png 1560w, https:\/\/www.baslerservices.com\/wp-content\/uploads\/2025\/07\/Web-Heros-30-768x345.png 768w, https:\/\/www.baslerservices.com\/wp-content\/uploads\/2025\/07\/Web-Heros-30-1024x459.png 1024w, https:\/\/www.baslerservices.com\/wp-content\/uploads\/2025\/07\/Web-Heros-30-150x67.png 150w, https:\/\/www.baslerservices.com\/wp-content\/uploads\/2025\/07\/Web-Heros-30-414x186.png 414w\" sizes=\"auto, (max-width: 1560px) 100vw, 1560px\">        <\/picture>\n\n            <\/figure>\n\r\n\t\t\t\r\n\t\t\t<div class=\"content-wrapper\">\r\n\t\t\t\t<h1 id=\"hammer_component_69d38ced60296\" data-component=\"headline\" class=\"component component-headline headline title style-default\">Beratungsdienste<\/h1>\n\r\n\t\t\t\t<div class=\"text\">\r\n\t\t\t\t\t<div id=\"hammer_component_69d38ced602f2\" data-component=\"rich-text\" class=\"component component-rich-text rich-text\"><p>Basler Services, LLC bietet spezialisierte Beratungsdienste an, darunter Studien zur Systembewertung und -verbesserung, Unterst&uuml;tzung bei der Einhaltung gesetzlicher Vorschriften, Bewertungen der Lichtbogengefahr, Koordination von Schutzrelais und Lastflusspr&uuml;fungen.<\/p>\n<\/div>\n\r\n\t\t\t\t\t\t\t\t\t\t\t<a id=\"hammer_component_69d38ced6032e\" data-component=\"button\" class=\"component component-button button style-prim&auml;r\" href=\"https:\/\/www.basler.com\/contact-us\/\" target=\"\" title=\"Kontaktieren Sie uns  \" aria-label=\"Kontaktieren Sie uns  \">    <span class=\"button-wrapper\">\n                    <strong class=\"button-text\">Kontaktieren Sie uns  <\/strong>\n        \n                    <span class=\"icon-wrapper\" aria-hidden=\"true\">\n                <span class=\"button-icon\">\n                    <?xml version=\"1.0\" encoding=\"UTF-8\"?> <svg xmlns=\"http:\/\/www.w3.org\/2000\/svg\" width=\"8\" height=\"8\" viewbox=\"0 0 8 8\" fill=\"currentColor\"><path fill-rule=\"evenodd\" clip-rule=\"evenodd\" d=\"M7.25606 1.27007L0.526065 8L0 7.47393L6.73 0.743975H0.789112V0H8.00004V7.21087H7.25606V1.27007Z\" fill=\"currentColor\"><\/path><\/svg>                 <\/span>\n            <\/span>\n            <\/span>\n    <\/a>\n\t\t\t\t\t\t\t\t\t<\/div>\r\n\r\n\t\t\t<\/div>\r\n\t\t<\/div>\r\n\t<\/div>\r\n<\/section><section  data-block-id=\"hammer_block_257bbef4003c01cee304215503dda9c0\" data-block=\"listing-collapse\" class=\"block block-listing-collapse listing-collapse spacing-top-klein spacing-bottom-default\">    \t\t<header class=\"wrapper wrapper-top\">\n            <h2 id=\"hammer_component_69d38ced792f6\" data-component=\"headline\" class=\"component component-headline headline style-&Uuml;berschrift-regul&auml;r\">E&sup2; Ingenieurdienstleistungen<\/h2>\n            \t\t<\/header>\n    \n\t<div class=\"wrapper wrapper-bottom\">\n        \t\t\t<hr class=\"line\" role=\"presentation\"\/>\n\t\t\t<article class=\"post active\" tabindex=\"0\">\n                <figure id=\"hammer_component_69d38ced79372\" data-component=\"image\" class=\"component component-image image\">\n        <picture class=\"picture\">\n            <img decoding=\"async\" width=\"440\" height=\"330\" src=\"https:\/\/www.baslerservices.com\/wp-content\/uploads\/2025\/07\/Untitled-23.webp\" class=\"img\" alt=\"\" loading=\"lazy\" title=\"\" srcset=\"https:\/\/www.baslerservices.com\/wp-content\/uploads\/2025\/07\/Untitled-23.webp 440w, https:\/\/www.baslerservices.com\/wp-content\/uploads\/2025\/07\/Untitled-23-150x113.webp 150w, https:\/\/www.baslerservices.com\/wp-content\/uploads\/2025\/07\/Untitled-23-414x311.webp 414w\" sizes=\"auto, (max-width: 440px) 100vw, 440px\">        <\/picture>\n\n            <\/figure>\n\n\t\t\t\t<div class=\"content\">\n\t\t\t\t\t<div class=\"infos\">\n\t\t\t\t\t\t<h3 class=\"title\">Studien zur Systembewertung und -verbesserung<\/h3>\n\n                        \t\t\t\t\t\t\t<p class=\"excerpt\">Die Energieversorgung ist heute von gr\u00f6\u00dfter Bedeutung. Die steigende Nachfrage belastet die Energieversorger weiterhin und unterstreicht die entscheidende Bedeutung von maximaler Effizienz und Zuverl\u00e4ssigkeit. W\u00e4hrend wir uns auf Prozesse (Life Management Programs) konzentrieren, um die Lebensdauer von Turbinen und Generatoren zu verl\u00e4ngern, m\u00fcssen wir auch die Erregungssteuerungssysteme ber\u00fccksichtigen, um sicherzustellen, dass die Anforderungen der Spannungsversorgung im gesamten System erf\u00fcllt werden.  <\/p>\n                        \t\t\t\t\t<\/div>\n\n                    \t\t\t\t\t\t<div class=\"wrapper-button\">\n                            <a id=\"hammer_component_69d38ced795ae\" data-component=\"button\" class=\"component component-button button style-prim&auml;r\" href=\"https:\/\/www.basler.com\/service\/e2-engineering-system-evaluation-enhancement-studies\/\" target=\"\" title=\"Mehr erfahren\" aria-label=\"Mehr erfahren\">    <span class=\"button-wrapper\">\n                    <strong class=\"button-text\">Mehr erfahren<\/strong>\n        \n                    <span class=\"icon-wrapper\" aria-hidden=\"true\">\n                <span class=\"button-icon\">\n                    <?xml version=\"1.0\" encoding=\"UTF-8\"?> <svg xmlns=\"http:\/\/www.w3.org\/2000\/svg\" width=\"8\" height=\"8\" viewbox=\"0 0 8 8\" fill=\"currentColor\"><path fill-rule=\"evenodd\" clip-rule=\"evenodd\" d=\"M7.25606 1.27007L0.526065 8L0 7.47393L6.73 0.743975H0.789112V0H8.00004V7.21087H7.25606V1.27007Z\" fill=\"currentColor\"><\/path><\/svg>                 <\/span>\n            <\/span>\n            <\/span>\n    <\/a>\n\t\t\t\t\t\t<\/div>\n                    \t\t\t\t<\/div>\n\t\t\t<\/article>\n        \t\t\t<hr class=\"line\" role=\"presentation\"\/>\n\t\t\t<article class=\"post \" tabindex=\"0\">\n                <figure id=\"hammer_component_69d38ced796ac\" data-component=\"image\" class=\"component component-image image\">\n        <picture class=\"picture\">\n            <img decoding=\"async\" width=\"450\" height=\"400\" src=\"https:\/\/www.baslerservices.com\/wp-content\/uploads\/2025\/06\/Untitled-15.webp\" class=\"img\" alt=\"\" loading=\"lazy\" title=\"\" srcset=\"https:\/\/www.baslerservices.com\/wp-content\/uploads\/2025\/06\/Untitled-15.webp 450w, https:\/\/www.baslerservices.com\/wp-content\/uploads\/2025\/06\/Untitled-15-150x133.webp 150w, https:\/\/www.baslerservices.com\/wp-content\/uploads\/2025\/06\/Untitled-15-414x368.webp 414w\" sizes=\"auto, (max-width: 450px) 100vw, 450px\">        <\/picture>\n\n            <\/figure>\n\n\t\t\t\t<div class=\"content\">\n\t\t\t\t\t<div class=\"infos\">\n\t\t\t\t\t\t<h3 class=\"title\">Einhaltung gesetzlicher Vorschriften<\/h3>\n\n                        \t\t\t\t\t\t\t<p class=\"excerpt\">Die Zuverl\u00e4ssigkeit ist das Hauptanliegen. Um die Reaktion des Gesamtsystems und die Zuverl\u00e4ssigkeit vorhersagen zu k\u00f6nnen, muss NERC die F\u00e4higkeiten der Stromerzeugungssysteme und die erwartete Leistung sowohl im station\u00e4ren Betrieb als auch bei Systemtransienten, die durch Erzeugungsausf\u00e4lle, Fehler oder andere Arten von St\u00f6rungen verursacht werden, kennen. <\/p>\n                        \t\t\t\t\t<\/div>\n\n                    \t\t\t\t\t\t<div class=\"wrapper-button\">\n                            <a id=\"hammer_component_69d38ced7987a\" data-component=\"button\" class=\"component component-button button style-prim&auml;r\" href=\"https:\/\/www.basler.com\/service\/e2-engineering-regulatory-compliance\/\" target=\"\" title=\"Mehr erfahren\" aria-label=\"Mehr erfahren\">    <span class=\"button-wrapper\">\n                    <strong class=\"button-text\">Mehr erfahren<\/strong>\n        \n                    <span class=\"icon-wrapper\" aria-hidden=\"true\">\n                <span class=\"button-icon\">\n                    <?xml version=\"1.0\" encoding=\"UTF-8\"?> <svg xmlns=\"http:\/\/www.w3.org\/2000\/svg\" width=\"8\" height=\"8\" viewbox=\"0 0 8 8\" fill=\"currentColor\"><path fill-rule=\"evenodd\" clip-rule=\"evenodd\" d=\"M7.25606 1.27007L0.526065 8L0 7.47393L6.73 0.743975H0.789112V0H8.00004V7.21087H7.25606V1.27007Z\" fill=\"currentColor\"><\/path><\/svg>                 <\/span>\n            <\/span>\n            <\/span>\n    <\/a>\n\t\t\t\t\t\t<\/div>\n                    \t\t\t\t<\/div>\n\t\t\t<\/article>\n        \t\t\t<hr class=\"line\" role=\"presentation\"\/>\n\t\t\t<article class=\"post \" tabindex=\"0\">\n                <figure id=\"hammer_component_69d38ced79982\" data-component=\"image\" class=\"component component-image image\">\n        <picture class=\"picture\">\n            <img decoding=\"async\" width=\"500\" height=\"328\" src=\"https:\/\/www.baslerservices.com\/wp-content\/uploads\/2025\/07\/Untitled-4-5.png\" class=\"img\" alt=\"\" loading=\"lazy\" title=\"\" srcset=\"https:\/\/www.baslerservices.com\/wp-content\/uploads\/2025\/07\/Untitled-4-5.png 500w, https:\/\/www.baslerservices.com\/wp-content\/uploads\/2025\/07\/Untitled-4-5-150x98.png 150w, https:\/\/www.baslerservices.com\/wp-content\/uploads\/2025\/07\/Untitled-4-5-414x272.png 414w\" sizes=\"auto, (max-width: 500px) 100vw, 500px\">        <\/picture>\n\n            <\/figure>\n\n\t\t\t\t<div class=\"content\">\n\t\t\t\t\t<div class=\"infos\">\n\t\t\t\t\t\t<h3 class=\"title\">Bewertung der Blitzlicht-Gefahr<\/h3>\n\n                        \t\t\t\t\t\t\t<p class=\"excerpt\">Die Gefahr eines Lichtbogens ist ein gef\u00e4hrlicher Zustand, der mit der Freisetzung von Energie durch einen elektrischen Lichtbogen verbunden ist. Elektrische Lichtb\u00f6gen erzeugen starke Hitze, Schallwellen und Druckwellen. Ein St\u00f6rlichtbogen verursacht extrem hohe Temperaturen und kann starke Hitze ausstrahlen, die Kleidung entz\u00fcnden und schwere Verbrennungen verursachen, die t\u00f6dlich sein k\u00f6nnen. Daher ist es wichtig, dass Sie sich genau informieren, wenn Sie an stromf\u00fchrenden Ger\u00e4ten arbeiten.   <\/p>\n                        \t\t\t\t\t<\/div>\n\n                    \t\t\t\t\t\t<div class=\"wrapper-button\">\n                            <a id=\"hammer_component_69d38ced79b2a\" data-component=\"button\" class=\"component component-button button style-prim&auml;r\" href=\"https:\/\/www.basler.com\/service\/e2-engineering-arc-flash-hazard-evaluation\/\" target=\"\" title=\"Mehr erfahren\" aria-label=\"Mehr erfahren\">    <span class=\"button-wrapper\">\n                    <strong class=\"button-text\">Mehr erfahren<\/strong>\n        \n                    <span class=\"icon-wrapper\" aria-hidden=\"true\">\n                <span class=\"button-icon\">\n                    <?xml version=\"1.0\" encoding=\"UTF-8\"?> <svg xmlns=\"http:\/\/www.w3.org\/2000\/svg\" width=\"8\" height=\"8\" viewbox=\"0 0 8 8\" fill=\"currentColor\"><path fill-rule=\"evenodd\" clip-rule=\"evenodd\" d=\"M7.25606 1.27007L0.526065 8L0 7.47393L6.73 0.743975H0.789112V0H8.00004V7.21087H7.25606V1.27007Z\" fill=\"currentColor\"><\/path><\/svg>                 <\/span>\n            <\/span>\n            <\/span>\n    <\/a>\n\t\t\t\t\t\t<\/div>\n                    \t\t\t\t<\/div>\n\t\t\t<\/article>\n        \t\t<hr class=\"line\" role=\"presentation\"\/>\n\t<\/div>\n    <\/section>","protected":false},"excerpt":{"rendered":"","protected":false},"author":1,"featured_media":0,"parent":53612,"menu_order":0,"comment_status":"closed","ping_status":"closed","template":"","meta":{"_acf_changed":false,"content-type":"","inline_featured_image":false,"ep_exclude_from_search":false,"footnotes":""},"class_list":["post-53961","page","type-page","status-publish","hentry"],"acf":[],"yoast_head":"<!-- This site is optimized with the Yoast SEO plugin v26.3 - https:\/\/yoast.com\/wordpress\/plugins\/seo\/ -->\n<title>Beratungsdienste | Basler Electric<\/title>\n<meta name=\"robots\" content=\"index, follow, max-snippet:-1, max-image-preview:large, max-video-preview:-1\" \/>\n<link rel=\"canonical\" href=\"https:\/\/www.baslerservices.com\/de\/e%c2%b2-ingenieurdienstleistungen\/beratungsdienste\/\" \/>\n<meta property=\"og:locale\" content=\"de_DE\" \/>\n<meta property=\"og:type\" content=\"article\" \/>\n<meta property=\"og:title\" content=\"Beratungsdienste | Basler Electric\" \/>\n<meta property=\"og:url\" content=\"https:\/\/www.baslerservices.com\/de\/e%c2%b2-ingenieurdienstleistungen\/beratungsdienste\/\" \/>\n<meta property=\"og:site_name\" content=\"Basler Electric\" \/>\n<meta property=\"article:modified_time\" content=\"2025-09-10T22:18:48+00:00\" \/>\n<meta property=\"og:image\" content=\"https:\/\/www.baslerservices.com\/wp-content\/uploads\/2025\/07\/Basler-Default-Image.jpg\" \/>\n\t<meta property=\"og:image:width\" content=\"1920\" \/>\n\t<meta property=\"og:image:height\" content=\"1080\" \/>\n\t<meta property=\"og:image:type\" content=\"image\/jpeg\" \/>\n<meta name=\"twitter:card\" content=\"summary_large_image\" \/>\n<script type=\"application\/ld+json\" class=\"yoast-schema-graph\">{\"@context\":\"https:\/\/schema.org\",\"@graph\":[{\"@type\":\"WebPage\",\"@id\":\"https:\/\/www.baslerservices.com\/de\/e%c2%b2-ingenieurdienstleistungen\/beratungsdienste\/\",\"url\":\"https:\/\/www.baslerservices.com\/de\/e%c2%b2-ingenieurdienstleistungen\/beratungsdienste\/\",\"name\":\"Beratungsdienste | Basler Electric\",\"isPartOf\":{\"@id\":\"https:\/\/catalog.basler.com\/#website\"},\"datePublished\":\"2025-07-15T04:08:41+00:00\",\"dateModified\":\"2025-09-10T22:18:48+00:00\",\"breadcrumb\":{\"@id\":\"https:\/\/www.baslerservices.com\/de\/e%c2%b2-ingenieurdienstleistungen\/beratungsdienste\/#breadcrumb\"},\"inLanguage\":\"de-DE\",\"potentialAction\":[{\"@type\":\"ReadAction\",\"target\":[\"https:\/\/www.baslerservices.com\/de\/e%c2%b2-ingenieurdienstleistungen\/beratungsdienste\/\"]}]},{\"@type\":\"BreadcrumbList\",\"@id\":\"https:\/\/www.baslerservices.com\/de\/e%c2%b2-ingenieurdienstleistungen\/beratungsdienste\/#breadcrumb\",\"itemListElement\":[{\"@type\":\"ListItem\",\"position\":1,\"name\":\"Home\",\"item\":\"https:\/\/e2powersystems.com\/de\/\"},{\"@type\":\"ListItem\",\"position\":2,\"name\":\"E\u00b2 Ingenieurdienstleistungen\",\"item\":\"https:\/\/www.basler.com\/de\/e%c2%b2-ingenieurdienstleistungen\/\"},{\"@type\":\"ListItem\",\"position\":3,\"name\":\"Beratungsdienste\"}]},{\"@type\":\"WebSite\",\"@id\":\"https:\/\/catalog.basler.com\/#website\",\"url\":\"https:\/\/catalog.basler.com\/\",\"name\":\"Basler Electric\",\"description\":\"\",\"publisher\":{\"@id\":\"https:\/\/catalog.basler.com\/#organization\"},\"potentialAction\":[{\"@type\":\"SearchAction\",\"target\":{\"@type\":\"EntryPoint\",\"urlTemplate\":\"https:\/\/catalog.basler.com\/?s={search_term_string}\"},\"query-input\":{\"@type\":\"PropertyValueSpecification\",\"valueRequired\":true,\"valueName\":\"search_term_string\"}}],\"inLanguage\":\"de-DE\"},{\"@type\":\"Organization\",\"@id\":\"https:\/\/catalog.basler.com\/#organization\",\"name\":\"Basler Electric\",\"url\":\"https:\/\/catalog.basler.com\/\",\"logo\":{\"@type\":\"ImageObject\",\"inLanguage\":\"de-DE\",\"@id\":\"https:\/\/catalog.basler.com\/#\/schema\/logo\/image\/\",\"url\":\"https:\/\/www.basler.com\/wp-content\/uploads\/2025\/10\/Basler-Logo-Favicon.png\",\"contentUrl\":\"https:\/\/www.basler.com\/wp-content\/uploads\/2025\/10\/Basler-Logo-Favicon.png\",\"width\":512,\"height\":512,\"caption\":\"Basler Electric\"},\"image\":{\"@id\":\"https:\/\/catalog.basler.com\/#\/schema\/logo\/image\/\"}}]}<\/script>\n<!-- \/ Yoast SEO plugin. -->","yoast_head_json":{"title":"Beratungsdienste | Basler Electric","robots":{"index":"index","follow":"follow","max-snippet":"max-snippet:-1","max-image-preview":"max-image-preview:large","max-video-preview":"max-video-preview:-1"},"canonical":"https:\/\/www.baslerservices.com\/de\/e%c2%b2-ingenieurdienstleistungen\/beratungsdienste\/","og_locale":"de_DE","og_type":"article","og_title":"Beratungsdienste | Basler Electric","og_url":"https:\/\/www.baslerservices.com\/de\/e%c2%b2-ingenieurdienstleistungen\/beratungsdienste\/","og_site_name":"Basler Electric","article_modified_time":"2025-09-10T22:18:48+00:00","og_image":[{"width":1920,"height":1080,"url":"https:\/\/www.baslerservices.com\/wp-content\/uploads\/2025\/07\/Basler-Default-Image.jpg","type":"image\/jpeg"}],"twitter_card":"summary_large_image","schema":{"@context":"https:\/\/schema.org","@graph":[{"@type":"WebPage","@id":"https:\/\/www.baslerservices.com\/de\/e%c2%b2-ingenieurdienstleistungen\/beratungsdienste\/","url":"https:\/\/www.baslerservices.com\/de\/e%c2%b2-ingenieurdienstleistungen\/beratungsdienste\/","name":"Beratungsdienste | Basler Electric","isPartOf":{"@id":"https:\/\/catalog.basler.com\/#website"},"datePublished":"2025-07-15T04:08:41+00:00","dateModified":"2025-09-10T22:18:48+00:00","breadcrumb":{"@id":"https:\/\/www.baslerservices.com\/de\/e%c2%b2-ingenieurdienstleistungen\/beratungsdienste\/#breadcrumb"},"inLanguage":"de-DE","potentialAction":[{"@type":"ReadAction","target":["https:\/\/www.baslerservices.com\/de\/e%c2%b2-ingenieurdienstleistungen\/beratungsdienste\/"]}]},{"@type":"BreadcrumbList","@id":"https:\/\/www.baslerservices.com\/de\/e%c2%b2-ingenieurdienstleistungen\/beratungsdienste\/#breadcrumb","itemListElement":[{"@type":"ListItem","position":1,"name":"Home","item":"https:\/\/e2powersystems.com\/de\/"},{"@type":"ListItem","position":2,"name":"E\u00b2 Ingenieurdienstleistungen","item":"https:\/\/www.basler.com\/de\/e%c2%b2-ingenieurdienstleistungen\/"},{"@type":"ListItem","position":3,"name":"Beratungsdienste"}]},{"@type":"WebSite","@id":"https:\/\/catalog.basler.com\/#website","url":"https:\/\/catalog.basler.com\/","name":"Basler Electric","description":"","publisher":{"@id":"https:\/\/catalog.basler.com\/#organization"},"potentialAction":[{"@type":"SearchAction","target":{"@type":"EntryPoint","urlTemplate":"https:\/\/catalog.basler.com\/?s={search_term_string}"},"query-input":{"@type":"PropertyValueSpecification","valueRequired":true,"valueName":"search_term_string"}}],"inLanguage":"de-DE"},{"@type":"Organization","@id":"https:\/\/catalog.basler.com\/#organization","name":"Basler Electric","url":"https:\/\/catalog.basler.com\/","logo":{"@type":"ImageObject","inLanguage":"de-DE","@id":"https:\/\/catalog.basler.com\/#\/schema\/logo\/image\/","url":"https:\/\/www.basler.com\/wp-content\/uploads\/2025\/10\/Basler-Logo-Favicon.png","contentUrl":"https:\/\/www.basler.com\/wp-content\/uploads\/2025\/10\/Basler-Logo-Favicon.png","width":512,"height":512,"caption":"Basler Electric"},"image":{"@id":"https:\/\/catalog.basler.com\/#\/schema\/logo\/image\/"}}]}},"_links":{"self":[{"href":"https:\/\/www.baslerservices.com\/de\/wp-json\/wp\/v2\/pages\/53961","targetHints":{"allow":["GET"]}}],"collection":[{"href":"https:\/\/www.baslerservices.com\/de\/wp-json\/wp\/v2\/pages"}],"about":[{"href":"https:\/\/www.baslerservices.com\/de\/wp-json\/wp\/v2\/types\/page"}],"author":[{"embeddable":true,"href":"https:\/\/www.baslerservices.com\/de\/wp-json\/wp\/v2\/users\/1"}],"replies":[{"embeddable":true,"href":"https:\/\/www.baslerservices.com\/de\/wp-json\/wp\/v2\/comments?post=53961"}],"version-history":[{"count":1,"href":"https:\/\/www.baslerservices.com\/de\/wp-json\/wp\/v2\/pages\/53961\/revisions"}],"predecessor-version":[{"id":53962,"href":"https:\/\/www.baslerservices.com\/de\/wp-json\/wp\/v2\/pages\/53961\/revisions\/53962"}],"up":[{"embeddable":true,"href":"https:\/\/www.baslerservices.com\/de\/wp-json\/wp\/v2\/pages\/53612"}],"wp:attachment":[{"href":"https:\/\/www.baslerservices.com\/de\/wp-json\/wp\/v2\/media?parent=53961"}],"curies":[{"name":"wp","href":"https:\/\/api.w.org\/{rel}","templated":true}]}}