{"id":53941,"date":"2025-07-14T23:04:25","date_gmt":"2025-07-15T04:04:25","guid":{"rendered":"https:\/\/www.basler.com\/e%c2%b2-ingenieurdienstleistungen\/vor-ort-dienste\/"},"modified":"2025-09-10T17:17:49","modified_gmt":"2025-09-10T22:17:49","slug":"vor-ort-dienste","status":"publish","type":"page","link":"https:\/\/www.baslerservices.com\/de\/e%c2%b2-ingenieurdienstleistungen\/vor-ort-dienste\/","title":{"rendered":"Vor-Ort-Dienste"},"content":{"rendered":"<section  data-block-id=\"hammer_block_814c88bb45cf8560cd4ef07bb260e464\" data-block=\"hero-background-image-text\" class=\"block block-hero-background-image-text hero-background-image-text spacing-top-default spacing-bottom-default style-kompakt\">\t<div class=\"wrapper has-media full-width\">\r\n\t\t<div class=\"inner\">\r\n\t\t\t<figure id=\"hammer_component_69d0e1645e0fe\" data-component=\"image\" class=\"component component-image image bg-image has-overlay\">\n        <picture class=\"picture\">\n            <img decoding=\"async\" width=\"1560\" height=\"700\" src=\"https:\/\/www.baslerservices.com\/wp-content\/uploads\/2025\/07\/Web-Heros-29.png\" class=\"img\" alt=\"\" loading=\"lazy\" title=\"\" srcset=\"https:\/\/www.baslerservices.com\/wp-content\/uploads\/2025\/07\/Web-Heros-29.png 1560w, https:\/\/www.baslerservices.com\/wp-content\/uploads\/2025\/07\/Web-Heros-29-768x345.png 768w, https:\/\/www.baslerservices.com\/wp-content\/uploads\/2025\/07\/Web-Heros-29-1024x459.png 1024w, https:\/\/www.baslerservices.com\/wp-content\/uploads\/2025\/07\/Web-Heros-29-150x67.png 150w, https:\/\/www.baslerservices.com\/wp-content\/uploads\/2025\/07\/Web-Heros-29-414x186.png 414w\" sizes=\"auto, (max-width: 1560px) 100vw, 1560px\">        <\/picture>\n\n            <\/figure>\n\r\n\t\t\t\r\n\t\t\t<div class=\"content-wrapper\">\r\n\t\t\t\t<h1 id=\"hammer_component_69d0e1645f71c\" data-component=\"headline\" class=\"component component-headline headline title style-default\">Dienstleistungen vor Ort<\/h1>\n\r\n\t\t\t\t<div class=\"text\">\r\n\t\t\t\t\t<div id=\"hammer_component_69d0e1645f7a9\" data-component=\"rich-text\" class=\"component component-rich-text rich-text\"><p>Basler Services, LLC, bietet eine Reihe von Vor-Ort-Dienstleistungen an, darunter Fehlerbehebung im Notfall, Systemwartung und -pr&uuml;fung, NERC-Konformit&auml;tstests und ma&szlig;geschneiderte technische Schulungen, um eine optimale Leistung und die Einhaltung von Vorschriften f&uuml;r Stromerzeugungs- und industrielle elektrische Systeme zu gew&auml;hrleisten.<\/p>\n<\/div>\n\r\n\t\t\t\t\t\t\t\t\t\t\t<a id=\"hammer_component_69d0e1645f810\" data-component=\"button\" class=\"component component-button button style-prim&auml;r\" href=\"https:\/\/www.basler.com\/contact\" target=\"\" title=\"Kontaktieren Sie uns\" aria-label=\"Kontaktieren Sie uns\">    <span class=\"button-wrapper\">\n                    <strong class=\"button-text\">Kontaktieren Sie uns<\/strong>\n        \n                    <span class=\"icon-wrapper\" aria-hidden=\"true\">\n                <span class=\"button-icon\">\n                    <?xml version=\"1.0\" encoding=\"UTF-8\"?> <svg xmlns=\"http:\/\/www.w3.org\/2000\/svg\" width=\"8\" height=\"8\" viewbox=\"0 0 8 8\" fill=\"currentColor\"><path fill-rule=\"evenodd\" clip-rule=\"evenodd\" d=\"M7.25606 1.27007L0.526065 8L0 7.47393L6.73 0.743975H0.789112V0H8.00004V7.21087H7.25606V1.27007Z\" fill=\"currentColor\"><\/path><\/svg>                 <\/span>\n            <\/span>\n            <\/span>\n    <\/a>\n\t\t\t\t\t\t\t\t\t<\/div>\r\n\r\n\t\t\t<\/div>\r\n\t\t<\/div>\r\n\t<\/div>\r\n<\/section><section  data-block-id=\"hammer_block_ae5cb314921e1be2245785c2d27b9486\" data-block=\"listing-collapse\" class=\"block block-listing-collapse listing-collapse spacing-top-default spacing-bottom-default\">    \t\t<header class=\"wrapper wrapper-top\">\n            <h2 id=\"hammer_component_69d0e16496d2e\" data-component=\"headline\" class=\"component component-headline headline style-default\">E&sup2; Ingenieurdienstleistungen<\/h2>\n            \t\t<\/header>\n    \n\t<div class=\"wrapper wrapper-bottom\">\n        \t\t\t<hr class=\"line\" role=\"presentation\"\/>\n\t\t\t<article class=\"post active\" tabindex=\"0\">\n                <figure id=\"hammer_component_69d0e16496df0\" data-component=\"image\" class=\"component component-image image\">\n        <picture class=\"picture\">\n            <img decoding=\"async\" width=\"500\" height=\"328\" src=\"https:\/\/www.baslerservices.com\/wp-content\/uploads\/2025\/07\/Untitled-31.png\" class=\"img\" alt=\"\" loading=\"lazy\" title=\"\" srcset=\"https:\/\/www.baslerservices.com\/wp-content\/uploads\/2025\/07\/Untitled-31.png 500w, https:\/\/www.baslerservices.com\/wp-content\/uploads\/2025\/07\/Untitled-31-150x98.png 150w, https:\/\/www.baslerservices.com\/wp-content\/uploads\/2025\/07\/Untitled-31-414x272.png 414w\" sizes=\"auto, (max-width: 500px) 100vw, 500px\">        <\/picture>\n\n            <\/figure>\n\n\t\t\t\t<div class=\"content\">\n\t\t\t\t\t<div class=\"infos\">\n\t\t\t\t\t\t<h3 class=\"title\">Fehlersuche und Support<\/h3>\n\n                        \t\t\t\t\t\t\t<p class=\"excerpt\">Wenn Ihr Ger\u00e4t ausf\u00e4llt, brauchen Sie Hilfe. Unsere qualifizierten, sachkundigen Techniker verf\u00fcgen \u00fcber die notwendige Erfahrung, um Ihre Probleme zu verstehen und Ihre Fragen zu beantworten. Die Techniker von Basler Services bieten Ihnen eine kostenlose telefonische St\u00f6rungsbeseitigung an. Wenn Ihre Bed\u00fcrfnisse komplexer sind, schicken wir einen unserer Techniker zu Ihnen vor Ort, je nach Zeit- und Materialaufwand.   <\/p>\n                        \t\t\t\t\t<\/div>\n\n                    \t\t\t\t\t\t<div class=\"wrapper-button\">\n                            <a id=\"hammer_component_69d0e164973f9\" data-component=\"button\" class=\"component component-button button style-prim&auml;r\" href=\"https:\/\/www.basler.com\/service\/e2-engineering-troubleshooting-support\/\" target=\"\" title=\"Mehr erfahren\" aria-label=\"Mehr erfahren\">    <span class=\"button-wrapper\">\n                    <strong class=\"button-text\">Mehr erfahren<\/strong>\n        \n                    <span class=\"icon-wrapper\" aria-hidden=\"true\">\n                <span class=\"button-icon\">\n                    <?xml version=\"1.0\" encoding=\"UTF-8\"?> <svg xmlns=\"http:\/\/www.w3.org\/2000\/svg\" width=\"8\" height=\"8\" viewbox=\"0 0 8 8\" fill=\"currentColor\"><path fill-rule=\"evenodd\" clip-rule=\"evenodd\" d=\"M7.25606 1.27007L0.526065 8L0 7.47393L6.73 0.743975H0.789112V0H8.00004V7.21087H7.25606V1.27007Z\" fill=\"currentColor\"><\/path><\/svg>                 <\/span>\n            <\/span>\n            <\/span>\n    <\/a>\n\t\t\t\t\t\t<\/div>\n                    \t\t\t\t<\/div>\n\t\t\t<\/article>\n        \t\t\t<hr class=\"line\" role=\"presentation\"\/>\n\t\t\t<article class=\"post \" tabindex=\"0\">\n                <figure id=\"hammer_component_69d0e164975b1\" data-component=\"image\" class=\"component component-image image\">\n        <picture class=\"picture\">\n            <img decoding=\"async\" width=\"500\" height=\"328\" src=\"https:\/\/www.baslerservices.com\/wp-content\/uploads\/2025\/07\/Untitled-3-11.png\" class=\"img\" alt=\"\" loading=\"lazy\" title=\"\" srcset=\"https:\/\/www.baslerservices.com\/wp-content\/uploads\/2025\/07\/Untitled-3-11.png 500w, https:\/\/www.baslerservices.com\/wp-content\/uploads\/2025\/07\/Untitled-3-11-150x98.png 150w, https:\/\/www.baslerservices.com\/wp-content\/uploads\/2025\/07\/Untitled-3-11-414x272.png 414w\" sizes=\"auto, (max-width: 500px) 100vw, 500px\">        <\/picture>\n\n            <\/figure>\n\n\t\t\t\t<div class=\"content\">\n\t\t\t\t\t<div class=\"infos\">\n\t\t\t\t\t\t<h3 class=\"title\">Wartung und Pr\u00fcfung des Systems<\/h3>\n\n                        \t\t\t\t\t\t\t<p class=\"excerpt\">Ein qualitativ hochwertiges, regelm\u00e4\u00dfiges Systemwartungsprogramm durch die Experten von Basler Services gibt Ihnen die Informationen und Werkzeuge an die Hand, mit denen Sie die Zuverl\u00e4ssigkeit Ihrer Stromerzeugungsanlage erh\u00f6hen k\u00f6nnen. Eine regelm\u00e4\u00dfige Wartung erh\u00f6ht die Leistung der Anlage, verbessert die F\u00e4higkeit zur Fehlersuche im eigenen Haus und tr\u00e4gt dazu bei, die Betriebs- und Wartungskosten Ihrer Anlage insgesamt zu senken. <\/p>\n                        \t\t\t\t\t<\/div>\n\n                    \t\t\t\t\t\t<div class=\"wrapper-button\">\n                            <a id=\"hammer_component_69d0e16497cc3\" data-component=\"button\" class=\"component component-button button style-prim&auml;r\" href=\"https:\/\/www.basler.com\/service\/e2-engineering-system-maintenance-testing\/\" target=\"\" title=\"Mehr erfahren\" aria-label=\"Mehr erfahren\">    <span class=\"button-wrapper\">\n                    <strong class=\"button-text\">Mehr erfahren<\/strong>\n        \n                    <span class=\"icon-wrapper\" aria-hidden=\"true\">\n                <span class=\"button-icon\">\n                    <?xml version=\"1.0\" encoding=\"UTF-8\"?> <svg xmlns=\"http:\/\/www.w3.org\/2000\/svg\" width=\"8\" height=\"8\" viewbox=\"0 0 8 8\" fill=\"currentColor\"><path fill-rule=\"evenodd\" clip-rule=\"evenodd\" d=\"M7.25606 1.27007L0.526065 8L0 7.47393L6.73 0.743975H0.789112V0H8.00004V7.21087H7.25606V1.27007Z\" fill=\"currentColor\"><\/path><\/svg>                 <\/span>\n            <\/span>\n            <\/span>\n    <\/a>\n\t\t\t\t\t\t<\/div>\n                    \t\t\t\t<\/div>\n\t\t\t<\/article>\n        \t\t\t<hr class=\"line\" role=\"presentation\"\/>\n\t\t\t<article class=\"post \" tabindex=\"0\">\n                <figure id=\"hammer_component_69d0e16497e8d\" data-component=\"image\" class=\"component component-image image\">\n        <picture class=\"picture\">\n            <img decoding=\"async\" width=\"3840\" height=\"2160\" src=\"https:\/\/www.baslerservices.com\/wp-content\/uploads\/2025\/07\/Head_of_project_holds_laptop-e1752807211868.webp\" class=\"img\" alt=\"\" loading=\"lazy\" title=\"\">        <\/picture>\n\n            <\/figure>\n\n\t\t\t\t<div class=\"content\">\n\t\t\t\t\t<div class=\"infos\">\n\t\t\t\t\t\t<h3 class=\"title\">NERC-Einhaltungstests<\/h3>\n\n                        \t\t\t\t\t\t\t<p class=\"excerpt\">Es gibt entweder bereits Standards oder sie werden von regionalen Gremien entwickelt, die eine grundlegende und regelm\u00e4\u00dfige (alle f\u00fcnf Jahre) Pr\u00fcfung und Verifizierung von Kraftwerksmodellen f\u00fcr Bl\u00f6cke mit mehr als 10 MVA vorschreiben. Dies erfordert, dass die Parameter des Generators, des Erregungssystems, des Turbinenreglers, des \u00dcbererregungsbegrenzers und des Netzstabilisators durch einen Vergleich der simulierten dynamischen Reaktionen mit Feldtestmessungen \u00fcberpr\u00fcft werden. <\/p>\n                        \t\t\t\t\t<\/div>\n\n                    \t\t\t\t\t\t<div class=\"wrapper-button\">\n                            <a id=\"hammer_component_69d0e1649837b\" data-component=\"button\" class=\"component component-button button style-prim&auml;r\" href=\"https:\/\/www.basler.com\/service\/e2-engineering-nerc-compliance-testing\/\" target=\"\" title=\"Mehr erfahren\" aria-label=\"Mehr erfahren\">    <span class=\"button-wrapper\">\n                    <strong class=\"button-text\">Mehr erfahren<\/strong>\n        \n                    <span class=\"icon-wrapper\" aria-hidden=\"true\">\n                <span class=\"button-icon\">\n                    <?xml version=\"1.0\" encoding=\"UTF-8\"?> <svg xmlns=\"http:\/\/www.w3.org\/2000\/svg\" width=\"8\" height=\"8\" viewbox=\"0 0 8 8\" fill=\"currentColor\"><path fill-rule=\"evenodd\" clip-rule=\"evenodd\" d=\"M7.25606 1.27007L0.526065 8L0 7.47393L6.73 0.743975H0.789112V0H8.00004V7.21087H7.25606V1.27007Z\" fill=\"currentColor\"><\/path><\/svg>                 <\/span>\n            <\/span>\n            <\/span>\n    <\/a>\n\t\t\t\t\t\t<\/div>\n                    \t\t\t\t<\/div>\n\t\t\t<\/article>\n        \t\t\t<hr class=\"line\" role=\"presentation\"\/>\n\t\t\t<article class=\"post \" tabindex=\"0\">\n                <figure id=\"hammer_component_69d0e16498603\" data-component=\"image\" class=\"component component-image image\">\n        <picture class=\"picture\">\n            <img decoding=\"async\" width=\"3840\" height=\"2880\" src=\"https:\/\/www.baslerservices.com\/wp-content\/uploads\/2025\/06\/segrity-training-session.webp\" class=\"img\" alt=\"SEGRITY Training Session\" loading=\"lazy\" title=\"\" srcset=\"https:\/\/www.baslerservices.com\/wp-content\/uploads\/2025\/06\/segrity-training-session.webp 3840w, https:\/\/www.baslerservices.com\/wp-content\/uploads\/2025\/06\/segrity-training-session-768x576.webp 768w, https:\/\/www.baslerservices.com\/wp-content\/uploads\/2025\/06\/segrity-training-session-1024x768.webp 1024w, https:\/\/www.baslerservices.com\/wp-content\/uploads\/2025\/06\/segrity-training-session-150x113.webp 150w, https:\/\/www.baslerservices.com\/wp-content\/uploads\/2025\/06\/segrity-training-session-414x311.webp 414w, https:\/\/www.baslerservices.com\/wp-content\/uploads\/2025\/06\/segrity-training-session-1600x1200.webp 1600w, https:\/\/www.baslerservices.com\/wp-content\/uploads\/2025\/06\/segrity-training-session-1920x1440.webp 1920w\" sizes=\"auto, (max-width: 3840px) 100vw, 3840px\">        <\/picture>\n\n                    <figcaption class=\"caption\">SEGRITY Training Session<\/figcaption>\n            <\/figure>\n\n\t\t\t\t<div class=\"content\">\n\t\t\t\t\t<div class=\"infos\">\n\t\t\t\t\t\t<h3 class=\"title\">Technische Ausbildung<\/h3>\n\n                        \t\t\t\t\t\t\t<p class=\"excerpt\">Unser Ziel ist es, die Betriebe in ihrem Bestreben zu unterst\u00fctzen, die h\u00f6chste Effektivit\u00e4t ihrer eigenen technischen Mitarbeiter und Ger\u00e4te zu erreichen. Jedes Schulungsprogramm wird so entwickelt, dass es den spezifischen Bed\u00fcrfnissen unserer Kunden entspricht. Wir strukturieren die Kursinhalte so, dass sie sowohl die Hintergrundinformationen als auch den Weg nach vorne f\u00fcr Ihr System vermitteln.  <\/p>\n                        \t\t\t\t\t<\/div>\n\n                    \t\t\t\t\t\t<div class=\"wrapper-button\">\n                            <a id=\"hammer_component_69d0e16498d02\" data-component=\"button\" class=\"component component-button button style-prim&auml;r\" href=\"https:\/\/www.basler.com\/service\/e2-engineering-technical-training\/\" target=\"\" title=\"Mehr erfahren\" aria-label=\"Mehr erfahren\">    <span class=\"button-wrapper\">\n                    <strong class=\"button-text\">Mehr erfahren<\/strong>\n        \n                    <span class=\"icon-wrapper\" aria-hidden=\"true\">\n                <span class=\"button-icon\">\n                    <?xml version=\"1.0\" encoding=\"UTF-8\"?> <svg xmlns=\"http:\/\/www.w3.org\/2000\/svg\" width=\"8\" height=\"8\" viewbox=\"0 0 8 8\" fill=\"currentColor\"><path fill-rule=\"evenodd\" clip-rule=\"evenodd\" d=\"M7.25606 1.27007L0.526065 8L0 7.47393L6.73 0.743975H0.789112V0H8.00004V7.21087H7.25606V1.27007Z\" fill=\"currentColor\"><\/path><\/svg>                 <\/span>\n            <\/span>\n            <\/span>\n    <\/a>\n\t\t\t\t\t\t<\/div>\n                    \t\t\t\t<\/div>\n\t\t\t<\/article>\n        \t\t<hr class=\"line\" role=\"presentation\"\/>\n\t<\/div>\n    <\/section>","protected":false},"excerpt":{"rendered":"","protected":false},"author":1,"featured_media":0,"parent":53612,"menu_order":0,"comment_status":"closed","ping_status":"closed","template":"","meta":{"_acf_changed":false,"content-type":"","inline_featured_image":false,"ep_exclude_from_search":false,"footnotes":""},"class_list":["post-53941","page","type-page","status-publish","hentry"],"acf":[],"yoast_head":"<!-- This site is optimized with the Yoast SEO plugin v26.3 - https:\/\/yoast.com\/wordpress\/plugins\/seo\/ -->\n<title>Vor-Ort-Dienste | Basler Electric<\/title>\n<meta name=\"robots\" content=\"index, follow, max-snippet:-1, max-image-preview:large, max-video-preview:-1\" \/>\n<link rel=\"canonical\" href=\"https:\/\/www.baslerservices.com\/de\/e%c2%b2-ingenieurdienstleistungen\/vor-ort-dienste\/\" \/>\n<meta property=\"og:locale\" content=\"de_DE\" \/>\n<meta property=\"og:type\" content=\"article\" \/>\n<meta property=\"og:title\" content=\"Vor-Ort-Dienste | Basler Electric\" \/>\n<meta property=\"og:url\" content=\"https:\/\/www.baslerservices.com\/de\/e%c2%b2-ingenieurdienstleistungen\/vor-ort-dienste\/\" \/>\n<meta property=\"og:site_name\" content=\"Basler Electric\" \/>\n<meta property=\"article:modified_time\" content=\"2025-09-10T22:17:49+00:00\" \/>\n<meta property=\"og:image\" content=\"https:\/\/www.baslerservices.com\/wp-content\/uploads\/2025\/07\/Basler-Default-Image.jpg\" \/>\n\t<meta property=\"og:image:width\" content=\"1920\" \/>\n\t<meta property=\"og:image:height\" content=\"1080\" \/>\n\t<meta property=\"og:image:type\" content=\"image\/jpeg\" \/>\n<meta name=\"twitter:card\" content=\"summary_large_image\" \/>\n<script type=\"application\/ld+json\" class=\"yoast-schema-graph\">{\"@context\":\"https:\/\/schema.org\",\"@graph\":[{\"@type\":\"WebPage\",\"@id\":\"https:\/\/www.baslerservices.com\/de\/e%c2%b2-ingenieurdienstleistungen\/vor-ort-dienste\/\",\"url\":\"https:\/\/www.baslerservices.com\/de\/e%c2%b2-ingenieurdienstleistungen\/vor-ort-dienste\/\",\"name\":\"Vor-Ort-Dienste | Basler Electric\",\"isPartOf\":{\"@id\":\"https:\/\/catalog.basler.com\/#website\"},\"datePublished\":\"2025-07-15T04:04:25+00:00\",\"dateModified\":\"2025-09-10T22:17:49+00:00\",\"breadcrumb\":{\"@id\":\"https:\/\/www.baslerservices.com\/de\/e%c2%b2-ingenieurdienstleistungen\/vor-ort-dienste\/#breadcrumb\"},\"inLanguage\":\"de-DE\",\"potentialAction\":[{\"@type\":\"ReadAction\",\"target\":[\"https:\/\/www.baslerservices.com\/de\/e%c2%b2-ingenieurdienstleistungen\/vor-ort-dienste\/\"]}]},{\"@type\":\"BreadcrumbList\",\"@id\":\"https:\/\/www.baslerservices.com\/de\/e%c2%b2-ingenieurdienstleistungen\/vor-ort-dienste\/#breadcrumb\",\"itemListElement\":[{\"@type\":\"ListItem\",\"position\":1,\"name\":\"Home\",\"item\":\"https:\/\/e2powersystems.com\/de\/\"},{\"@type\":\"ListItem\",\"position\":2,\"name\":\"E\u00b2 Ingenieurdienstleistungen\",\"item\":\"https:\/\/www.basler.com\/de\/e%c2%b2-ingenieurdienstleistungen\/\"},{\"@type\":\"ListItem\",\"position\":3,\"name\":\"Vor-Ort-Dienste\"}]},{\"@type\":\"WebSite\",\"@id\":\"https:\/\/catalog.basler.com\/#website\",\"url\":\"https:\/\/catalog.basler.com\/\",\"name\":\"Basler Electric\",\"description\":\"\",\"publisher\":{\"@id\":\"https:\/\/catalog.basler.com\/#organization\"},\"potentialAction\":[{\"@type\":\"SearchAction\",\"target\":{\"@type\":\"EntryPoint\",\"urlTemplate\":\"https:\/\/catalog.basler.com\/?s={search_term_string}\"},\"query-input\":{\"@type\":\"PropertyValueSpecification\",\"valueRequired\":true,\"valueName\":\"search_term_string\"}}],\"inLanguage\":\"de-DE\"},{\"@type\":\"Organization\",\"@id\":\"https:\/\/catalog.basler.com\/#organization\",\"name\":\"Basler Electric\",\"url\":\"https:\/\/catalog.basler.com\/\",\"logo\":{\"@type\":\"ImageObject\",\"inLanguage\":\"de-DE\",\"@id\":\"https:\/\/catalog.basler.com\/#\/schema\/logo\/image\/\",\"url\":\"https:\/\/www.basler.com\/wp-content\/uploads\/2025\/10\/Basler-Logo-Favicon.png\",\"contentUrl\":\"https:\/\/www.basler.com\/wp-content\/uploads\/2025\/10\/Basler-Logo-Favicon.png\",\"width\":512,\"height\":512,\"caption\":\"Basler Electric\"},\"image\":{\"@id\":\"https:\/\/catalog.basler.com\/#\/schema\/logo\/image\/\"}}]}<\/script>\n<!-- \/ Yoast SEO plugin. -->","yoast_head_json":{"title":"Vor-Ort-Dienste | Basler Electric","robots":{"index":"index","follow":"follow","max-snippet":"max-snippet:-1","max-image-preview":"max-image-preview:large","max-video-preview":"max-video-preview:-1"},"canonical":"https:\/\/www.baslerservices.com\/de\/e%c2%b2-ingenieurdienstleistungen\/vor-ort-dienste\/","og_locale":"de_DE","og_type":"article","og_title":"Vor-Ort-Dienste | Basler Electric","og_url":"https:\/\/www.baslerservices.com\/de\/e%c2%b2-ingenieurdienstleistungen\/vor-ort-dienste\/","og_site_name":"Basler Electric","article_modified_time":"2025-09-10T22:17:49+00:00","og_image":[{"width":1920,"height":1080,"url":"https:\/\/www.baslerservices.com\/wp-content\/uploads\/2025\/07\/Basler-Default-Image.jpg","type":"image\/jpeg"}],"twitter_card":"summary_large_image","schema":{"@context":"https:\/\/schema.org","@graph":[{"@type":"WebPage","@id":"https:\/\/www.baslerservices.com\/de\/e%c2%b2-ingenieurdienstleistungen\/vor-ort-dienste\/","url":"https:\/\/www.baslerservices.com\/de\/e%c2%b2-ingenieurdienstleistungen\/vor-ort-dienste\/","name":"Vor-Ort-Dienste | Basler Electric","isPartOf":{"@id":"https:\/\/catalog.basler.com\/#website"},"datePublished":"2025-07-15T04:04:25+00:00","dateModified":"2025-09-10T22:17:49+00:00","breadcrumb":{"@id":"https:\/\/www.baslerservices.com\/de\/e%c2%b2-ingenieurdienstleistungen\/vor-ort-dienste\/#breadcrumb"},"inLanguage":"de-DE","potentialAction":[{"@type":"ReadAction","target":["https:\/\/www.baslerservices.com\/de\/e%c2%b2-ingenieurdienstleistungen\/vor-ort-dienste\/"]}]},{"@type":"BreadcrumbList","@id":"https:\/\/www.baslerservices.com\/de\/e%c2%b2-ingenieurdienstleistungen\/vor-ort-dienste\/#breadcrumb","itemListElement":[{"@type":"ListItem","position":1,"name":"Home","item":"https:\/\/e2powersystems.com\/de\/"},{"@type":"ListItem","position":2,"name":"E\u00b2 Ingenieurdienstleistungen","item":"https:\/\/www.basler.com\/de\/e%c2%b2-ingenieurdienstleistungen\/"},{"@type":"ListItem","position":3,"name":"Vor-Ort-Dienste"}]},{"@type":"WebSite","@id":"https:\/\/catalog.basler.com\/#website","url":"https:\/\/catalog.basler.com\/","name":"Basler Electric","description":"","publisher":{"@id":"https:\/\/catalog.basler.com\/#organization"},"potentialAction":[{"@type":"SearchAction","target":{"@type":"EntryPoint","urlTemplate":"https:\/\/catalog.basler.com\/?s={search_term_string}"},"query-input":{"@type":"PropertyValueSpecification","valueRequired":true,"valueName":"search_term_string"}}],"inLanguage":"de-DE"},{"@type":"Organization","@id":"https:\/\/catalog.basler.com\/#organization","name":"Basler Electric","url":"https:\/\/catalog.basler.com\/","logo":{"@type":"ImageObject","inLanguage":"de-DE","@id":"https:\/\/catalog.basler.com\/#\/schema\/logo\/image\/","url":"https:\/\/www.basler.com\/wp-content\/uploads\/2025\/10\/Basler-Logo-Favicon.png","contentUrl":"https:\/\/www.basler.com\/wp-content\/uploads\/2025\/10\/Basler-Logo-Favicon.png","width":512,"height":512,"caption":"Basler Electric"},"image":{"@id":"https:\/\/catalog.basler.com\/#\/schema\/logo\/image\/"}}]}},"_links":{"self":[{"href":"https:\/\/www.baslerservices.com\/de\/wp-json\/wp\/v2\/pages\/53941","targetHints":{"allow":["GET"]}}],"collection":[{"href":"https:\/\/www.baslerservices.com\/de\/wp-json\/wp\/v2\/pages"}],"about":[{"href":"https:\/\/www.baslerservices.com\/de\/wp-json\/wp\/v2\/types\/page"}],"author":[{"embeddable":true,"href":"https:\/\/www.baslerservices.com\/de\/wp-json\/wp\/v2\/users\/1"}],"replies":[{"embeddable":true,"href":"https:\/\/www.baslerservices.com\/de\/wp-json\/wp\/v2\/comments?post=53941"}],"version-history":[{"count":1,"href":"https:\/\/www.baslerservices.com\/de\/wp-json\/wp\/v2\/pages\/53941\/revisions"}],"predecessor-version":[{"id":53944,"href":"https:\/\/www.baslerservices.com\/de\/wp-json\/wp\/v2\/pages\/53941\/revisions\/53944"}],"up":[{"embeddable":true,"href":"https:\/\/www.baslerservices.com\/de\/wp-json\/wp\/v2\/pages\/53612"}],"wp:attachment":[{"href":"https:\/\/www.baslerservices.com\/de\/wp-json\/wp\/v2\/media?parent=53941"}],"curies":[{"name":"wp","href":"https:\/\/api.w.org\/{rel}","templated":true}]}}